{"id":1766,"date":"2021-06-25T11:15:08","date_gmt":"2021-06-25T09:15:08","guid":{"rendered":"https:\/\/paryskiesalonyromantykow.pl\/?page_id=1766"},"modified":"2021-06-25T11:15:09","modified_gmt":"2021-06-25T09:15:09","slug":"jan-czeczot","status":"publish","type":"page","link":"https:\/\/paryskiesalonyromantykow.pl\/index.php\/jan-czeczot\/","title":{"rendered":"Jan Czeczot"},"content":{"rendered":"\n<figure class=\"wp-block-table aligncenter is-style-stripes\"><table><tbody><tr><td class=\"has-text-align-left\" data-align=\"left\"><img loading=\"lazy\" width=\"1300\" height=\"1108\" class=\"wp-image-1767\" style=\"width: 200px;\" src=\"http:\/\/paryskiesalonyromantykow.pl\/wp-content\/uploads\/2021\/06\/jan-czeczot-forum.jpg\" alt=\"\" srcset=\"https:\/\/paryskiesalonyromantykow.pl\/wp-content\/uploads\/2021\/06\/jan-czeczot-forum.jpg 1300w, https:\/\/paryskiesalonyromantykow.pl\/wp-content\/uploads\/2021\/06\/jan-czeczot-forum-300x256.jpg 300w, https:\/\/paryskiesalonyromantykow.pl\/wp-content\/uploads\/2021\/06\/jan-czeczot-forum-1024x873.jpg 1024w, https:\/\/paryskiesalonyromantykow.pl\/wp-content\/uploads\/2021\/06\/jan-czeczot-forum-768x655.jpg 768w\" sizes=\"(max-width: 1300px) 100vw, 1300px\" \/><\/td><td>Jan Czeczot<\/td><\/tr><tr><td class=\"has-text-align-left\" data-align=\"left\"><strong>Data i miejsce urodzenia<\/strong><\/td><td>24 czerwca 1796 roku<br>Maluszyce<\/td><\/tr><tr><td class=\"has-text-align-left\" data-align=\"left\"><strong>Data i miejsce \u015bmierci<\/strong><\/td><td>23 sierpnia 1847 roku<br>Rotnica (obecnie Druskienniki)<\/td><\/tr><tr><td class=\"has-text-align-left\" data-align=\"left\"><strong>Rodzice<\/strong><\/td><td>Tadeusz<br>Klara z Haciskich<\/td><\/tr><tr><td class=\"has-text-align-left\" data-align=\"left\"><strong>Rodze\u0144stwo<\/strong><\/td><td>Piotr (1806-?)<\/td><\/tr><\/tbody><\/table><\/figure>\n\n\n\n<p>Jan Czeczot, poeta, filomata i etnograf, przyjaciel <a href=\"https:\/\/paryskiesalonyromantykow.pl\/index.php\/adam-mickiewicz\/\" data-type=\"page\" data-id=\"138\">Adama Mickiewicza<\/a>, by\u0142 synem rotmistrza nowogr\u00f3dzkiego, Tadeusza, rz\u0105dcy maj\u0105tkuhrabiego Antoniego Tzynehauza i jego \u017cony Klary z Haciskich. Uczy\u0142 si\u0119 w szkole powiatowej prowadzonej przez ojc\u00f3w dominikan\u00f3w w Nowogr\u00f3dku, gdzie zaprzyja\u017ani\u0142 si\u0119 serdecznie z Adamem Mickiewiczem. Obaj postanowili rozpocz\u0105\u0107 nauk\u0119 w Wile\u0144skim Instytucie Medycznym, gdy jednak ich zg\u0142oszenia zosta\u0142y odrzucone, zapisali si\u0119 na Uniwersytet Wile\u0144ski. Czeczot prawdopodobnie nie zda\u0142 egzamin\u00f3w wst\u0119pnych.<\/p>\n\n\n\n<p>Rozpocz\u0119te studia musia\u0142 przerwa\u0107 z powod\u00f3w finansowych i znalaz\u0142 prac\u0119 pisarza w maj\u0105tku Radziwi\u0142\u0142\u00f3w. Niebawem zosta\u0142 przyj\u0119ty w poczet Towarzystwa Filomat\u00f3w jako cz\u0142onek korespondent, a nast\u0119pnie jako sekretarz. Zakocha\u0142 si\u0119 wtedy w siostrze <a href=\"https:\/\/paryskiesalonyromantykow.pl\/index.php\/franciszek-malewski\/\" data-type=\"page\" data-id=\"375\">Franciszka Malewskiego<\/a>, Zofii.<\/p>\n\n\n\n<p>Po rozwi\u0105zaniu Towarzystwa skupi\u0142 wok\u00f3\u0142 siebie m\u0142odzie\u017c o ambicjach literackich i za\u0142o\u017cy\u0142 klub poetycki Kastala. W czasie procesu filomat\u00f3w zosta\u0142 aresztowany, a nast\u0119pnie skazany na 6 miesi\u0119cy twierdzy i na bezterminowe zes\u0142anie w g\u0142\u0105b Rosji. Drog\u0119 do Orenburga przeby\u0142 wraz z przyjaci\u00f3\u0142mi, <a href=\"https:\/\/paryskiesalonyromantykow.pl\/index.php\/tomasz-zan\/\" data-type=\"page\" data-id=\"217\">Tomaszem Zanem<\/a> i Adamem Suzinem. Po odbyciu kary wi\u0119zienia w Kizylu wys\u0142ano go do Ufy, gdzie pracowa\u0142 jako guwerner. Z czasem dosta\u0142 pozwolenie na prac\u0119 jako urz\u0119dnik pa\u0144stwowy. Nieprzerwanie prowadzi\u0142 korespondencj\u0119 z przyjaci\u00f3\u0142mi, wygnanie za\u015b wykorzysta\u0142 w celu gromadzenia pie\u015bni i przys\u0142\u00f3w ludowych rosyjskich, ukrai\u0144skich i bia\u0142oruskich.<\/p>\n\n\n\n<p>Na Litw\u0119 wr\u00f3ci\u0142 dopiero w 1841 roku. Zosta\u0142 bibliotekarzem w Szczorsach u hrabiego Adama Chreptowicza, a po jego \u015bmierci przebywa\u0142 w Bartnikach u filaret\u00f3w Ottona i Rafa\u0142a \u015ali\u017ani\u00f3w. Nadal gromadzi\u0142 ludowe piosenki, kt\u00f3re t\u0142umaczy\u0142 i wydawa\u0142 tomikami w latach 1837-1846. Jego w\u0142asne teksty ukaza\u0142y si\u0119 w 1846 roku w zbiorku &#8222;Pie\u015bni ziemianina&#8221;. W roku nast\u0119pnym dla poratowania zdrowia uda\u0142 si\u0119 do Druskiennik, gdzie zmar\u0142 w wieku 51 lat. Pochowano go w pobliskiej Rotnicy.<\/p>\n","protected":false},"excerpt":{"rendered":"<p>Jan Czeczot Data i miejsce urodzenia 24 czerwca 1796 rokuMaluszyce Data i miejsce \u015bmierci 23 sierpnia 1847 rokuRotnica (obecnie Druskienniki) Rodzice TadeuszKlara z Haciskich Rodze\u0144stwo Piotr (1806-?) Jan Czeczot, poeta, filomata i etnograf, przyjaciel Adama Mickiewicza, by\u0142 synem rotmistrza nowogr\u00f3dzkiego, Tadeusza, rz\u0105dcy maj\u0105tkuhrabiego Antoniego Tzynehauza i jego \u017cony Klary z Haciskich. Uczy\u0142 si\u0119 w szkole [&hellip;]<\/p>\n","protected":false},"author":1,"featured_media":0,"parent":0,"menu_order":0,"comment_status":"closed","ping_status":"closed","template":"","meta":[],"_links":{"self":[{"href":"https:\/\/paryskiesalonyromantykow.pl\/index.php\/wp-json\/wp\/v2\/pages\/1766"}],"collection":[{"href":"https:\/\/paryskiesalonyromantykow.pl\/index.php\/wp-json\/wp\/v2\/pages"}],"about":[{"href":"https:\/\/paryskiesalonyromantykow.pl\/index.php\/wp-json\/wp\/v2\/types\/page"}],"author":[{"embeddable":true,"href":"https:\/\/paryskiesalonyromantykow.pl\/index.php\/wp-json\/wp\/v2\/users\/1"}],"replies":[{"embeddable":true,"href":"https:\/\/paryskiesalonyromantykow.pl\/index.php\/wp-json\/wp\/v2\/comments?post=1766"}],"version-history":[{"count":1,"href":"https:\/\/paryskiesalonyromantykow.pl\/index.php\/wp-json\/wp\/v2\/pages\/1766\/revisions"}],"predecessor-version":[{"id":1769,"href":"https:\/\/paryskiesalonyromantykow.pl\/index.php\/wp-json\/wp\/v2\/pages\/1766\/revisions\/1769"}],"wp:attachment":[{"href":"https:\/\/paryskiesalonyromantykow.pl\/index.php\/wp-json\/wp\/v2\/media?parent=1766"}],"curies":[{"name":"wp","href":"https:\/\/api.w.org\/{rel}","templated":true}]}}