{"id":176,"date":"2021-01-09T14:20:29","date_gmt":"2021-01-09T13:20:29","guid":{"rendered":"http:\/\/paryskiesalonyromantykow.pl\/?page_id=176"},"modified":"2021-03-09T12:46:49","modified_gmt":"2021-03-09T11:46:49","slug":"cyprian-norwid","status":"publish","type":"page","link":"https:\/\/paryskiesalonyromantykow.pl\/index.php\/cyprian-norwid\/","title":{"rendered":"Cyprian Norwid"},"content":{"rendered":"\n<figure class=\"wp-block-table aligncenter is-style-stripes\"><table><tbody><tr><td class=\"has-text-align-left\" data-align=\"left\"><img loading=\"lazy\" width=\"1000\" height=\"1000\" class=\"wp-image-178\" style=\"width: 200px;\" src=\"http:\/\/paryskiesalonyromantykow.pl\/wp-content\/uploads\/2021\/01\/pjimage-4-1.jpg\" alt=\"\" srcset=\"https:\/\/paryskiesalonyromantykow.pl\/wp-content\/uploads\/2021\/01\/pjimage-4-1.jpg 1000w, https:\/\/paryskiesalonyromantykow.pl\/wp-content\/uploads\/2021\/01\/pjimage-4-1-300x300.jpg 300w, https:\/\/paryskiesalonyromantykow.pl\/wp-content\/uploads\/2021\/01\/pjimage-4-1-150x150.jpg 150w, https:\/\/paryskiesalonyromantykow.pl\/wp-content\/uploads\/2021\/01\/pjimage-4-1-768x768.jpg 768w\" sizes=\"(max-width: 1000px) 100vw, 1000px\" \/><\/td><td>Cyprian Ksawery Gerard Walenty Norwid<\/td><\/tr><tr><td class=\"has-text-align-left\" data-align=\"left\"><strong>Data i miejsce urodzenia<\/strong><\/td><td>24 wrze\u015bnia 1821 roku<br>Laskowo-G\u0142uchy (dzi\u015b G\u0142uchy)<\/td><\/tr><tr><td class=\"has-text-align-left\" data-align=\"left\"><strong>Data i miejsce \u015bmierci<\/strong><\/td><td>23 maja 1883 roku<br>Pary\u017c<\/td><\/tr><tr><td class=\"has-text-align-left\" data-align=\"left\"><strong>Rodzice<\/strong><\/td><td>Jan Norwid (1784-1835)<br>Ludwika ze Zdzieborskich (1798-1825)<\/td><\/tr><tr><td class=\"has-text-align-left\" data-align=\"left\"><strong>Rodze\u0144stwo<\/strong><\/td><td><a href=\"https:\/\/paryskiesalonyromantykow.pl\/index.php\/ludwik-norwid\/\" data-type=\"page\" data-id=\"265\">Ludwik (1818-1881)<\/a><br><a href=\"https:\/\/paryskiesalonyromantykow.pl\/index.php\/paulina-suska\/\" data-type=\"page\" data-id=\"1582\">Paulina (1820-1860)<\/a><br><a href=\"https:\/\/paryskiesalonyromantykow.pl\/index.php\/ksawery-norwid\/\" data-type=\"page\" data-id=\"1574\">Ksawery (1825-1864)<\/a><\/td><\/tr><\/tbody><\/table><\/figure>\n\n\n\n<p>Cyprian Norwid, jeden z najwi\u0119kszych polskich poet\u00f3w, a tak\u017ce malarz, grafik, rze\u017abiarz i filozof, przyszed\u0142 na \u015bwiat we wsi Laskowo G\u0142uchy jako trzecie z czworga dzieci Jana Norwida i jego trzeciej \u017cony Ludwiki ze Zdzieborskich, do kt\u00f3rej nale\u017ca\u0142a owa wie\u015b. Matka zmar\u0142a nied\u0142ugo po urodzeniu najm\u0142odszego potomka, <a href=\"https:\/\/paryskiesalonyromantykow.pl\/index.php\/ksawery-norwid\/\" data-type=\"page\" data-id=\"1574\">Ksawerego<\/a>, a dzieci wychowywa\u0142a prababka, Hilaria Sobieska, kt\u00f3rej przodkiem (a przez to i samego poety) by\u0142 pono\u0107 Jan III Sobieski. Po \u015bmierci Hilarii i wybuchu powstania listopadowego Jan wraz z ca\u0142\u0105 rodzin\u0105 przeni\u00f3s\u0142 si\u0119 do Warszawy. Niestety stan jego zdrowia stopniowo si\u0119 pogarsza\u0142, a na dodatek wtr\u0105cono go do wi\u0119zienia za niesp\u0142acone d\u0142ugi. Jan Norwid zmar\u0142 w 1835 roku, a na opiekuna jego dzieci wyznaczono Ksawerego Dybowskiego. W tym czasie Cyprian zapisa\u0142 si\u0119 do szko\u0142y malarskiej prowadzonej przez Aleksandra Kokulara przy Krakowskim Przedmie\u015bciu.<\/p>\n\n\n\n<p>Zach\u0119cony pr\u00f3bami literackimi starszego brata, <a href=\"https:\/\/paryskiesalonyromantykow.pl\/index.php\/ludwik-norwid\/\" data-type=\"page\" data-id=\"265\">Ludwika<\/a>, w 1840 roku opublikowa\u0142 anonimowo &#8222;M\u00f3j ostatni sonet&#8221; na \u0142amach &#8222;Pi\u015bmiennictwa Krajowego&#8221;. Norwidowie nawi\u0105zali kontakt z Cyganeri\u0105 Warszawsk\u0105 i zacz\u0119li bywa\u0107 na salonach. Cyprian jednak postanowi\u0142 wyjecha\u0107 za granic\u0119, oficjalnie w celu doskonalenia sztuki rze\u017abiarskiej. Uda\u0142 si\u0119 do Drezna i Monachium, a nast\u0119pnie do W\u0142och. W 1845 roku w Rzymie przyst\u0105pi\u0142 do bierzmowania, przyjmuj\u0105c dodatkowe imi\u0119 Kamil. Zakocha\u0142 si\u0119 wtedy w poznanej we Florencji <a href=\"https:\/\/paryskiesalonyromantykow.pl\/index.php\/maria-kalergis\/\" data-type=\"page\" data-id=\"398\">Marii Kalergis<\/a>, pi\u0119knej i bogatej arystokratce, ona jednak nie by\u0142a nim zainteresowana. Nie zniech\u0119ci\u0142o to artysty, kt\u00f3ry pomimo stale szczuplej\u0105cych zasob\u00f3w finansowych podr\u00f3\u017cowa\u0142 krok w krok za ukochan\u0105. W Berlinie ucz\u0119szcza\u0142 jako wolny s\u0142uchacz na wyk\u0142ady uniwersyteckie, lecz niespodziewanie aresztowano go za rzekomy udzia\u0142 w konspiracji i zmuszono do wyjazdu z Prus. Uda\u0142 si\u0119 do Rzymu, gdzie pozna\u0142 hrabiego <a href=\"https:\/\/paryskiesalonyromantykow.pl\/index.php\/zygmunt-krasinski\/\" data-type=\"page\" data-id=\"494\">Zygmunta Krasi\u0144skiego<\/a>, a tak\u017ce <a href=\"https:\/\/paryskiesalonyromantykow.pl\/index.php\/adam-mickiewicz\/\" data-type=\"page\" data-id=\"138\">Adama Mickiewicza<\/a>, kt\u00f3ry przygotowywa\u0142 si\u0119 do utworzenia Legionu Polskiego.<\/p>\n\n\n\n<p>Po wydarzeniach Wiosny Lud\u00f3w przeni\u00f3sl si\u0119 do Pary\u017ca, gdzie pozna\u0142 <a href=\"https:\/\/paryskiesalonyromantykow.pl\/index.php\/juliusz-slowacki\/\" data-type=\"page\" data-id=\"153\">Juliusza S\u0142owackiego<\/a> i <a href=\"https:\/\/paryskiesalonyromantykow.pl\/index.php\/fryderyk-chopin\/\" data-type=\"page\" data-id=\"167\">Fryderyka Chopina<\/a>. Rozczarowany niepowodzeniami mi\u0142osnymi z Mari\u0105 Kalergis pr\u00f3bowa\u0142 zbli\u017cy\u0107 si\u0119 do jej przyjaci\u00f3\u0142ki, Marii Tr\u0119bickiej, lecz ona odrzuci\u0142a jego niezgrabne o\u015bwiadczyny. R\u00f3wnie\u017c jego poezja nie znajdowa\u0142a zrozumienia ani docenienia w\u015br\u00f3d emigracji. Poeta postanowi\u0142 uda\u0107 si\u0119 do Ameryki, gdzie utrzymywa\u0142 si\u0119 z rze\u017aby i rysunku, ledwo wi\u0105\u017c\u0105c koniec z ko\u0144cem.<\/p>\n\n\n\n<p>W 1854 roku wr\u00f3ci\u0142 do Pary\u017ca, gdzie pozosta\u0142 ju\u017c do ko\u0144ca \u017cycia. W\u015br\u00f3d emigracji uchodzi\u0142 za dziwaka tworz\u0105cego niezrozumia\u0142e, przekomplikowane wiersze. Nieliczni przyjaciele usi\u0142owali pomaga\u0107 mu finansowo, on jednak podupada\u0142 coraz bardziej na zdrowiu. M\u0119czy\u0142a go gru\u017alica, traci\u0142 r\u00f3wnie\u017c s\u0142uch. Zbli\u017cy\u0142 si\u0119 z pisark\u0105 i felietonistk\u0105 <a href=\"https:\/\/paryskiesalonyromantykow.pl\/index.php\/zofia-wegierska\/\" data-type=\"page\" data-id=\"275\">Zofi\u0105 W\u0119giersk\u0105<\/a>, kt\u00f3ra nagle zmar\u0142a, co pogr\u0105\u017cy\u0142o go w jeszcze g\u0142\u0119bszej depresji. Nawi\u0105za\u0142 r\u00f3wnie\u017c romans z pisark\u0105 <a href=\"https:\/\/paryskiesalonyromantykow.pl\/index.php\/maria-sadowska\/\" data-type=\"page\" data-id=\"522\">Mari\u0105 Sadowsk\u0105<\/a>. Coraz trudniej przychodzi\u0142o mu samodzielnie egzystowanie, a\u017c bliscy postanowili umie\u015bci\u0107 go w Domu \u015bw. Kazimierza na przedmie\u015bciu Ivry na peryferiach Pary\u017ca. Tam te\u017c zmar\u0142, zapomniany przez wszystkich, i tam\u017ce zosta\u0142 pochowany. Gdy po pi\u0119ciu latach wygas\u0142a licencja na zachowanie nagrobka, jego szcz\u0105tki przeniesiono do zbiorowej mogi\u0142y polskiej w Montmorency.<\/p>\n","protected":false},"excerpt":{"rendered":"<p>Cyprian Ksawery Gerard Walenty Norwid Data i miejsce urodzenia 24 wrze\u015bnia 1821 rokuLaskowo-G\u0142uchy (dzi\u015b G\u0142uchy) Data i miejsce \u015bmierci 23 maja 1883 rokuPary\u017c Rodzice Jan Norwid (1784-1835)Ludwika ze Zdzieborskich (1798-1825) Rodze\u0144stwo Ludwik (1818-1881)Paulina (1820-1860)Ksawery (1825-1864) Cyprian Norwid, jeden z najwi\u0119kszych polskich poet\u00f3w, a tak\u017ce malarz, grafik, rze\u017abiarz i filozof, przyszed\u0142 na \u015bwiat we wsi Laskowo [&hellip;]<\/p>\n","protected":false},"author":1,"featured_media":0,"parent":0,"menu_order":0,"comment_status":"closed","ping_status":"closed","template":"","meta":[],"_links":{"self":[{"href":"https:\/\/paryskiesalonyromantykow.pl\/index.php\/wp-json\/wp\/v2\/pages\/176"}],"collection":[{"href":"https:\/\/paryskiesalonyromantykow.pl\/index.php\/wp-json\/wp\/v2\/pages"}],"about":[{"href":"https:\/\/paryskiesalonyromantykow.pl\/index.php\/wp-json\/wp\/v2\/types\/page"}],"author":[{"embeddable":true,"href":"https:\/\/paryskiesalonyromantykow.pl\/index.php\/wp-json\/wp\/v2\/users\/1"}],"replies":[{"embeddable":true,"href":"https:\/\/paryskiesalonyromantykow.pl\/index.php\/wp-json\/wp\/v2\/comments?post=176"}],"version-history":[{"count":6,"href":"https:\/\/paryskiesalonyromantykow.pl\/index.php\/wp-json\/wp\/v2\/pages\/176\/revisions"}],"predecessor-version":[{"id":1591,"href":"https:\/\/paryskiesalonyromantykow.pl\/index.php\/wp-json\/wp\/v2\/pages\/176\/revisions\/1591"}],"wp:attachment":[{"href":"https:\/\/paryskiesalonyromantykow.pl\/index.php\/wp-json\/wp\/v2\/media?parent=176"}],"curies":[{"name":"wp","href":"https:\/\/api.w.org\/{rel}","templated":true}]}}