{"id":1725,"date":"2021-06-08T11:36:48","date_gmt":"2021-06-08T09:36:48","guid":{"rendered":"https:\/\/paryskiesalonyromantykow.pl\/?page_id=1725"},"modified":"2021-06-08T11:53:05","modified_gmt":"2021-06-08T09:53:05","slug":"robert-schumann","status":"publish","type":"page","link":"https:\/\/paryskiesalonyromantykow.pl\/index.php\/robert-schumann\/","title":{"rendered":"Robert Schumann"},"content":{"rendered":"\n<figure class=\"wp-block-table aligncenter is-style-stripes\"><table><tbody><tr><td class=\"has-text-align-left\" data-align=\"left\"><img loading=\"lazy\" width=\"1000\" height=\"1000\" class=\"wp-image-1727\" style=\"width: 200px;\" src=\"http:\/\/paryskiesalonyromantykow.pl\/wp-content\/uploads\/2021\/06\/pjimage-4-1.jpg\" alt=\"\" srcset=\"https:\/\/paryskiesalonyromantykow.pl\/wp-content\/uploads\/2021\/06\/pjimage-4-1.jpg 1000w, https:\/\/paryskiesalonyromantykow.pl\/wp-content\/uploads\/2021\/06\/pjimage-4-1-300x300.jpg 300w, https:\/\/paryskiesalonyromantykow.pl\/wp-content\/uploads\/2021\/06\/pjimage-4-1-150x150.jpg 150w, https:\/\/paryskiesalonyromantykow.pl\/wp-content\/uploads\/2021\/06\/pjimage-4-1-768x768.jpg 768w\" sizes=\"(max-width: 1000px) 100vw, 1000px\" \/><\/td><td>Robert Alexander Schumann<\/td><\/tr><tr><td class=\"has-text-align-left\" data-align=\"left\"><strong>Data i miejsce urodzenia<\/strong><\/td><td>8 czerwca 1810 roku<br>Zwickau<\/td><\/tr><tr><td class=\"has-text-align-left\" data-align=\"left\"><strong>Data i miejsce \u015bmierci<\/strong><\/td><td>29 lipca 1856 roku<br>Bonn<\/td><\/tr><tr><td class=\"has-text-align-left\" data-align=\"left\"><strong>Rodzice<\/strong><\/td><td>August Schumann (1773\u20131826)<br>Johanna Christiane z domu Schnabel (1770\u20131836)<\/td><\/tr><tr><td class=\"has-text-align-left\" data-align=\"left\"><strong>Rodze\u0144stwo<\/strong><\/td><td>Emilie (1796\u20131825)<br>Eduard (1799\u20131839)<br>Carl (1801\u20131849)<br>Julius (1804\u20131833)<\/td><\/tr><tr><td class=\"has-text-align-left\" data-align=\"left\"><strong>\u017bona<\/strong><\/td><td><a href=\"https:\/\/paryskiesalonyromantykow.pl\/index.php\/clara-schumann\/\" data-type=\"page\" data-id=\"345\">Clara z domu Wieck (1819-1896)<\/a><\/td><\/tr><tr><td class=\"has-text-align-left\" data-align=\"left\"><strong>Dzieci<\/strong><\/td><td>Marie (1841-1929)<br>Elise (1843 &#8211; 1928)<br>Julie (1845-1872)<br>Emil (1846-1847)<br>Ludwig (1848-1899)<br>Ferdinand (1849-1891)<br>Eugenie (1851-1938)<br>Felix (1854-1879)<\/td><\/tr><\/tbody><\/table><\/figure>\n\n\n\n<p>Robert Schumann, niemiecki kompozytor i krytyk muzyczny epoki romantyzmu, m\u0105\u017c <a href=\"https:\/\/paryskiesalonyromantykow.pl\/index.php\/clara-schumann\/\" data-type=\"page\" data-id=\"345\">Clary Schumann<\/a>, by\u0142 synem Augusta Schumanna, w\u0142a\u015bciciela ksi\u0119garni i pisarza, oraz jego \u017cony Johanny Christiane z domu Schnabel. Dzi\u0119ki ojcu ju\u017c w dzieci\u0144stwie m\u00f3g\u0142 zapozna\u0107 si\u0119 z arcydzie\u0142ami literatury \u015bwiatowej, pr\u00f3bowa\u0142 nawet swoich si\u0142 w poezji. W wieku siedmiu lat zacz\u0105\u0142 pobiera\u0107 regularne lekcje gry na fortepianie u organisty Johanna Gottfrieda Kuntscha. Jednak po \u015bmierci ojca i po uko\u0144czeniu nauki w liceum w 1828 roku matka wys\u0142a\u0142a go na studia prawnicze do Lipska.<\/p>\n\n\n\n<p>Robert jednak nie porzuci\u0142 marze\u0144 o karierze muzycznej. Po dw\u00f3ch semestrach przeni\u00f3s\u0142 si\u0119 na uniwersytet w Heidelbergu, ostatecznie za\u015b porzuci\u0142 studia i zapisa\u0142 si\u0119 na lekcje do uznanego pedagoga Friedricha Wiecka. \u0106wiczy\u0142 tak intensywnie, \u017ce dozna\u0142 kontuzji prawej r\u0119ki, kt\u00f3ra pokrzy\u017cowa\u0142a jego marzenia o karierze wirtuoza i zmusi\u0142a do koncentracji na komponowaniu. W tym czasie w epidemii cholery zmar\u0142 jego brat Julius, co dodatkowo wp\u0119dzi\u0142o go w depresj\u0119.<\/p>\n\n\n\n<p>R\u00f3wnocze\u015bnie Robert da\u0142 si\u0119 pozna\u0107 jako krytyk literacki. Pisywa\u0142 dla Allgemeine Musikalische Zeitung oraz za\u0142o\u017cy\u0142 magazyn Neue Zeitschrift f\u00fcr Musik wraz z Friedrichem Wieckiem i kilkoma innymi muzykami. Zaprzyja\u017ani\u0142 si\u0119 tak\u017ce z m\u0142od\u0105 c\u00f3rk\u0105 Wiecka, Clar\u0105, r\u00f3wnie\u017c obdarzon\u0105 du\u017cym talentem pianistycznym. Przyja\u017a\u0144 ta szybko przerodzi\u0142a si\u0119 w trwa\u0142y zwi\u0105zek, kt\u00f3remu przeciwny by\u0142 jej ojciec. Ostatecznie po d\u0142ugim, burzliwym procesie s\u0105dowym Robert i Clara pobrali si\u0119 12 wrze\u015bnia 1840 roku, dzie\u0144 przed jej 21. urodzinami.<\/p>\n\n\n\n<p>Schumannowie doczekali si\u0119 \u00f3semki dzieci, to jednak nie powstrzyma\u0142o ambitnej m\u0119\u017catki przed regularnym koncertowaniem. Jej m\u0105\u017c za\u015b je\u017adzi\u0142 wraz z ni\u0105, po\u015bwi\u0119caj\u0105c sw\u00f3j czas na intensywne komponowanie. Jednak z czasem zacz\u0105\u0142 podupada\u0107 na zdrowiu psychicznym &#8211; dr\u0119czy\u0142a go depresja, napady l\u0119kowe i omamy s\u0142uchowe. Po kilku niepowodzeniach zawodowych jego zwidy stawa\u0142y si\u0119 coraz bardziej intensywne, a\u017c targn\u0105\u0142 si\u0119 na swoje \u017cycie, skacz\u0105c z mostu. Po odratowaniu zg\u0142osi\u0142 si\u0119 na leczenie do prywatnej kliniki dla nerwowo chorych w Endenich, dzielnicy Bonn, gdzie pozosta\u0142 a\u017c do \u015bmierci w 1856 roku.<\/p>\n","protected":false},"excerpt":{"rendered":"<p>Robert Alexander Schumann Data i miejsce urodzenia 8 czerwca 1810 rokuZwickau Data i miejsce \u015bmierci 29 lipca 1856 rokuBonn Rodzice August Schumann (1773\u20131826)Johanna Christiane z domu Schnabel (1770\u20131836) Rodze\u0144stwo Emilie (1796\u20131825)Eduard (1799\u20131839)Carl (1801\u20131849)Julius (1804\u20131833) \u017bona Clara z domu Wieck (1819-1896) Dzieci Marie (1841-1929)Elise (1843 &#8211; 1928)Julie (1845-1872)Emil (1846-1847)Ludwig (1848-1899)Ferdinand (1849-1891)Eugenie (1851-1938)Felix (1854-1879) Robert Schumann, niemiecki [&hellip;]<\/p>\n","protected":false},"author":1,"featured_media":0,"parent":0,"menu_order":0,"comment_status":"closed","ping_status":"closed","template":"","meta":[],"_links":{"self":[{"href":"https:\/\/paryskiesalonyromantykow.pl\/index.php\/wp-json\/wp\/v2\/pages\/1725"}],"collection":[{"href":"https:\/\/paryskiesalonyromantykow.pl\/index.php\/wp-json\/wp\/v2\/pages"}],"about":[{"href":"https:\/\/paryskiesalonyromantykow.pl\/index.php\/wp-json\/wp\/v2\/types\/page"}],"author":[{"embeddable":true,"href":"https:\/\/paryskiesalonyromantykow.pl\/index.php\/wp-json\/wp\/v2\/users\/1"}],"replies":[{"embeddable":true,"href":"https:\/\/paryskiesalonyromantykow.pl\/index.php\/wp-json\/wp\/v2\/comments?post=1725"}],"version-history":[{"count":2,"href":"https:\/\/paryskiesalonyromantykow.pl\/index.php\/wp-json\/wp\/v2\/pages\/1725\/revisions"}],"predecessor-version":[{"id":1732,"href":"https:\/\/paryskiesalonyromantykow.pl\/index.php\/wp-json\/wp\/v2\/pages\/1725\/revisions\/1732"}],"wp:attachment":[{"href":"https:\/\/paryskiesalonyromantykow.pl\/index.php\/wp-json\/wp\/v2\/media?parent=1725"}],"curies":[{"name":"wp","href":"https:\/\/api.w.org\/{rel}","templated":true}]}}