{"id":172,"date":"2021-01-09T14:12:13","date_gmt":"2021-01-09T13:12:13","guid":{"rendered":"http:\/\/paryskiesalonyromantykow.pl\/?page_id=172"},"modified":"2021-12-20T11:21:51","modified_gmt":"2021-12-20T10:21:51","slug":"george-sand","status":"publish","type":"page","link":"https:\/\/paryskiesalonyromantykow.pl\/index.php\/george-sand\/","title":{"rendered":"George Sand"},"content":{"rendered":"\n<figure class=\"wp-block-table aligncenter is-style-stripes\"><table><tbody><tr><td class=\"has-text-align-left\" data-align=\"left\"><img loading=\"lazy\" width=\"1000\" height=\"1000\" class=\"wp-image-173\" style=\"width: 200px;\" src=\"http:\/\/paryskiesalonyromantykow.pl\/wp-content\/uploads\/2021\/01\/pjimage-3-1.jpg\" alt=\"\" srcset=\"https:\/\/paryskiesalonyromantykow.pl\/wp-content\/uploads\/2021\/01\/pjimage-3-1.jpg 1000w, https:\/\/paryskiesalonyromantykow.pl\/wp-content\/uploads\/2021\/01\/pjimage-3-1-300x300.jpg 300w, https:\/\/paryskiesalonyromantykow.pl\/wp-content\/uploads\/2021\/01\/pjimage-3-1-150x150.jpg 150w, https:\/\/paryskiesalonyromantykow.pl\/wp-content\/uploads\/2021\/01\/pjimage-3-1-768x768.jpg 768w\" sizes=\"(max-width: 1000px) 100vw, 1000px\" \/><\/td><td>Amantine Aurore Lucile Dudevant z domu Dupin<\/td><\/tr><tr><td class=\"has-text-align-left\" data-align=\"left\"><strong>Data i miejsce urodzenia<\/strong><\/td><td>1 lipca 1804 roku<br>Pary\u017c<\/td><\/tr><tr><td class=\"has-text-align-left\" data-align=\"left\"><strong>Data i miejsce \u015bmierci<\/strong><\/td><td>8 czerwca 1876 roku<br>Nohant-Vic<\/td><\/tr><tr><td class=\"has-text-align-left\" data-align=\"left\"><strong>Rodzice<\/strong><\/td><td><a href=\"https:\/\/paryskiesalonyromantykow.pl\/index.php\/maurice-dupin\/\" data-type=\"page\" data-id=\"552\">Maurice Dupin (1771-1808)<\/a><br><a href=\"https:\/\/paryskiesalonyromantykow.pl\/index.php\/sophie-victoire-dupin\/\" data-type=\"page\" data-id=\"565\">Sophie z domu Delaborde (1773-1837)<\/a><\/td><\/tr><tr><td class=\"has-text-align-left\" data-align=\"left\"><strong>Rodze\u0144stwo<\/strong><\/td><td>Hyppolite Chariton (1799-1848) &#8211; przyrodni brat<br>Caroline Delaborde (1799-1878) &#8211; przyrodnia siostra<br>Auguste (1808-1808)<\/td><\/tr><tr><td class=\"has-text-align-left\" data-align=\"left\"><strong>M\u0105\u017c<\/strong><\/td><td>Casimir Dudevant (1795-1871)<\/td><\/tr><tr><td class=\"has-text-align-left\" data-align=\"left\"><strong>Dzieci<\/strong><\/td><td><a href=\"https:\/\/paryskiesalonyromantykow.pl\/index.php\/maurice-sand\/\" data-type=\"page\" data-id=\"502\">Maurice (1823-1889)<\/a><br><a href=\"https:\/\/paryskiesalonyromantykow.pl\/index.php\/solange-clesinger\/\" data-type=\"page\" data-id=\"340\">Solange (1828-1899)<\/a><\/td><\/tr><\/tbody><\/table><\/figure>\n\n\n\n<p>George Sand, francuska pisarka epoki romantyzmu, partnerka i opiekunka <a href=\"https:\/\/paryskiesalonyromantykow.pl\/index.php\/fryderyk-chopin\/\" data-type=\"page\" data-id=\"167\">Fryderyka Chopina<\/a>, a tak\u017ce przyjaci\u00f3\u0142ka <a href=\"https:\/\/paryskiesalonyromantykow.pl\/index.php\/adam-mickiewicz\/\" data-type=\"page\" data-id=\"138\">Adama Mickiewicza<\/a>, by\u0142a c\u00f3rk\u0105 oficera napoleo\u0144skiego, <a href=\"https:\/\/paryskiesalonyromantykow.pl\/index.php\/maurice-dupin\/\" data-type=\"page\" data-id=\"552\">Maurice Dupina<\/a>, i jego \u017cony <a href=\"https:\/\/paryskiesalonyromantykow.pl\/index.php\/sophie-victoire-dupin\/\" data-type=\"page\" data-id=\"565\">Sophie Delaborde<\/a>, sprzedawczyni kapeluszy. W wieku czterech lat straci\u0142a ojca, kt\u00f3ry zgin\u0105\u0142 na skutek upadku z konia. Dziewczynk\u0105 zaj\u0119\u0142y si\u0119 Sophie oraz matka Maurice&#8217;a, Marie-Aurore de Saxe, jednak pochodz\u0105ce ze skrajnie r\u00f3\u017cnych \u015brodowisk kobiety nie potrafi\u0142y znale\u017a\u0107 wsp\u00f3lnego j\u0119zyka.<\/p>\n\n\n\n<p>Aurora wyros\u0142a na krn\u0105brn\u0105 i zbuntowan\u0105 pann\u0119, dlatego te\u017c babka postanowi\u0142a umie\u015bci\u0107 j\u0105 w klasztorze prowadzonym przez angielskie zakonnice. Kiedy jednak przysz\u0142a pisarka coraz mocniej interesowa\u0142a si\u0119 religi\u0105 i \u017cyciem zakonnym, natychmiast zabrano j\u0105 do domu. Po \u015bmierci babki sta\u0142a si\u0119 jedyn\u0105 spadkobierczyni\u0105 maj\u0105tku w Nohant, nie by\u0142a jednak pe\u0142noletnia i nie mog\u0142a nim rozporz\u0105dza\u0107. Niespe\u0142na rok p\u00f3\u017aniej, 17 wrze\u015bnia 1822 roku osiemnastoletnia Aurora po\u015blubi\u0142a barona Casimira Dudevanta.<\/p>\n\n\n\n<p>Ma\u0142\u017ce\u0144stwo okaza\u0142o si\u0119 dalekie od sielanki. Wykszta\u0142cona i oczytana \u017cona szybko zorientowa\u0142a si\u0119, \u017ce jej ma\u0142\u017conek od rozm\u00f3w na temat sztuki i filozofii wola\u0142 polowania, jazd\u0119 konn\u0105 i inne &#8222;m\u0119skie&#8221; rozrywki. Sytuacji nie poprawi\u0142y narodziny syna, <a href=\"https:\/\/paryskiesalonyromantykow.pl\/index.php\/maurice-sand\/\" data-type=\"page\" data-id=\"502\">Maurice&#8217;a<\/a>. Z czasem Casimir zachowywa\u0142 si\u0119 coraz gorzej &#8211; bi\u0142 Auror\u0119 nawet z b\u0142ahych powod\u00f3w, nadu\u017cywa\u0142 alkoholu i uwodzi\u0142 s\u0142u\u017c\u0105ce pracuj\u0105ce w Nohant. Wreszcie pani Dudevant postanowi\u0142a go opu\u015bci\u0107, rozpocz\u0119\u0142a te\u017c starania o separacj\u0119. 13 wrze\u015bnia 1828 roku urodzi\u0142a c\u00f3rk\u0119, <a href=\"https:\/\/paryskiesalonyromantykow.pl\/index.php\/solange-clesinger\/\" data-type=\"page\" data-id=\"340\">Solange<\/a>, kt\u00f3r\u0105 Casimir uzna\u0142 za swoj\u0105.<\/p>\n\n\n\n<p>W tym czasie Aurora pozna\u0142a Julesa Sandeau, kt\u00f3ry wprowadzi\u0142 j\u0105 w kr\u0119gi paryskiej bohemy. Wsp\u00f3lnie z Julesem napisa\u0142a i wyda\u0142a swoj\u0105 pierwsz\u0105 powie\u015b\u0107 &#8222;Rose et Blanche&#8221;. Wtedy te\u017c \u015bci\u0119\u0142a w\u0142osy do ramion, a tak\u017ce zacz\u0119\u0142a nosi\u0107 m\u0119ski str\u00f3j i pali\u0107 cygara. Nast\u0119pne powie\u015bci tworzy\u0142a samodzielnie, wydaj\u0105c je pod pseudonimem George Sand.<\/p>\n\n\n\n<p>W styczniu 1833 roku pozna\u0142a aktork\u0119 <a href=\"https:\/\/paryskiesalonyromantykow.pl\/index.php\/marie-dorval\/\" data-type=\"page\" data-id=\"452\">Marie Dorval<\/a>, z kt\u00f3r\u0105 natychmiast mocno si\u0119 zaprzyja\u017ani\u0142a. Plotkowano nawet, \u017ce \u0142\u0105czy\u0142 je p\u0142omienny romans, jednak pisarka w lipcu 1833 roku zwi\u0105za\u0142a si\u0119 z <a href=\"https:\/\/paryskiesalonyromantykow.pl\/index.php\/alfred-de-musset\/\" data-type=\"page\" data-id=\"244\">Alfredem de Mussetem<\/a>, s\u0142ynnym poet\u0105 i dandysem. Wsp\u00f3lnie wyjechali na wakacje do W\u0142och, gdzie George niespodziewana zachorowa\u0142a na czerwonk\u0119. Podczas gdy ona le\u017ca\u0142a w \u0142\u00f3\u017cku przez dwa tygodnie, de Musset korzysta\u0142 z nocnego \u017cycia Wenecji, staj\u0105c si\u0119 rozpoznawaln\u0105 postaci\u0105 we wszystkich okolicznych burdelach. Gdy George wr\u00f3ci\u0142a do zdrowia, postanowi\u0142a rozsta\u0107 si\u0119 z Alfredem, zanim jednak zd\u0105\u017cy\u0142a to zrobi\u0107, poeta sam zachorowa\u0142. Pisarka opiekowa\u0142a si\u0119 nim, wezwa\u0142a tak\u017ce do niego m\u0142odego lekarza, Pietro Pagello, kt\u00f3ry zdiagnozowa\u0142 dur brzuszny. Podczas gdy de Musset powoli wraca\u0142 do zdrowia, opiekuj\u0105cy si\u0119 nim George i Pietro zakochali si\u0119 w sobie.<\/p>\n\n\n\n<p>Po powrocie do Francji pisarka i poeta kilkakrotnie usi\u0142owali do siebie wr\u00f3ci\u0107, ich zwi\u0105zek stawa\u0142 si\u0119 jednak coraz bardziej destrukcyjny. Ostatecznie rozstali si\u0119 9 listopada 1834 roku, a w reakcji na to George obci\u0119\u0142a swoje d\u0142ugie w\u0142osy i wys\u0142a\u0142a je ukochanemu. Alfred opisa\u0142 ten zwi\u0105zek w swojej s\u0142ynnej powie\u015bci &#8222;Spowied\u017a dzieci\u0119cia wieku&#8221;.<\/p>\n\n\n\n<p>George stawa\u0142a si\u0119 coraz bardziej uznana i popularna. W jej salonie bywali <a href=\"https:\/\/paryskiesalonyromantykow.pl\/index.php\/ferenc-liszt\/\" data-type=\"page\" data-id=\"309\">Ferenc Liszt<\/a> wraz z hrabin\u0105 <a href=\"https:\/\/paryskiesalonyromantykow.pl\/index.php\/marie-dagoult\/\" data-type=\"page\" data-id=\"1565\">Marie d&#8217;Agoult<\/a>, <a href=\"https:\/\/paryskiesalonyromantykow.pl\/index.php\/eugene-delacroix\/\" data-type=\"page\" data-id=\"379\">Eugene Delacroix<\/a>, <a href=\"https:\/\/paryskiesalonyromantykow.pl\/index.php\/pauline-viardot\/\" data-type=\"page\" data-id=\"416\">Pauline Viardot<\/a>, <a href=\"https:\/\/paryskiesalonyromantykow.pl\/index.php\/victor-hugo\/\" data-type=\"page\" data-id=\"1180\">Victor Hugo<\/a>, <a href=\"https:\/\/paryskiesalonyromantykow.pl\/index.php\/alexandre-dumas-ojciec\/\" data-type=\"page\" data-id=\"1810\">Alexandre Dumas ojciec<\/a>, a tak\u017ce <a href=\"https:\/\/paryskiesalonyromantykow.pl\/index.php\/niccolo-paganini\/\" data-type=\"page\" data-id=\"304\">Paganini<\/a>. Po kilku kr\u00f3tkotrwa\u0142ych zwi\u0105zkach pisarka ostro\u017cniej dobiera\u0142a partner\u00f3w, kiedy jednak pozna\u0142a Fryderyka Chopina, niemal natychmiast postanowi\u0142a zbli\u017cy\u0107 si\u0119 do niego. Wypytywa\u0142a jego przyjaci\u00f3\u0142 o jego \u017cycie mi\u0142osne, a\u017c wreszcie nie bez trudu uda\u0142o jej si\u0119 zdoby\u0107 jego serce. Chopin sta\u0142 si\u0119 cz\u0119stym go\u015bciem w Nohant, co nie podoba\u0142o si\u0119 dorastaj\u0105cemu synowi George, Maurice&#8217;owi. Z kolei Solange, zaniedbywana przez rodzic\u00f3w i sk\u0142\u00f3cona z bratem, znalaz\u0142a we Fryderyku przyjaciela. Niebawem post\u0119puj\u0105ca gru\u017alica kompozytora sprawi\u0142a, \u017ce pisarka z jego partnerki sta\u0142a si\u0119 opiekunk\u0105.<\/p>\n\n\n\n<p>Aby utemperowa\u0107 charakter c\u00f3rki, postanowi\u0142a wyda\u0107 j\u0105 za m\u0105\u017c. Jej wyb\u00f3r pad\u0142 na rze\u017abiarza <a href=\"https:\/\/paryskiesalonyromantykow.pl\/index.php\/auguste-clesinger\/\" data-type=\"page\" data-id=\"1998\">Auguste Cl\u00e9singera<\/a>, na co Solange ochoczo przysta\u0142a. Nied\u0142ugo po \u015blubie Cl\u00e9singer domaga\u0142 si\u0119 coraz wi\u0119kszych pieni\u0119dzy na sp\u0142at\u0119 swoich d\u0142ug\u00f3w, na co George nie chcia\u0142a si\u0119 zgodzi\u0107. Dosz\u0142o do awantury, wskutek kt\u00f3rej pisarka wyrzuci\u0142a z domu c\u00f3rk\u0119 i zi\u0119cia. Kiedy za\u015b Chopin wyci\u0105gn\u0105\u0142 do Solange pomocn\u0105 d\u0142o\u0144, George zerwa\u0142a z nim kontakt.<\/p>\n\n\n\n<p>P\u00f3\u017aniej zwi\u0105za\u0142a si\u0119 z pisarzem Alexandre Manceau, pisarzem m\u0142odszym od niej o 13 lat. R\u00f3wnocze\u015bnie usi\u0142owa\u0142a znale\u017a\u0107 synowi dobr\u0105 \u017con\u0119, on jednak d\u0142ugo nie chcia\u0142 si\u0119 ustatkowa\u0107. Wreszcie po\u015blubi\u0142 Lin\u0119 Calamatt\u0119, kt\u00f3ra urodzi\u0142a mu c\u00f3rki <a href=\"https:\/\/paryskiesalonyromantykow.pl\/index.php\/aurore-sand\/\" data-type=\"page\" data-id=\"1599\">Auror\u0119<\/a> i <a href=\"https:\/\/paryskiesalonyromantykow.pl\/index.php\/gabrielle-sand\/\" data-type=\"page\" data-id=\"1594\">Gabrielle<\/a>. Wnuczki dawa\u0142y ogromn\u0105 rado\u015b\u0107 starzej\u0105cej si\u0119 pisarce. W 1876 roku zacz\u0119\u0142a uskar\u017ca\u0107 si\u0119 na problemy \u017co\u0142\u0105dkowe. Okaza\u0142o si\u0119, \u017ce cierpi na niedro\u017cno\u015b\u0107 jelit, a Solange wsp\u00f3lnie z Lin\u0105 opiekowa\u0142y si\u0119 ni\u0105 w ostatnich miesi\u0105cach \u017cycia. George zmar\u0142a w wieku niespe\u0142na 72 lat w swoim \u0142\u00f3\u017cku w posiad\u0142o\u015bci w Nohant i pochowano j\u0105 na miejscowym cmentarzu.<\/p>\n","protected":false},"excerpt":{"rendered":"<p>Amantine Aurore Lucile Dudevant z domu Dupin Data i miejsce urodzenia 1 lipca 1804 rokuPary\u017c Data i miejsce \u015bmierci 8 czerwca 1876 rokuNohant-Vic Rodzice Maurice Dupin (1771-1808)Sophie z domu Delaborde (1773-1837) Rodze\u0144stwo Hyppolite Chariton (1799-1848) &#8211; przyrodni bratCaroline Delaborde (1799-1878) &#8211; przyrodnia siostraAuguste (1808-1808) M\u0105\u017c Casimir Dudevant (1795-1871) Dzieci Maurice (1823-1889)Solange (1828-1899) George Sand, francuska [&hellip;]<\/p>\n","protected":false},"author":1,"featured_media":0,"parent":0,"menu_order":0,"comment_status":"closed","ping_status":"closed","template":"","meta":[],"_links":{"self":[{"href":"https:\/\/paryskiesalonyromantykow.pl\/index.php\/wp-json\/wp\/v2\/pages\/172"}],"collection":[{"href":"https:\/\/paryskiesalonyromantykow.pl\/index.php\/wp-json\/wp\/v2\/pages"}],"about":[{"href":"https:\/\/paryskiesalonyromantykow.pl\/index.php\/wp-json\/wp\/v2\/types\/page"}],"author":[{"embeddable":true,"href":"https:\/\/paryskiesalonyromantykow.pl\/index.php\/wp-json\/wp\/v2\/users\/1"}],"replies":[{"embeddable":true,"href":"https:\/\/paryskiesalonyromantykow.pl\/index.php\/wp-json\/wp\/v2\/comments?post=172"}],"version-history":[{"count":6,"href":"https:\/\/paryskiesalonyromantykow.pl\/index.php\/wp-json\/wp\/v2\/pages\/172\/revisions"}],"predecessor-version":[{"id":2004,"href":"https:\/\/paryskiesalonyromantykow.pl\/index.php\/wp-json\/wp\/v2\/pages\/172\/revisions\/2004"}],"wp:attachment":[{"href":"https:\/\/paryskiesalonyromantykow.pl\/index.php\/wp-json\/wp\/v2\/media?parent=172"}],"curies":[{"name":"wp","href":"https:\/\/api.w.org\/{rel}","templated":true}]}}