{"id":1640,"date":"2021-04-08T12:23:19","date_gmt":"2021-04-08T10:23:19","guid":{"rendered":"http:\/\/paryskiesalonyromantykow.pl\/?page_id=1640"},"modified":"2022-04-09T14:23:40","modified_gmt":"2022-04-09T12:23:40","slug":"helena-mickiewiczowna","status":"publish","type":"page","link":"https:\/\/paryskiesalonyromantykow.pl\/index.php\/helena-mickiewiczowna\/","title":{"rendered":"Helena Mickiewicz\u00f3wna"},"content":{"rendered":"\n<figure class=\"wp-block-table aligncenter is-style-stripes\"><table><tbody><tr><td class=\"has-text-align-left\" data-align=\"left\"><img loading=\"lazy\" width=\"1000\" height=\"1000\" class=\"wp-image-1641\" style=\"width: 200px;\" src=\"http:\/\/paryskiesalonyromantykow.pl\/wp-content\/uploads\/2021\/04\/pjimage-6.jpg\" alt=\"\" srcset=\"https:\/\/paryskiesalonyromantykow.pl\/wp-content\/uploads\/2021\/04\/pjimage-6.jpg 1000w, https:\/\/paryskiesalonyromantykow.pl\/wp-content\/uploads\/2021\/04\/pjimage-6-300x300.jpg 300w, https:\/\/paryskiesalonyromantykow.pl\/wp-content\/uploads\/2021\/04\/pjimage-6-150x150.jpg 150w, https:\/\/paryskiesalonyromantykow.pl\/wp-content\/uploads\/2021\/04\/pjimage-6-768x768.jpg 768w\" sizes=\"(max-width: 1000px) 100vw, 1000px\" \/><\/td><td>Julia Franciszka Celina Helena Mickiewicz<\/td><\/tr><tr><td class=\"has-text-align-left\" data-align=\"left\"><strong>Data i miejsce urodzenia<\/strong><\/td><td>8 kwietnia 1864 roku<br>Pary\u017c<\/td><\/tr><tr><td class=\"has-text-align-left\" data-align=\"left\"><strong>Data i miejsce \u015bmierci<\/strong><\/td><td>15 wrze\u015bnia 1896 roku<br>Pary\u017c<\/td><\/tr><tr><td class=\"has-text-align-left\" data-align=\"left\"><strong>Rodzice<\/strong><\/td><td><a href=\"https:\/\/paryskiesalonyromantykow.pl\/index.php\/wladyslaw-mickiewicz\/\">W\u0142adys\u0142aw (1838-1926)<\/a><br>Maria z Malewskich (1834-1926)<\/td><\/tr><tr><td class=\"has-text-align-left\" data-align=\"left\"><strong>Rodze\u0144stwo<\/strong><\/td><td>Adam (1866-1866)<br>Celina (1867-1870)<br><a href=\"https:\/\/paryskiesalonyromantykow.pl\/index.php\/maria-mickiewiczowna\/\">Maria (1868-1952)<\/a><br>Adam (1870-1870)<\/td><\/tr><\/tbody><\/table><\/figure>\n\n\n\n<p>Helena Mickiewicz\u00f3wna, wnuczka <a href=\"https:\/\/paryskiesalonyromantykow.pl\/index.php\/adam-mickiewicz\/\">Adama Mickiewicza<\/a>, by\u0142a najstarsz\u0105 c\u00f3rk\u0105 <a href=\"https:\/\/paryskiesalonyromantykow.pl\/index.php\/wladyslaw-mickiewicz\/\" data-type=\"page\" data-id=\"421\">W\u0142adys\u0142awa<\/a> i jego \u017cony Marii z Malewskich, i z ca\u0142ego rodze\u0144stwa tylko ona i jej siostra <a href=\"https:\/\/paryskiesalonyromantykow.pl\/index.php\/maria-mickiewiczowna\/\" data-type=\"page\" data-id=\"1633\">Maria<\/a> (zwana Mariotk\u0105) do\u017cy\u0142y wieku doros\u0142ego. Od dziecka cierpia\u0142a na palpitacje, konwulsje i inne nerwowe przypad\u0142o\u015bci, wi\u0119c matka je\u017adzi\u0142a z ni\u0105 od jednego uzdrowiska do drugiego, co nie podoba\u0142o si\u0119 ojcu, kt\u00f3ry uwa\u017ca\u0142, \u017ce powinna przywykn\u0105\u0107 do paryskiego klimatu. Wreszcie ustalono, \u017ce Helena i Mariotka mia\u0142y pojecha\u0107 na pensj\u0119 w Mitawie, koszty za\u015b zobowi\u0105za\u0142 si\u0119 pokry\u0107 wuj Malewski. Dziewczynkami zaopiekowa\u0142a si\u0119 Julia Lange, guwernantka dzieci <a href=\"https:\/\/paryskiesalonyromantykow.pl\/index.php\/franciszek-malewski\/\" data-type=\"page\" data-id=\"375\">Franciszka<\/a> i Heleny Malewskich. Ojciec namawia\u0142 je, by przy okazji szlifowa\u0142y j\u0119zyk polski, z kt\u00f3rym on sam mia\u0142 spore problemy.<\/p>\n\n\n\n<p>Brak m\u0119skiego dziedzica sprawi\u0142, \u017ce W\u0142adys\u0142aw ca\u0142e swe ambicje zwi\u0105zane ze spu\u015bcizn\u0105 po Wieszczu sk\u0142ada\u0142 na barki Heleny. Mi\u0119dzy innymi z tego powodu postanowi\u0142a ona nigdy nie wychodzi\u0107 za m\u0105\u017c i w pe\u0142ni po\u015bwi\u0119ci\u0107 si\u0119 dbaniu o sprawy rodzinne. Stroni\u0105ca od ludzi, r\u00f3\u017cni\u0142a si\u0119 w tym znacznie od \u017cywio\u0142owej i rozta\u0144czonej Mariotki.<\/p>\n\n\n\n<p>Od zawsze marzy\u0142a o podr\u00f3\u017cy do W\u0142och, kiedy wi\u0119c w 1882 roku wyjecha\u0142a z ojcem do Italii na kongres Mi\u0119dzynarodowego Towarzystwa Literackiego, by\u0142a w si\u00f3dmym niebie. Pozna\u0142a wtedy r\u00f3wnie\u017c wuja <a href=\"https:\/\/paryskiesalonyromantykow.pl\/index.php\/teofil-lenartowicz\/\" data-type=\"page\" data-id=\"1556\">Teofila Lenartowicza<\/a>, z kt\u00f3rym korespondowa\u0142a przez wiele lat.<\/p>\n\n\n\n<p>Po powrocie do Pary\u017ca zaprzyja\u017ani\u0142a si\u0119 z malark\u0105 Ann\u0105 Bili\u0144sk\u0105, z kt\u00f3r\u0105 chadza\u0142a na koncerty, do teatru, na &#8222;kaba\u0142y&#8221; do panny Rakowskiej czy na seanse mediumistyczne Ochorowicza. Wieczory za\u015b sp\u0119dza\u0142y na d\u0142ugich i spokojnych pogaw\u0119dkach. Ujawni\u0142 si\u0119 wtedy te\u017c talent Heleny do gry na fortepianie.<\/p>\n\n\n\n<p>W 1884 roku przenios\u0142a si\u0119 do Oryszewa, gdzie gospodarowa\u0142a maj\u0105tkiem wuja J\u00f3zefa Malewskiego. Wype\u0142nione prac\u0105 dni mija\u0142y jej szybko, martwi\u0142a si\u0119 jednak pozostawion\u0105 we Francji rodzin\u0105, zw\u0142aszcza nieroztropn\u0105 Mariotk\u0105. W 1895 roku rozchorowa\u0142a si\u0119 powa\u017cnie, wi\u0119c matka zabra\u0142a j\u0105 na kuracj\u0119 nad Atlantyk, p\u00f3\u017aniej za\u015b wsp\u00f3lnie wr\u00f3ci\u0142y do Pary\u017ca. Tam Helena niespodziewanie zmar\u0142a w \u015brodku nocy w wieku zaledwie 32 lat. Pochowano j\u0105 w rodzinnym grobowcu w Montmorency.<\/p>\n","protected":false},"excerpt":{"rendered":"<p>Julia Franciszka Celina Helena Mickiewicz Data i miejsce urodzenia 8 kwietnia 1864 rokuPary\u017c Data i miejsce \u015bmierci 15 wrze\u015bnia 1896 rokuPary\u017c Rodzice W\u0142adys\u0142aw (1838-1926)Maria z Malewskich (1834-1926) Rodze\u0144stwo Adam (1866-1866)Celina (1867-1870)Maria (1868-1952)Adam (1870-1870) Helena Mickiewicz\u00f3wna, wnuczka Adama Mickiewicza, by\u0142a najstarsz\u0105 c\u00f3rk\u0105 W\u0142adys\u0142awa i jego \u017cony Marii z Malewskich, i z ca\u0142ego rodze\u0144stwa tylko ona i [&hellip;]<\/p>\n","protected":false},"author":1,"featured_media":0,"parent":0,"menu_order":0,"comment_status":"closed","ping_status":"closed","template":"","meta":[],"_links":{"self":[{"href":"https:\/\/paryskiesalonyromantykow.pl\/index.php\/wp-json\/wp\/v2\/pages\/1640"}],"collection":[{"href":"https:\/\/paryskiesalonyromantykow.pl\/index.php\/wp-json\/wp\/v2\/pages"}],"about":[{"href":"https:\/\/paryskiesalonyromantykow.pl\/index.php\/wp-json\/wp\/v2\/types\/page"}],"author":[{"embeddable":true,"href":"https:\/\/paryskiesalonyromantykow.pl\/index.php\/wp-json\/wp\/v2\/users\/1"}],"replies":[{"embeddable":true,"href":"https:\/\/paryskiesalonyromantykow.pl\/index.php\/wp-json\/wp\/v2\/comments?post=1640"}],"version-history":[{"count":2,"href":"https:\/\/paryskiesalonyromantykow.pl\/index.php\/wp-json\/wp\/v2\/pages\/1640\/revisions"}],"predecessor-version":[{"id":2226,"href":"https:\/\/paryskiesalonyromantykow.pl\/index.php\/wp-json\/wp\/v2\/pages\/1640\/revisions\/2226"}],"wp:attachment":[{"href":"https:\/\/paryskiesalonyromantykow.pl\/index.php\/wp-json\/wp\/v2\/media?parent=1640"}],"curies":[{"name":"wp","href":"https:\/\/api.w.org\/{rel}","templated":true}]}}