{"id":1633,"date":"2021-04-08T11:16:25","date_gmt":"2021-04-08T09:16:25","guid":{"rendered":"http:\/\/paryskiesalonyromantykow.pl\/?page_id=1633"},"modified":"2021-04-08T12:47:09","modified_gmt":"2021-04-08T10:47:09","slug":"maria-mickiewiczowna","status":"publish","type":"page","link":"https:\/\/paryskiesalonyromantykow.pl\/index.php\/maria-mickiewiczowna\/","title":{"rendered":"Maria Mickiewicz\u00f3wna"},"content":{"rendered":"\n<figure class=\"wp-block-table aligncenter is-style-stripes\"><table><tbody><tr><td class=\"has-text-align-left\" data-align=\"left\"><img loading=\"lazy\" width=\"1000\" height=\"1000\" class=\"wp-image-1635\" style=\"width: 200px;\" src=\"http:\/\/paryskiesalonyromantykow.pl\/wp-content\/uploads\/2021\/04\/pjimage-5.jpg\" alt=\"\" srcset=\"https:\/\/paryskiesalonyromantykow.pl\/wp-content\/uploads\/2021\/04\/pjimage-5.jpg 1000w, https:\/\/paryskiesalonyromantykow.pl\/wp-content\/uploads\/2021\/04\/pjimage-5-300x300.jpg 300w, https:\/\/paryskiesalonyromantykow.pl\/wp-content\/uploads\/2021\/04\/pjimage-5-150x150.jpg 150w, https:\/\/paryskiesalonyromantykow.pl\/wp-content\/uploads\/2021\/04\/pjimage-5-768x768.jpg 768w\" sizes=\"(max-width: 1000px) 100vw, 1000px\" \/><\/td><td>Joanna J\u00f3zefina Maria Mickiewicz<\/td><\/tr><tr><td class=\"has-text-align-left\" data-align=\"left\"><strong>Data i miejsce urodzenia<\/strong><\/td><td>8 wrze\u015bnia 1868 roku<br>Pary\u017c<\/td><\/tr><tr><td class=\"has-text-align-left\" data-align=\"left\"><strong>Data i miejsce \u015bmierci<\/strong><\/td><td>25 maja 1952 roku<br>Pary\u017c<\/td><\/tr><tr><td class=\"has-text-align-left\" data-align=\"left\"><strong>Rodzice<\/strong><\/td><td><a href=\"https:\/\/paryskiesalonyromantykow.pl\/index.php\/wladyslaw-mickiewicz\/\">W\u0142adys\u0142aw (1838-1926)<\/a><br>Maria z Malewskich (1834-1926)<\/td><\/tr><tr><td class=\"has-text-align-left\" data-align=\"left\"><strong>Rodze\u0144stwo<\/strong><\/td><td><a href=\"https:\/\/paryskiesalonyromantykow.pl\/index.php\/helena-mickiewiczowna\/\" data-type=\"page\" data-id=\"1640\">Helena (1864-1896)<\/a><br>Adam (1866-1866)<br>Celina (1867-1870)<br>Adam (1870-1870)<\/td><\/tr><\/tbody><\/table><\/figure>\n\n\n\n<p>Maria Mickiewicz\u00f3wna, wnuczka <a href=\"https:\/\/paryskiesalonyromantykow.pl\/index.php\/adam-mickiewicz\/\" data-type=\"page\" data-id=\"138\">Adama Mickiewicza<\/a>, by\u0142a m\u0142odsz\u0105 c\u00f3rk\u0105 <a href=\"https:\/\/paryskiesalonyromantykow.pl\/index.php\/wladyslaw-mickiewicz\/\" data-type=\"page\" data-id=\"421\">W\u0142adys\u0142awa Mickiewicza<\/a> i jego \u017cony Marii z Malewskich, i dla odr\u00f3\u017cnienia od tak licznych w rodzinie Marii nazywan\u0105 j\u0105 Mariotk\u0105 albo Mar\u0105. W przeciwie\u0144stwie do spokojnej siostry <a href=\"https:\/\/paryskiesalonyromantykow.pl\/index.php\/helena-mickiewiczowna\/\" data-type=\"page\" data-id=\"1640\">Heleny<\/a> Mariotk\u0119 od najm\u0142odszych lat cechowa\u0142a du\u017ca \u017cywio\u0142owo\u015b\u0107 i towarzysko\u015b\u0107. Mia\u0142a liczne przyjaci\u00f3\u0142ki, w\u015br\u00f3d kt\u00f3rych warto wymieni\u0107 malark\u0119 Ann\u0119 Bili\u0144sk\u0105, Zofi\u0119 Kr\u00f3likowsk\u0105 z Konopnickich (c\u00f3rk\u0119 Marii Konopnickiej) i Helen\u0119 G\u00f3rsk\u0105 (p\u00f3\u017aniej \u017con\u0119 Ignacego Paderewskiego). Hardo przeciwstawia\u0142a si\u0119 sztywnym tradycjom rodzinnym i niemal klasztornej atmosferze domu rodzinnego, uwielbia\u0142a flirty i psikusy. Nawet Achilles Melis, w\u0142oski przedsi\u0119biorca, w kt\u00f3rym si\u0119 zakocha\u0142a, pad\u0142 ofiar\u0105 jej \u017cartu &#8211; obsypa\u0142a go m\u0105k\u0105 i pola\u0142a wod\u0105. Ku jej zaskoczeniu m\u0142odzieniec przesta\u0142 bywa\u0107 u Mickiewicz\u00f3w, niebawem za\u015b o\u015bwiadczy\u0142 si\u0119 jej najlepszej przyjaci\u00f3\u0142ce, Jadwidze. Mariotk\u0119 usi\u0142owano zeswata\u0107 z Wac\u0142awem Szymanowskim, rze\u017abiarzem, p\u00f3\u017aniejszym tw\u00f3rc\u0105 pomnika Chopina w \u0141azienkach, nic jednak z tego nie wysz\u0142o.<\/p>\n\n\n\n<p>Uwielbia\u0142a r\u00f3wnie\u017c podr\u00f3\u017ce &#8211; w 1890 roku odby\u0142a du\u017c\u0105 wycieczk\u0119 po Polsce, a nast\u0119pnie wyjecha\u0142a do Neapolu, gdzie przez p\u00f3\u0142 roku mieszka\u0142a u&#8230; Melisa i jego \u017cony. Niestety podczas powrotu do domu wydarzy\u0142 si\u0119 nieszcz\u0119\u015bliwy wypadek &#8211; w drodze do Neapolu kto\u015b potkn\u0105\u0142 si\u0119 i upad\u0142 na ni\u0105, przygniataj\u0105c jej pier\u015b \u0142okciem. Ojciec musia\u0142 przyjecha\u0107 po ni\u0105 z Pary\u017ca, ona za\u015b przez kilka nast\u0119pnych miesi\u0119cy ledwo potrafi\u0142a chodzi\u0107, leczono j\u0105 r\u00f3wnie\u017c morfin\u0105.<\/p>\n\n\n\n<p>W 1892 roku u Mickiewicz\u00f3w zacz\u0105\u0142 bywa\u0107 Wac\u0142aw Orlikowski, guwerner syna Paderewskiego. M\u0142odzi szybko zakochali si\u0119 w sobie, niestety on ze swoj\u0105 pozycj\u0105 nie \u015bmia\u0142 prosi\u0107 o jej r\u0119k\u0119. Dopiero kiedy postanowi\u0142 opu\u015bci\u0107 Pary\u017c i wyjecha\u0107 do Afryki, Mariotka przedstawi\u0142a spraw\u0119 rodzicom. Gotowa by\u0142a czeka\u0107 na jego powr\u00f3t i szczerze wierzy\u0142a, \u017ce Wac\u0142aw dorobi si\u0119 i b\u0119dzie w stanie ich utrzymywa\u0107. Jej rodzice tymczasem usi\u0142owali zorientowa\u0107 si\u0119, kim tak naprawd\u0119 by\u0142 jej ukochany. Po d\u0142ugim czasie nawi\u0105zano kontakt z jego bratem, kt\u00f3ry wyjawi\u0142, \u017ce Wac\u0142aw przepu\u015bci\u0142 maj\u0105tek rodzinny na grze w karty i urz\u0105dzaniu dzikich orgii. Zrozumia\u0142a niech\u0119\u0107 W\u0142adys\u0142awa i jego \u017cony nie rozdzieli\u0142a zakochanych. Orlikowski wyjecha\u0142 do Londynu, gdzie wyda\u0142 wszystkie pieni\u0105dze, a nast\u0119pnie targn\u0105\u0142 si\u0119 na swoje \u017cycie. Wreszcie przepad\u0142 bez wie\u015bci.<\/p>\n\n\n\n<p>By\u0142 to smutny czas w \u017cyciu Mariotki. W 1896 roku niespodziewanie zmar\u0142a jej starsza siostra Helena, a ona sama zosta\u0142a jedyn\u0105 dziedziczk\u0105 nazwiska dziadka. Po niepowodzeniach osobistych wszystkie si\u0142y po\u015bwi\u0119ci\u0142a pomocy ojcu w dbaniu o spu\u015bcizn\u0119 po Adamie Mickiewiczu. Obj\u0119\u0142a funkcj\u0119 wiceprezeski w Stowarzyszeniu Dam Polskich, w czasie I wojny \u015bwiatowej wspomaga\u0142a przebywaj\u0105cych we Francji Artyst\u00f3w, a tak\u017ce je\u017adzi\u0142a po obozach jenieckich, wyszukuj\u0105c w\u015br\u00f3d nich Polak\u00f3w wcielonych do armii austriackich czy niemieckich. Po wojnie przez jaki\u015b czas wsp\u00f3\u0142pracowa\u0142a z Ignacym Paderewskim, szybko jednak zniech\u0119ci\u0142a si\u0119 do polityki.<\/p>\n\n\n\n<p>Po \u015bmierci rodzic\u00f3w w roku 1926 Mariotka zacz\u0119\u0142a cierpie\u0107 na demencj\u0119. Rozdawa\u0142a pami\u0105tki rodzinne, niekiedy w przypadkowych przesy\u0142kach zawieraj\u0105c bezcenne przedmioty, poza tym bezkrytycznie wspomaga\u0142a finansowo przychodz\u0105cych do niej Polak\u00f3w, co wielu skwapliwie wykorzystywa\u0142o. Jednocze\u015bnie zazdro\u015bnie i zaborczo strzeg\u0142a zbior\u00f3w przed badaczami, obawiaj\u0105c si\u0119 przedstawienia dziadka w z\u0142ym \u015bwietle. Zmar\u0142a w wieku 83 lat w Pary\u017cu.<\/p>\n","protected":false},"excerpt":{"rendered":"<p>Joanna J\u00f3zefina Maria Mickiewicz Data i miejsce urodzenia 8 wrze\u015bnia 1868 rokuPary\u017c Data i miejsce \u015bmierci 25 maja 1952 rokuPary\u017c Rodzice W\u0142adys\u0142aw (1838-1926)Maria z Malewskich (1834-1926) Rodze\u0144stwo Helena (1864-1896)Adam (1866-1866)Celina (1867-1870)Adam (1870-1870) Maria Mickiewicz\u00f3wna, wnuczka Adama Mickiewicza, by\u0142a m\u0142odsz\u0105 c\u00f3rk\u0105 W\u0142adys\u0142awa Mickiewicza i jego \u017cony Marii z Malewskich, i dla odr\u00f3\u017cnienia od tak licznych w [&hellip;]<\/p>\n","protected":false},"author":1,"featured_media":0,"parent":0,"menu_order":0,"comment_status":"closed","ping_status":"closed","template":"","meta":[],"_links":{"self":[{"href":"https:\/\/paryskiesalonyromantykow.pl\/index.php\/wp-json\/wp\/v2\/pages\/1633"}],"collection":[{"href":"https:\/\/paryskiesalonyromantykow.pl\/index.php\/wp-json\/wp\/v2\/pages"}],"about":[{"href":"https:\/\/paryskiesalonyromantykow.pl\/index.php\/wp-json\/wp\/v2\/types\/page"}],"author":[{"embeddable":true,"href":"https:\/\/paryskiesalonyromantykow.pl\/index.php\/wp-json\/wp\/v2\/users\/1"}],"replies":[{"embeddable":true,"href":"https:\/\/paryskiesalonyromantykow.pl\/index.php\/wp-json\/wp\/v2\/comments?post=1633"}],"version-history":[{"count":3,"href":"https:\/\/paryskiesalonyromantykow.pl\/index.php\/wp-json\/wp\/v2\/pages\/1633\/revisions"}],"predecessor-version":[{"id":1648,"href":"https:\/\/paryskiesalonyromantykow.pl\/index.php\/wp-json\/wp\/v2\/pages\/1633\/revisions\/1648"}],"wp:attachment":[{"href":"https:\/\/paryskiesalonyromantykow.pl\/index.php\/wp-json\/wp\/v2\/media?parent=1633"}],"curies":[{"name":"wp","href":"https:\/\/api.w.org\/{rel}","templated":true}]}}