{"id":1625,"date":"2021-04-07T12:36:17","date_gmt":"2021-04-07T10:36:17","guid":{"rendered":"http:\/\/paryskiesalonyromantykow.pl\/?page_id=1625"},"modified":"2021-07-25T12:04:06","modified_gmt":"2021-07-25T10:04:06","slug":"william-wordsworth","status":"publish","type":"page","link":"https:\/\/paryskiesalonyromantykow.pl\/index.php\/william-wordsworth\/","title":{"rendered":"William Wordsworth"},"content":{"rendered":"\n<figure class=\"wp-block-table aligncenter is-style-stripes\"><table><tbody><tr><td class=\"has-text-align-left\" data-align=\"left\"><img loading=\"lazy\" width=\"1000\" height=\"1000\" class=\"wp-image-1627\" style=\"width: 200px;\" src=\"http:\/\/paryskiesalonyromantykow.pl\/wp-content\/uploads\/2021\/04\/pjimage-4.jpg\" alt=\"\" srcset=\"https:\/\/paryskiesalonyromantykow.pl\/wp-content\/uploads\/2021\/04\/pjimage-4.jpg 1000w, https:\/\/paryskiesalonyromantykow.pl\/wp-content\/uploads\/2021\/04\/pjimage-4-300x300.jpg 300w, https:\/\/paryskiesalonyromantykow.pl\/wp-content\/uploads\/2021\/04\/pjimage-4-150x150.jpg 150w, https:\/\/paryskiesalonyromantykow.pl\/wp-content\/uploads\/2021\/04\/pjimage-4-768x768.jpg 768w\" sizes=\"(max-width: 1000px) 100vw, 1000px\" \/><\/td><td>William Wordsworth<\/td><\/tr><tr><td class=\"has-text-align-left\" data-align=\"left\"><strong>Data i miejsce urodzenia<\/strong><\/td><td>7 kwietnia 1770 roku<br>Cockermouth<\/td><\/tr><tr><td class=\"has-text-align-left\" data-align=\"left\"><strong>Data i miejsce \u015bmierci<\/strong><\/td><td>23 kwietnia 1850 roku<br>Rydal<\/td><\/tr><tr><td class=\"has-text-align-left\" data-align=\"left\"><strong>Rodzice<\/strong><\/td><td>John Wordsworth (1741-1783)<br>Ann Cookson (1747-1778)<\/td><\/tr><tr><td class=\"has-text-align-left\" data-align=\"left\"><strong>Rodze\u0144stwo<\/strong><\/td><td>Richard (1768-1816)<br>Dorothy (1771-1855)<br>John (1772-1805)<br>Christopher (1774-1846)<\/td><\/tr><tr><td class=\"has-text-align-left\" data-align=\"left\"><strong>\u017bona<\/strong><\/td><td>Mary Hutchinson (1770-1859)<\/td><\/tr><tr><td class=\"has-text-align-left\" data-align=\"left\"><strong>Dzieci<\/strong><\/td><td>Anne Caroline (1792-1862)<br>John (1803-1875)<br>Dorothea (1804-1874)<br>Thomas (1806-1812)<br>Catherine (1809-1812)<br>William (1810-1883)<\/td><\/tr><\/tbody><\/table><\/figure>\n\n\n\n<p>William Wordsworth, angielski poeta i prekursor romantyzmu, by\u0142 drugim z pi\u0119ciorga dzieci Johna Wordswortha, prowincjonalnego adwokata, i jego \u017cony Ann Cookson. Ma\u0142y William od dziecka uwielbia\u0142 czyta\u0107, zach\u0119cany przez wiecznie nieobecnego ojca. Lubi\u0142 sp\u0119dza\u0107 czas w samotno\u015bci &#8211; czy to podczas spacer\u00f3w po okolicznych borach, czy podczas nocnych sp\u0142yw\u00f3w \u0142\u00f3dk\u0105 po jeziorze. Kontakt z przyrod\u0105 silnie wp\u0142yn\u0105\u0142 na jego wra\u017cliwo\u015b\u0107.<\/p>\n\n\n\n<p>Po \u015bmierci rodzic\u00f3w wychowywa\u0142 si\u0119 u krewnych. Zadebiutowa\u0142 poetycko jako siedemnastolatek na \u0142amach The European Magazine, niebawem te\u017c rozpocz\u0105\u0142 studia na uniwersytecie w Cambridge. Jak sam p\u00f3\u017aniej przyzna\u0142, niewiele mu da\u0142y. W 1790 roku wybra\u0142 si\u0119 w piesz\u0105 podr\u00f3\u017c w Alpy przez Francj\u0119, w kt\u00f3rej trwa\u0142a rewolucja. Kraj ten zachwyci\u0142 poet\u0119, dlatego te\u017c zaraz po uko\u0144czeniu studi\u00f3w przeprowadzi\u0142 si\u0119 tam i zacz\u0105\u0142 zg\u0142\u0119bia\u0107 tamtejsz\u0105 kultur\u0119. Zakocha\u0142 si\u0119 w Annette Vallon, c\u00f3rce orlea\u0144skiego lekarza, z kt\u00f3r\u0105 mia\u0142 c\u00f3rk\u0119 Anne Caroline.<\/p>\n\n\n\n<p>Gdy w 1793 roku wybuch\u0142a wojna francusko-angielska, William wr\u00f3ci\u0142 do ojczyzny, wyjazd ten przyp\u0142aci\u0142 jednak ci\u0119\u017ck\u0105 depresj\u0105. Niespodziewanie otrzymany spadek po zmar\u0142ym przyjacielu znacz\u0105co poprawi\u0142 jego sytuacj\u0119 finansow\u0105 i pozwoli\u0142 mu na przeprowadzk\u0119 wraz z siostr\u0105 Dorothy na wie\u015b. W 1795 roku pozna\u0142 <a href=\"https:\/\/paryskiesalonyromantykow.pl\/index.php\/samuel-taylor-coleridge\/\" data-type=\"page\" data-id=\"1817\">Samuela Coleridge&#8217;a<\/a>, z kt\u00f3rym szybko si\u0119 zaprzyja\u017ani\u0142. Trzy lata p\u00f3\u017aniej panowie wydali wsp\u00f3lnie tomik &#8222;Ballady liryczne&#8221;, uznawany za pierwsz\u0105 angielsk\u0105 ksi\u0105\u017ck\u0119 poetyck\u0105 w nurcie romantyzmu.<\/p>\n\n\n\n<p>W 1802 roku William postanowi\u0142 po\u015blubi\u0107 Mary Hutchinson, przyjaci\u00f3\u0142k\u0119 z dzieci\u0144stwa. Pozosta\u0142a jednak kwestia Annette i Anne Caroline, dlatego wraz z siostr\u0105 Dorothy wybra\u0142 si\u0119 do Francji, by wyja\u015bni\u0107 sytuacj\u0119. Zobaczy\u0142 wtedy swoj\u0105 nie\u015blubn\u0105 c\u00f3rk\u0119 po raz pierwszy w \u017cyciu. Po powrocie do kraju 4 pa\u017adziernika William i Mary wzi\u0119li \u015blub, po kt\u00f3rym doczekali pi\u0119ciorga dzieci.<\/p>\n\n\n\n<p>W nast\u0119pnych latach wi\u00f3d\u0142 spokojny \u017cywot poety docenianego zar\u00f3wno przez krytyk\u00f3w, jak i czytelnik\u00f3w. Oparciem by\u0142y dla niego zar\u00f3wno Mary, jak i Dorothy, kt\u00f3ra mieszka\u0142a z Wordsworthami. Jego przyja\u017a\u0144 z Coleridge&#8217;em r\u00f3wnie\u017c wytrwa\u0142a wiele lat. W 1843 roku zosta\u0142 odznaczony tytu\u0142em &#8222;poeta laureatus&#8221; przez kr\u00f3low\u0105 Wiktori\u0119. Zmar\u0142 w wieku 80 lat na zapalenie op\u0142ucnej.<\/p>\n","protected":false},"excerpt":{"rendered":"<p>William Wordsworth Data i miejsce urodzenia 7 kwietnia 1770 rokuCockermouth Data i miejsce \u015bmierci 23 kwietnia 1850 rokuRydal Rodzice John Wordsworth (1741-1783)Ann Cookson (1747-1778) Rodze\u0144stwo Richard (1768-1816)Dorothy (1771-1855)John (1772-1805)Christopher (1774-1846) \u017bona Mary Hutchinson (1770-1859) Dzieci Anne Caroline (1792-1862)John (1803-1875)Dorothea (1804-1874)Thomas (1806-1812)Catherine (1809-1812)William (1810-1883) William Wordsworth, angielski poeta i prekursor romantyzmu, by\u0142 drugim z pi\u0119ciorga dzieci [&hellip;]<\/p>\n","protected":false},"author":1,"featured_media":0,"parent":0,"menu_order":0,"comment_status":"closed","ping_status":"closed","template":"","meta":[],"_links":{"self":[{"href":"https:\/\/paryskiesalonyromantykow.pl\/index.php\/wp-json\/wp\/v2\/pages\/1625"}],"collection":[{"href":"https:\/\/paryskiesalonyromantykow.pl\/index.php\/wp-json\/wp\/v2\/pages"}],"about":[{"href":"https:\/\/paryskiesalonyromantykow.pl\/index.php\/wp-json\/wp\/v2\/types\/page"}],"author":[{"embeddable":true,"href":"https:\/\/paryskiesalonyromantykow.pl\/index.php\/wp-json\/wp\/v2\/users\/1"}],"replies":[{"embeddable":true,"href":"https:\/\/paryskiesalonyromantykow.pl\/index.php\/wp-json\/wp\/v2\/comments?post=1625"}],"version-history":[{"count":3,"href":"https:\/\/paryskiesalonyromantykow.pl\/index.php\/wp-json\/wp\/v2\/pages\/1625\/revisions"}],"predecessor-version":[{"id":1823,"href":"https:\/\/paryskiesalonyromantykow.pl\/index.php\/wp-json\/wp\/v2\/pages\/1625\/revisions\/1823"}],"wp:attachment":[{"href":"https:\/\/paryskiesalonyromantykow.pl\/index.php\/wp-json\/wp\/v2\/media?parent=1625"}],"curies":[{"name":"wp","href":"https:\/\/api.w.org\/{rel}","templated":true}]}}