{"id":1574,"date":"2021-03-08T12:02:06","date_gmt":"2021-03-08T11:02:06","guid":{"rendered":"http:\/\/paryskiesalonyromantykow.pl\/?page_id=1574"},"modified":"2022-03-10T13:52:13","modified_gmt":"2022-03-10T12:52:13","slug":"ksawery-norwid","status":"publish","type":"page","link":"https:\/\/paryskiesalonyromantykow.pl\/index.php\/ksawery-norwid\/","title":{"rendered":"Ksawery Norwid"},"content":{"rendered":"\n<figure class=\"wp-block-table aligncenter is-style-stripes\"><table><tbody><tr><td class=\"has-text-align-left\" data-align=\"left\"><img loading=\"lazy\" width=\"1000\" height=\"1000\" class=\"wp-image-1575\" style=\"width: 200px;\" src=\"http:\/\/paryskiesalonyromantykow.pl\/wp-content\/uploads\/2021\/03\/Ksawery.jpg\" alt=\"\" srcset=\"https:\/\/paryskiesalonyromantykow.pl\/wp-content\/uploads\/2021\/03\/Ksawery.jpg 1000w, https:\/\/paryskiesalonyromantykow.pl\/wp-content\/uploads\/2021\/03\/Ksawery-300x300.jpg 300w, https:\/\/paryskiesalonyromantykow.pl\/wp-content\/uploads\/2021\/03\/Ksawery-150x150.jpg 150w, https:\/\/paryskiesalonyromantykow.pl\/wp-content\/uploads\/2021\/03\/Ksawery-768x768.jpg 768w\" sizes=\"(max-width: 1000px) 100vw, 1000px\" \/><\/td><td>Ksawery Franciszek Norwid<\/td><\/tr><tr><td class=\"has-text-align-left\" data-align=\"left\"><strong>Data i miejsce urodzenia<\/strong><\/td><td>9 marca 1825 roku<br>Laskowo-G\u0142uchy<\/td><\/tr><tr><td class=\"has-text-align-left\" data-align=\"left\"><strong>Data i miejsce \u015bmierci<\/strong><\/td><td>6 maja 1864 roku<br>Wroc\u0142aw<\/td><\/tr><tr><td class=\"has-text-align-left\" data-align=\"left\"><strong>Rodzice<\/strong><\/td><td>Jan Norwid (1784-1835)<br>Ludwika ze Zdzieborskich (1798-1825)<\/td><\/tr><tr><td class=\"has-text-align-left\" data-align=\"left\"><strong>Rodze\u0144stwo<\/strong><\/td><td><a href=\"https:\/\/paryskiesalonyromantykow.pl\/index.php\/ludwik-norwid\/\" data-type=\"page\" data-id=\"265\">Ludwik (1818-1881)<\/a><br><a href=\"https:\/\/paryskiesalonyromantykow.pl\/index.php\/paulina-suska\/\" data-type=\"page\" data-id=\"1582\">Paulina (1820-1860)<\/a><br><a href=\"https:\/\/paryskiesalonyromantykow.pl\/index.php\/cyprian-norwid\/\" data-type=\"page\" data-id=\"176\">Cyprian (1821-1883)<\/a><\/td><\/tr><tr><td class=\"has-text-align-left\" data-align=\"left\"><strong>\u017bona<\/strong><\/td><td>Zofia z Sobieskich (1833-1912)<\/td><\/tr><tr><td class=\"has-text-align-left\" data-align=\"left\"><strong>Dzieci<\/strong><\/td><td>Maria (1863-1928)<\/td><\/tr><\/tbody><\/table><\/figure>\n\n\n\n<p>Ksawery Norwid to urz\u0119dnik i kupiec, a tak\u017ce brat <a href=\"https:\/\/paryskiesalonyromantykow.pl\/index.php\/cyprian-norwid\/\" data-type=\"page\" data-id=\"176\">Cypriana<\/a> i <a href=\"https:\/\/paryskiesalonyromantykow.pl\/index.php\/ludwik-norwid\/\" data-type=\"page\" data-id=\"265\">Ludwika<\/a>. By\u0142 najm\u0142odszym dzieckiem Jana Norwida i Ludwiki ze Zdzieborskich, lecz jego matka zmar\u0142a kr\u00f3tko po jego narodzinach. Ksawerym i jego rodze\u0144stwem zaopiekowa\u0142a si\u0119 prababka, Hilaria Sobieska. Po jej \u015bmierci Jan z dzie\u0107mi przeni\u00f3s\u0142 si\u0119 do Warszawy, lecz sam nied\u0142ugo p\u00f3\u017aniej zmar\u0142, a na opiekuna jego potomstwa wyznaczono Ksawerego Dybowskiego.<\/p>\n\n\n\n<p>Bracia wsp\u00f3lnie ucz\u0119szczali do Gimnazjum na Lesznie, a\u017c Ludwik zapisa\u0142 si\u0119 do Instytutu Gospodarstwa Wiejskiego w Marymoncie pod Warszaw\u0105, a Cyprian do szko\u0142y malarskiego prowadzonej przez Aleksandra Kokulara przy Krakowskim Przedmie\u015bciu. Podczas gdy jego bracia zdobywali s\u0142aw\u0119 w \u015brodowisku literackim i utrzymywali kontakty z Cyganeri\u0105 Warszawsk\u0105, Ksawery jako osiemnastolatek podj\u0105\u0142 prac\u0119 w Towarzystwie Kredytowym-Ziemskim.<\/p>\n\n\n\n<p>W czasie Wiosny Lud\u00f3w Ksawery uda\u0142 si\u0119 w Pozna\u0144skie z zamiarem wzi\u0119cia udzia\u0142u w powstaniu, lecz zosta\u0142 aresztowany w pierwszym mie\u015bcie pruskim, do kt\u00f3rego zaw\u0119drowa\u0142, i internowany w ma\u0142ym pruskim miasteczku garnizonowym. Po uwolnieniu wyemigrowa\u0142 do Pary\u017ca, gdzie w 1849 roku odwiedzi\u0142 go brat Cyprian. Nast\u0119pnie przeprowadzi\u0142 si\u0119 do Marsylii, gdzie obj\u0105\u0142 stanowisko rachmistrza w Kompanii Budowy Kolei w zak\u0142adzie Piotra Falkenhagena-Zaleskiego.<\/p>\n\n\n\n<p>W 1861 roku powr\u00f3ci\u0142 do Warszawy, gdzie po\u015blubi\u0142 Zofi\u0119 Komierowsk\u0105 z Sobieskich, wdow\u0119 po poecie J\u00f3zefie Komierowskim i swoj\u0105 niedalek\u0105 krewn\u0105 (kuzynk\u0105 Ludwiki Norwidowej, jego matki). Niebawem urodzi\u0142a si\u0119 ich jedyna c\u00f3rka, Maria. Niestety Ksawery nie nacieszy\u0142 si\u0119 rodzin\u0105 &#8211; zmar\u0142 w wieku zaledwie 39 lat.<\/p>\n","protected":false},"excerpt":{"rendered":"<p>Ksawery Franciszek Norwid Data i miejsce urodzenia 9 marca 1825 rokuLaskowo-G\u0142uchy Data i miejsce \u015bmierci 6 maja 1864 rokuWroc\u0142aw Rodzice Jan Norwid (1784-1835)Ludwika ze Zdzieborskich (1798-1825) Rodze\u0144stwo Ludwik (1818-1881)Paulina (1820-1860)Cyprian (1821-1883) \u017bona Zofia z Sobieskich (1833-1912) Dzieci Maria (1863-1928) Ksawery Norwid to urz\u0119dnik i kupiec, a tak\u017ce brat Cypriana i Ludwika. By\u0142 najm\u0142odszym dzieckiem Jana [&hellip;]<\/p>\n","protected":false},"author":1,"featured_media":0,"parent":0,"menu_order":0,"comment_status":"closed","ping_status":"closed","template":"","meta":[],"_links":{"self":[{"href":"https:\/\/paryskiesalonyromantykow.pl\/index.php\/wp-json\/wp\/v2\/pages\/1574"}],"collection":[{"href":"https:\/\/paryskiesalonyromantykow.pl\/index.php\/wp-json\/wp\/v2\/pages"}],"about":[{"href":"https:\/\/paryskiesalonyromantykow.pl\/index.php\/wp-json\/wp\/v2\/types\/page"}],"author":[{"embeddable":true,"href":"https:\/\/paryskiesalonyromantykow.pl\/index.php\/wp-json\/wp\/v2\/users\/1"}],"replies":[{"embeddable":true,"href":"https:\/\/paryskiesalonyromantykow.pl\/index.php\/wp-json\/wp\/v2\/comments?post=1574"}],"version-history":[{"count":5,"href":"https:\/\/paryskiesalonyromantykow.pl\/index.php\/wp-json\/wp\/v2\/pages\/1574\/revisions"}],"predecessor-version":[{"id":2224,"href":"https:\/\/paryskiesalonyromantykow.pl\/index.php\/wp-json\/wp\/v2\/pages\/1574\/revisions\/2224"}],"wp:attachment":[{"href":"https:\/\/paryskiesalonyromantykow.pl\/index.php\/wp-json\/wp\/v2\/media?parent=1574"}],"curies":[{"name":"wp","href":"https:\/\/api.w.org\/{rel}","templated":true}]}}