{"id":1556,"date":"2021-02-27T10:00:40","date_gmt":"2021-02-27T09:00:40","guid":{"rendered":"http:\/\/paryskiesalonyromantykow.pl\/?page_id=1556"},"modified":"2021-02-27T10:00:41","modified_gmt":"2021-02-27T09:00:41","slug":"teofil-lenartowicz","status":"publish","type":"page","link":"https:\/\/paryskiesalonyromantykow.pl\/index.php\/teofil-lenartowicz\/","title":{"rendered":"Teofil Lenartowicz"},"content":{"rendered":"\n<figure class=\"wp-block-table aligncenter is-style-stripes\"><table><tbody><tr><td class=\"has-text-align-left\" data-align=\"left\"><img loading=\"lazy\" width=\"1000\" height=\"1000\" class=\"wp-image-1557\" style=\"width: 200px;\" src=\"http:\/\/paryskiesalonyromantykow.pl\/wp-content\/uploads\/2021\/02\/pjimage-3.jpg\" alt=\"\" srcset=\"https:\/\/paryskiesalonyromantykow.pl\/wp-content\/uploads\/2021\/02\/pjimage-3.jpg 1000w, https:\/\/paryskiesalonyromantykow.pl\/wp-content\/uploads\/2021\/02\/pjimage-3-300x300.jpg 300w, https:\/\/paryskiesalonyromantykow.pl\/wp-content\/uploads\/2021\/02\/pjimage-3-150x150.jpg 150w, https:\/\/paryskiesalonyromantykow.pl\/wp-content\/uploads\/2021\/02\/pjimage-3-768x768.jpg 768w\" sizes=\"(max-width: 1000px) 100vw, 1000px\" \/><\/td><td>Teofil Aleksander Lenartowicz<\/td><\/tr><tr><td class=\"has-text-align-left\" data-align=\"left\"><strong>Data i miejsce urodzenia<\/strong><\/td><td>27 lutego 1822 roku<br>Warszawa<\/td><\/tr><tr><td class=\"has-text-align-left\" data-align=\"left\"><strong>Data i miejsce \u015bmierci<\/strong><\/td><td>3 lutego 1893 roku<br>Florencja<\/td><\/tr><tr><td class=\"has-text-align-left\" data-align=\"left\"><strong>Rodzice<\/strong><\/td><td>Karol (1752-1829)<br>Maria z Kwasieborskich<\/td><\/tr><tr><td class=\"has-text-align-left\" data-align=\"left\"><strong>Rodze\u0144stwo<\/strong><\/td><td>Paulina (ok. 1818-1861)<\/td><\/tr><tr><td class=\"has-text-align-left\" data-align=\"left\"><strong>M\u0105\u017c<\/strong><\/td><td><a href=\"https:\/\/paryskiesalonyromantykow.pl\/index.php\/zofia-szymanowska\/\" data-type=\"page\" data-id=\"224\">Zofia z Szymanowskich (1825-1870)<\/a><\/td><\/tr><tr><td class=\"has-text-align-left\" data-align=\"left\"><strong>Dzieci<\/strong><\/td><td>Jan (1863-1864)<\/td><\/tr><\/tbody><\/table><\/figure>\n\n\n\n<p>Teofil Lenartowicz, poeta, rze\u017abiarz, etnograf i konspirator, by\u0142 synem Karola z drobnoszlacheckiej rodziny Lenartowicz\u00f3w, powsta\u0144ca ko\u015bciuszkowskiego, a p\u00f3\u017aniej majstra murarskiego i przedsi\u0119biorcy budowlanego, i Marii z Kwasieborskich. Po \u015bmierci ojca Teofil zamieszka\u0142 wraz z matk\u0105 i jej nast\u0119pnym m\u0119\u017cem na prowincji mazowieckiej w okolicach Rawy. Uko\u0144czy\u0142 szko\u0142\u0119 obwodow\u0105 w Warszawie i utrzymywa\u0142 si\u0119 tam z drobnych prac s\u0105downiczych. Jednocze\u015bnie zbli\u017cy\u0142 si\u0119 wtedy z Cyganeri\u0105 Warszawsk\u0105 oraz z Entuzjastkami skupionymi wok\u00f3\u0142 <a href=\"https:\/\/paryskiesalonyromantykow.pl\/index.php\/narcyza-zmichowska\/\" data-type=\"page\" data-id=\"212\">Narcyzy \u017bmichowskiej<\/a>. Zaprzyja\u017ani\u0142 si\u0119 z poet\u0105 <a href=\"https:\/\/paryskiesalonyromantykow.pl\/index.php\/roman-zmorski\/\" data-type=\"page\" data-id=\"518\">Romanem Zmorskim<\/a>, kompozytorem Ignacym Komorowskim, malarzem Wojciechem Gersonem i z <a href=\"https:\/\/paryskiesalonyromantykow.pl\/index.php\/cyprian-norwid\/\" data-type=\"page\" data-id=\"176\">Cyprianem Norwidem<\/a>. Swoje pierwsze utwory publikowa\u0142 w periodykach Cyganerii &#8211; w &#8222;Nadwi\u015blaninie&#8221; i &#8222;Przegl\u0105dzie Warszawskim&#8221;. Wraz z etnografem Oskarem Kolbergiem odbywa\u0142 podr\u00f3\u017ce po Mazowszu w celu zbierania i utrwalania tamtejszej kultury.<\/p>\n\n\n\n<p>Dzia\u0142alno\u015b\u0107 w konspiracji i udzia\u0142 we Wio\u015bnie Lud\u00f3w zmusi\u0142y go do opuszczenia Warszawy. W latach 1848-1851 roku podr\u00f3\u017cowa\u0142 po Wielkopolsce, zatrzymuj\u0105c si\u0119 u znajomych i stale zmieniaj\u0105c miejsca pobytu. Wreszcie wyjecha\u0142 do Brukseli, a nast\u0119pnie do Pary\u017ca, gdzie odnowi\u0142 znajomo\u015b\u0107 z Norwidem, a tak\u017ce pozna\u0142 <a href=\"https:\/\/paryskiesalonyromantykow.pl\/index.php\/adam-mickiewicz\/\" data-type=\"page\" data-id=\"138\">Adama Mickiewicza<\/a>.<br>W 1855 roku przeprowadzi\u0142 si\u0119 na sta\u0142e do W\u0142och, pocz\u0105tkowo do Rzymu, a od 1860 roku we Florencji. Niebawem pozna\u0142 tam <a href=\"https:\/\/paryskiesalonyromantykow.pl\/index.php\/zofia-szymanowska\/\" data-type=\"page\" data-id=\"224\">Zofi\u0119 Szymanowsk\u0105<\/a>, malark\u0119 i przyrodni\u0105 siostr\u0119 <a href=\"https:\/\/paryskiesalonyromantykow.pl\/index.php\/celina-mickiewiczowa\/\" data-type=\"page\" data-id=\"157\">Celiny Mickiewiczowej<\/a>. Szybko si\u0119 zaprzyja\u017anili, a \u017ce obojgu ci\u0105\u017cy\u0142 emigracyjny \u017cywot, postanowili wzi\u0105\u0107 \u015blub, by dzieli\u0107 jego trudy. Dopiero z czasem zrodzi\u0142o si\u0119 mi\u0119dzy nimi uczucie. Niestety ich jedyny syn Jan zmar\u0142 kr\u00f3tko po narodzinach. R\u00f3wnie\u017c zmagaj\u0105ca si\u0119 z gru\u017alic\u0105 Zofia odesz\u0142a nagle na zapalenie p\u0142uc.<\/p>\n\n\n\n<p>Teofil nie przestawa\u0142 tworzy\u0107, cho\u0107 po powstaniu styczniowym jego utwory krytycy, w szczeg\u00f3lno\u015bci Julian Klaczko, przyjmowali ch\u0142odno. Spodoba\u0142y si\u0119 za to J\u00f3zefowi Ignacemu Kraszewskiemu, z kt\u00f3rym Lenartowicz si\u0119 zaprzyja\u017ani\u0142. W 1875 odby\u0142 podr\u00f3\u017c do kraju, co zaowocowa\u0142o nowymi utworami.<\/p>\n\n\n\n<p>Od 1879 roku wyk\u0142ada\u0142 histori\u0119 literatur s\u0142owia\u0144skich na uniwersytecie w Bolonii. Po \u015bmierci jego cia\u0142o sprowadzono do kraju i pochowano w Krypcie Zas\u0142u\u017conych na Ska\u0142ce w Krakowie.<\/p>\n","protected":false},"excerpt":{"rendered":"<p>Teofil Aleksander Lenartowicz Data i miejsce urodzenia 27 lutego 1822 rokuWarszawa Data i miejsce \u015bmierci 3 lutego 1893 rokuFlorencja Rodzice Karol (1752-1829)Maria z Kwasieborskich Rodze\u0144stwo Paulina (ok. 1818-1861) M\u0105\u017c Zofia z Szymanowskich (1825-1870) Dzieci Jan (1863-1864) Teofil Lenartowicz, poeta, rze\u017abiarz, etnograf i konspirator, by\u0142 synem Karola z drobnoszlacheckiej rodziny Lenartowicz\u00f3w, powsta\u0144ca ko\u015bciuszkowskiego, a p\u00f3\u017aniej majstra [&hellip;]<\/p>\n","protected":false},"author":1,"featured_media":0,"parent":0,"menu_order":0,"comment_status":"closed","ping_status":"closed","template":"","meta":[],"_links":{"self":[{"href":"https:\/\/paryskiesalonyromantykow.pl\/index.php\/wp-json\/wp\/v2\/pages\/1556"}],"collection":[{"href":"https:\/\/paryskiesalonyromantykow.pl\/index.php\/wp-json\/wp\/v2\/pages"}],"about":[{"href":"https:\/\/paryskiesalonyromantykow.pl\/index.php\/wp-json\/wp\/v2\/types\/page"}],"author":[{"embeddable":true,"href":"https:\/\/paryskiesalonyromantykow.pl\/index.php\/wp-json\/wp\/v2\/users\/1"}],"replies":[{"embeddable":true,"href":"https:\/\/paryskiesalonyromantykow.pl\/index.php\/wp-json\/wp\/v2\/comments?post=1556"}],"version-history":[{"count":1,"href":"https:\/\/paryskiesalonyromantykow.pl\/index.php\/wp-json\/wp\/v2\/pages\/1556\/revisions"}],"predecessor-version":[{"id":1559,"href":"https:\/\/paryskiesalonyromantykow.pl\/index.php\/wp-json\/wp\/v2\/pages\/1556\/revisions\/1559"}],"wp:attachment":[{"href":"https:\/\/paryskiesalonyromantykow.pl\/index.php\/wp-json\/wp\/v2\/media?parent=1556"}],"curies":[{"name":"wp","href":"https:\/\/api.w.org\/{rel}","templated":true}]}}