{"id":1544,"date":"2021-02-14T11:49:54","date_gmt":"2021-02-14T10:49:54","guid":{"rendered":"http:\/\/paryskiesalonyromantykow.pl\/?page_id=1544"},"modified":"2021-02-14T22:36:25","modified_gmt":"2021-02-14T21:36:25","slug":"walenty-wankowicz","status":"publish","type":"page","link":"https:\/\/paryskiesalonyromantykow.pl\/index.php\/walenty-wankowicz\/","title":{"rendered":"Walenty Wa\u0144kowicz"},"content":{"rendered":"\n<figure class=\"wp-block-table aligncenter is-style-stripes\"><table><tbody><tr><td class=\"has-text-align-left\" data-align=\"left\"><img loading=\"lazy\" width=\"1000\" height=\"1343\" class=\"wp-image-1545\" style=\"width: 200px;\" src=\"http:\/\/paryskiesalonyromantykow.pl\/wp-content\/uploads\/2021\/02\/Walenty_wankowicz.jpg\" alt=\"\" srcset=\"https:\/\/paryskiesalonyromantykow.pl\/wp-content\/uploads\/2021\/02\/Walenty_wankowicz.jpg 1000w, https:\/\/paryskiesalonyromantykow.pl\/wp-content\/uploads\/2021\/02\/Walenty_wankowicz-223x300.jpg 223w, https:\/\/paryskiesalonyromantykow.pl\/wp-content\/uploads\/2021\/02\/Walenty_wankowicz-762x1024.jpg 762w, https:\/\/paryskiesalonyromantykow.pl\/wp-content\/uploads\/2021\/02\/Walenty_wankowicz-768x1031.jpg 768w\" sizes=\"(max-width: 1000px) 100vw, 1000px\" \/><\/td><td>Walenty Wa\u0144kowicz<\/td><\/tr><tr><td class=\"has-text-align-left\" data-align=\"left\"><strong>Data i miejsce urodzenia<\/strong><\/td><td>14 lutego 1799 roku<br>Ka\u0142u\u017cyce<\/td><\/tr><tr><td class=\"has-text-align-left\" data-align=\"left\"><strong>Data i miejsce \u015bmierci<\/strong><\/td><td>12 maja 1842 roku<br>Pary\u017c<\/td><\/tr><tr><td class=\"has-text-align-left\" data-align=\"left\"><strong>Rodzice<\/strong><\/td><td>Melchior<br>Scholastyka z Goreckich<\/td><\/tr><tr><td class=\"has-text-align-left\" data-align=\"left\"><strong>Rodze\u0144stwo<\/strong><\/td><td>Karol (1805-1854)<br>Stanis\u0142awa (ok. 1807-1888)<\/td><\/tr><tr><td class=\"has-text-align-left\" data-align=\"left\"><strong>\u017bona<\/strong><\/td><td>Aniela z Rostockich<\/td><\/tr><tr><td class=\"has-text-align-left\" data-align=\"left\"><strong>Dzieci<\/strong><\/td><td>Adam Wincenty (1827-ok. 1895)<br>Kazimierz Adam (1831-1891)<br>Jan Edward (1838\u20131899)<\/td><\/tr><\/tbody><\/table><\/figure>\n\n\n\n<p>Walenty Wa\u0144kowicz, malarz, filareta towia\u0144czyk, autor m.in. s\u0142ynnego &#8222;Portretu Mickiewicza na Judahu skale&#8221;, by\u0142 synem Melchiora Wa\u0144kowicza, s\u0119dziego mi\u0144skiego, i jego \u017cony Scholastyki z Goreckich. Jego brat, Karol, by\u0142 dziadkiem Melchiora Wa\u0144kowicza, pisarza i reporta\u017cysty.<\/p>\n\n\n\n<p>Walenty uczy\u0142 si\u0119 w kolegium jezuickim w Po\u0142ocku, gdzie zainteresowa\u0142 si\u0119 sztuk\u0105, po czym rozpocz\u0105\u0142 studia na Uniwersytecie Wile\u0144skim. By\u0142 uczniem Jana Rustema, kt\u00f3ry zachwyci\u0142 si\u0119 jego talentem na tyle, \u017ce pozwoli\u0142 mu malowa\u0107 w swojej pracowni. Wa\u0144kowicz nale\u017ca\u0142 tak\u017ce do Towarzystwa Filaret\u00f3w, co pozwoli\u0142o mu pozna\u0107 <a href=\"https:\/\/paryskiesalonyromantykow.pl\/index.php\/adam-mickiewicz\/\" data-type=\"page\" data-id=\"138\">Adama Mickiewicza<\/a>, kt\u00f3rego kilkakrotnie sportretowa\u0142. Prawdopodobnie wtedy wzi\u0105\u0142 \u015blub z Aniel\u0105 Rostock\u0105.<\/p>\n\n\n\n<p>Po uko\u0144czeniu studi\u00f3w malarskich w Wilnie zacz\u0105\u0142 studiowa\u0107 na ASP w Petersburgu, gdzie wielokrotnie nagradzano jego prace na konkursach. Pozna\u0142 tam Aleksandra Or\u0142owskiego, <a href=\"https:\/\/paryskiesalonyromantykow.pl\/index.php\/aleksander-puszkin\/\" data-type=\"page\" data-id=\"426\">Aleksandra Puszkina<\/a> i <a href=\"https:\/\/paryskiesalonyromantykow.pl\/index.php\/maria-szymanowska\/\" data-type=\"page\" data-id=\"234\">Mari\u0119 Szymanowsk\u0105<\/a>, wtedy te\u017c na powa\u017cnie zainteresowa\u0142 si\u0119 mistycyzmem. Czyta\u0142 prace Louisa Claude\u2019a de Saint Martina, Henri de Saint-Simona i Charles\u2019a Fouriera, przede wszystkim za\u015b przez znajomo\u015b\u0107 z wile\u0144skim lekarzem Ferdynandem Guttem zbli\u017cy\u0142 si\u0119 do <a href=\"https:\/\/paryskiesalonyromantykow.pl\/index.php\/andrzej-towianski\/\" data-type=\"page\" data-id=\"203\">Andrzeja Towia\u0144skiego<\/a>.<\/p>\n\n\n\n<p>Po wybuchu powstania listopadowego powr\u00f3ci\u0142 na Litw\u0119 i osiad\u0142 w maj\u0105tku \u015alepianka Ma\u0142a pod Mi\u0144skiem. Regularnie bywa\u0142 w Mi\u0144sku, gdzie mia\u0142 pracowni\u0119, i w Wilnie, gdzie odwiedza\u0142 Towia\u0144skiego i Gutta, pod wp\u0142ywem kt\u00f3rych malowa\u0142 obrazy inspirowane mistycyzmem. Wtedy te\u017c pozna\u0142 m\u0142odego <a href=\"https:\/\/paryskiesalonyromantykow.pl\/index.php\/stanislaw-moniuszko\/\" data-type=\"page\" data-id=\"431\">Stanis\u0142awa Moniuszk\u0119<\/a>.<\/p>\n\n\n\n<p>Oko\u0142o 1840 roku postanowi\u0142 przenie\u015b\u0107 si\u0119 do Pary\u017ca, pozostawiaj\u0105c na Litwie \u017con\u0119 z dzie\u0107mi (pono\u0107 dobrze zabezpieczonych finansowo) i do\u0142\u0105czaj\u0105c do Towia\u0144skich i Gutt\u00f3w. Podczas gdy Mistrz Andrzej wraz z Mickiewiczem zak\u0142adali Ko\u0142o Sprawy Bo\u017cej i werbowali nowych cz\u0142onk\u00f3w, podupadaj\u0105cy na zdrowiu Walenty tworzy\u0142 liczne portrety, z kt\u00f3rych wi\u0119kszo\u015b\u0107 nie zachowa\u0142a si\u0119 do naszych czas\u00f3w. Zmar\u0142 w 1842 roku w mieszkaniu Mickiewicz\u00f3w przy rue d&#8217;Amsterdam 1.<\/p>\n","protected":false},"excerpt":{"rendered":"<p>Walenty Wa\u0144kowicz Data i miejsce urodzenia 14 lutego 1799 rokuKa\u0142u\u017cyce Data i miejsce \u015bmierci 12 maja 1842 rokuPary\u017c Rodzice MelchiorScholastyka z Goreckich Rodze\u0144stwo Karol (1805-1854)Stanis\u0142awa (ok. 1807-1888) \u017bona Aniela z Rostockich Dzieci Adam Wincenty (1827-ok. 1895)Kazimierz Adam (1831-1891)Jan Edward (1838\u20131899) Walenty Wa\u0144kowicz, malarz, filareta towia\u0144czyk, autor m.in. s\u0142ynnego &#8222;Portretu Mickiewicza na Judahu skale&#8221;, by\u0142 synem [&hellip;]<\/p>\n","protected":false},"author":1,"featured_media":0,"parent":0,"menu_order":0,"comment_status":"closed","ping_status":"closed","template":"","meta":[],"_links":{"self":[{"href":"https:\/\/paryskiesalonyromantykow.pl\/index.php\/wp-json\/wp\/v2\/pages\/1544"}],"collection":[{"href":"https:\/\/paryskiesalonyromantykow.pl\/index.php\/wp-json\/wp\/v2\/pages"}],"about":[{"href":"https:\/\/paryskiesalonyromantykow.pl\/index.php\/wp-json\/wp\/v2\/types\/page"}],"author":[{"embeddable":true,"href":"https:\/\/paryskiesalonyromantykow.pl\/index.php\/wp-json\/wp\/v2\/users\/1"}],"replies":[{"embeddable":true,"href":"https:\/\/paryskiesalonyromantykow.pl\/index.php\/wp-json\/wp\/v2\/comments?post=1544"}],"version-history":[{"count":2,"href":"https:\/\/paryskiesalonyromantykow.pl\/index.php\/wp-json\/wp\/v2\/pages\/1544\/revisions"}],"predecessor-version":[{"id":1549,"href":"https:\/\/paryskiesalonyromantykow.pl\/index.php\/wp-json\/wp\/v2\/pages\/1544\/revisions\/1549"}],"wp:attachment":[{"href":"https:\/\/paryskiesalonyromantykow.pl\/index.php\/wp-json\/wp\/v2\/media?parent=1544"}],"curies":[{"name":"wp","href":"https:\/\/api.w.org\/{rel}","templated":true}]}}