{"id":153,"date":"2021-01-09T13:31:38","date_gmt":"2021-01-09T12:31:38","guid":{"rendered":"http:\/\/paryskiesalonyromantykow.pl\/?page_id=153"},"modified":"2021-09-04T10:46:16","modified_gmt":"2021-09-04T08:46:16","slug":"juliusz-slowacki","status":"publish","type":"page","link":"https:\/\/paryskiesalonyromantykow.pl\/index.php\/juliusz-slowacki\/","title":{"rendered":"Juliusz S\u0142owacki"},"content":{"rendered":"\n<figure class=\"wp-block-table aligncenter is-style-stripes\"><table><tbody><tr><td class=\"has-text-align-left\" data-align=\"left\"><img loading=\"lazy\" width=\"772\" height=\"805\" class=\"wp-image-121\" style=\"width: 150px;\" src=\"http:\/\/paryskiesalonyromantykow.pl\/wp-content\/uploads\/2021\/01\/1603322099732_686992509-e1610194756518.jpg\" alt=\"\" srcset=\"https:\/\/paryskiesalonyromantykow.pl\/wp-content\/uploads\/2021\/01\/1603322099732_686992509-e1610194756518.jpg 772w, https:\/\/paryskiesalonyromantykow.pl\/wp-content\/uploads\/2021\/01\/1603322099732_686992509-e1610194756518-288x300.jpg 288w, https:\/\/paryskiesalonyromantykow.pl\/wp-content\/uploads\/2021\/01\/1603322099732_686992509-e1610194756518-768x801.jpg 768w\" sizes=\"(max-width: 772px) 100vw, 772px\" \/><\/td><td>Juliusz S\u0142owacki<\/td><\/tr><tr><td class=\"has-text-align-left\" data-align=\"left\"><strong>Data i miejsce urodzenia<\/strong><\/td><td>4 wrze\u015bnia 1809 roku<br>Krzemieniec<\/td><\/tr><tr><td class=\"has-text-align-left\" data-align=\"left\"><strong>Data i miejsce \u015bmierci<\/strong><\/td><td>3 kwietnia 1849 roku<br>Pary\u017c<\/td><\/tr><tr><td class=\"has-text-align-left\" data-align=\"left\"><strong>Rodzice<\/strong><\/td><td><a href=\"https:\/\/paryskiesalonyromantykow.pl\/index.php\/euzebiusz-slowacki\/\" data-type=\"page\" data-id=\"544\">Euzebiusz S\u0142owacki (1772-1814)<\/a><br><a href=\"https:\/\/paryskiesalonyromantykow.pl\/index.php\/salomea-becu\/\" data-type=\"page\" data-id=\"390\">Salomea z Januszewskich (1792-1855)<\/a><br><a href=\"https:\/\/paryskiesalonyromantykow.pl\/index.php\/august-becu\/\" data-type=\"page\" data-id=\"587\">August Becu (1771-1824)<\/a> &#8211; ojczym<\/td><\/tr><tr><td class=\"has-text-align-left\" data-align=\"left\"><strong>Rodze\u0144stwo<\/strong><\/td><td><a href=\"https:\/\/paryskiesalonyromantykow.pl\/index.php\/aleksandra-mianowska\/\" data-type=\"page\" data-id=\"325\">Aleksandra (1803-1832)<\/a> &#8211; przybrana siostra<br><a href=\"https:\/\/paryskiesalonyromantykow.pl\/index.php\/hersylia-januszewska\/\" data-type=\"page\" data-id=\"330\">Hersylia (1805-1872)<\/a> &#8211; przybrana siostra<\/td><\/tr><\/tbody><\/table><\/figure>\n\n\n\n<p>Juliusz S\u0142owacki, jeden z najwa\u017cniejszych polskich poet\u00f3w wszech czas\u00f3w, urodzi\u0142 si\u0119 w Krzemie\u0144cu jako syn <a href=\"https:\/\/paryskiesalonyromantykow.pl\/index.php\/euzebiusz-slowacki\/\" data-type=\"page\" data-id=\"544\">Euzebiusza<\/a>, profesora literatury w Liceum Krzemienieckim i Cesarskim Uniwersytecie Wile\u0144skim, oraz <a href=\"https:\/\/paryskiesalonyromantykow.pl\/index.php\/salomea-becu\/\" data-type=\"page\" data-id=\"390\">Salomei z Januszewskich<\/a>. Gdy jako kilkulatek zosta\u0142 osierocony przez ojca, matka wysz\u0142a\u00a0za lekarza\u00a0<a href=\"https:\/\/paryskiesalonyromantykow.pl\/index.php\/august-becu\/\" data-type=\"page\" data-id=\"587\">Augusta B\u00e9cu<\/a> &#8211; tego samego, kt\u00f3ry sta\u0142 si\u0119 pierwowzorem postaci Doktora z trzeciej cz\u0119\u015bci \u201eDziad\u00f3w\u201d. Po kilku latach\u00a0B\u00e9cu r\u00f3wnie\u017c zmar\u0142. Spadek po nim oraz po rodzonym ojcu pozwoli\u0142 S\u0142owackiemu utrzymywa\u0107 si\u0119 przez reszt\u0119 \u017cycia, jak r\u00f3wnie\u017c finansowa\u0107 swoje liczne podr\u00f3\u017ce. Jego matka prowadzi\u0142a w Wilnie salon literacki, kt\u00f3ry umo\u017cliwia\u0142 jej synowi poznawanie znakomitych polskich literat\u00f3w. Wtedy te\u017c Juliusz po raz pierwszy spotka\u0142 <a href=\"https:\/\/paryskiesalonyromantykow.pl\/index.php\/adam-mickiewicz\/\" data-type=\"page\" data-id=\"138\">Adama Mickiewicza<\/a>, kt\u00f3ry jako student by\u0142 ju\u017c uznanym poet\u0105.<\/p>\n\n\n\n<p>S\u0142owacki sko\u0144czy\u0142 studia prawnicze i zacz\u0105\u0142 prac\u0119 w warszawskiej Komisji Rz\u0105dowej Przychod\u00f3w i Skarbu. By\u0142 r\u00f3wnie\u017c jednym z niewielu polskich romantyk\u00f3w, kt\u00f3rzy faktycznie wzi\u0119li udzia\u0142 w powstaniu listopadowym \u2013 cho\u0107 ze wzgl\u0119du na stan zdrowia nie na polu bitwy. Udziela\u0142 si\u0119 mocno w powsta\u0144czym Biurze Dyplomatycznym ksi\u0119cia Adama Czartoryskiego. Nied\u0142ugo p\u00f3\u017aniej wyruszy\u0142 w swoj\u0105 pierwsz\u0105 podr\u00f3\u017c, odwiedzaj\u0105c w ramach misji dyplomatycznej Pary\u017c i Londyn. Po wykonaniu zadania poeta przeni\u00f3s\u0142 si\u0119 do stolicy Francji, pragn\u0105c nawi\u0105za\u0107 kontakt z tamtejszymi rodakami. Miasto jednak mocno go rozczarowa\u0142o. W dodatku ukaza\u0142a si\u0119 wtedy wspomniana trzecia cz\u0119\u015b\u0107 \u201eDziad\u00f3w\u201d, a to w po\u0142\u0105czeniu z nastrojami panuj\u0105cymi w\u015br\u00f3d emigracji mocno przygn\u0119bia\u0142o S\u0142owackiego.<\/p>\n\n\n\n<p>Uda\u0142 si\u0119 najpierw do Genewy, gdzie sp\u0119dza\u0142 czas na pisaniu poezji i w\u0119dr\u00f3wkach po g\u00f3rach, a nast\u0119pnie do Rzymu, gdzie pozna\u0142 m\u0142odego <a href=\"https:\/\/paryskiesalonyromantykow.pl\/index.php\/zygmunt-krasinski\/\" data-type=\"page\" data-id=\"494\">Zygmunta Krasi\u0144skiego<\/a>. Poeci mocno si\u0119 zaprzyja\u017anili, a Krasi\u0144ski sta\u0142 si\u0119 pierwszym wielbicielem tw\u00f3rczo\u015bci starszego kolegi po pi\u00f3rze. P\u00f3\u017aniej Juliusz wyruszy\u0142 w podr\u00f3\u017c do Ziemi \u015awi\u0119tej, aby po powrocie zn\u00f3w osi\u0105\u015b\u0107 w Pary\u017cu.<\/p>\n\n\n\n<p>Gdy Mickiewicz i <a href=\"https:\/\/paryskiesalonyromantykow.pl\/index.php\/andrzej-towianski\/\" data-type=\"page\" data-id=\"203\">Towia\u0144ski<\/a> za\u0142o\u017cyli Ko\u0142o Sprawy Bo\u017cej, S\u0142owacki bardzo si\u0119 nim zainteresowa\u0142 i niebawem do\u0142\u0105czy\u0142 do towia\u0144czyk\u00f3w. Nie m\u00f3g\u0142 jednak znie\u015b\u0107 zakazu pisania ani bierno\u015bci w sprawach narodowo-wyzwole\u0144czych, poza tym odm\u00f3wi\u0142 publicznego p\u0142aszczenia si\u0119 przed Mickiewiczem. Po odej\u015bciu z Ko\u0142a zebra\u0142 wok\u00f3\u0142 siebie swoich zwolennik\u00f3w, z kt\u00f3rymi spotyka\u0142 si\u0119 do\u015b\u0107 regularnie. By\u0142 w\u015br\u00f3d nich <a href=\"https:\/\/paryskiesalonyromantykow.pl\/index.php\/ludwik-norwid\/\" data-type=\"page\" data-id=\"265\">Ludwik Norwid<\/a>, brat <a href=\"https:\/\/paryskiesalonyromantykow.pl\/index.php\/cyprian-norwid\/\" data-type=\"page\" data-id=\"176\">Cypriana<\/a>.<\/p>\n\n\n\n<p>Gdy w 1848 roku wybuch\u0142o powstanie wielkopolskie, ci\u0119\u017cko chory na gru\u017alic\u0119 Juliusz wyruszy\u0142 w podr\u00f3\u017c do Wroc\u0142awia, aby po raz ostatni zobaczy\u0107 ukochan\u0105 matk\u0119. Kilka miesi\u0119cy p\u00f3\u017aniej zmar\u0142 w swoim paryskim mieszkaniu. Na jego pogrzebie zjawi\u0142o si\u0119 zaledwie oko\u0142o trzydziestu os\u00f3b, w tym Cyprian Norwid, kt\u00f3ry by\u0142 zafascynowany krzemienieckim poet\u0105 i zd\u0105\u017cy\u0142 go pozna\u0107 przed \u015bmierci\u0105.<\/p>\n","protected":false},"excerpt":{"rendered":"<p>Juliusz S\u0142owacki Data i miejsce urodzenia 4 wrze\u015bnia 1809 rokuKrzemieniec Data i miejsce \u015bmierci 3 kwietnia 1849 rokuPary\u017c Rodzice Euzebiusz S\u0142owacki (1772-1814)Salomea z Januszewskich (1792-1855)August Becu (1771-1824) &#8211; ojczym Rodze\u0144stwo Aleksandra (1803-1832) &#8211; przybrana siostraHersylia (1805-1872) &#8211; przybrana siostra Juliusz S\u0142owacki, jeden z najwa\u017cniejszych polskich poet\u00f3w wszech czas\u00f3w, urodzi\u0142 si\u0119 w Krzemie\u0144cu jako syn Euzebiusza, [&hellip;]<\/p>\n","protected":false},"author":1,"featured_media":0,"parent":0,"menu_order":0,"comment_status":"closed","ping_status":"closed","template":"","meta":[],"_links":{"self":[{"href":"https:\/\/paryskiesalonyromantykow.pl\/index.php\/wp-json\/wp\/v2\/pages\/153"}],"collection":[{"href":"https:\/\/paryskiesalonyromantykow.pl\/index.php\/wp-json\/wp\/v2\/pages"}],"about":[{"href":"https:\/\/paryskiesalonyromantykow.pl\/index.php\/wp-json\/wp\/v2\/types\/page"}],"author":[{"embeddable":true,"href":"https:\/\/paryskiesalonyromantykow.pl\/index.php\/wp-json\/wp\/v2\/users\/1"}],"replies":[{"embeddable":true,"href":"https:\/\/paryskiesalonyromantykow.pl\/index.php\/wp-json\/wp\/v2\/comments?post=153"}],"version-history":[{"count":7,"href":"https:\/\/paryskiesalonyromantykow.pl\/index.php\/wp-json\/wp\/v2\/pages\/153\/revisions"}],"predecessor-version":[{"id":1872,"href":"https:\/\/paryskiesalonyromantykow.pl\/index.php\/wp-json\/wp\/v2\/pages\/153\/revisions\/1872"}],"wp:attachment":[{"href":"https:\/\/paryskiesalonyromantykow.pl\/index.php\/wp-json\/wp\/v2\/media?parent=153"}],"curies":[{"name":"wp","href":"https:\/\/api.w.org\/{rel}","templated":true}]}}