{"id":1527,"date":"2021-02-02T16:41:59","date_gmt":"2021-02-02T15:41:59","guid":{"rendered":"http:\/\/paryskiesalonyromantykow.pl\/?page_id=1527"},"modified":"2021-11-14T17:29:20","modified_gmt":"2021-11-14T16:29:20","slug":"fanny-mendelssohn","status":"publish","type":"page","link":"https:\/\/paryskiesalonyromantykow.pl\/index.php\/fanny-mendelssohn\/","title":{"rendered":"Fanny Mendelssohn"},"content":{"rendered":"\n<figure class=\"wp-block-table aligncenter is-style-stripes\"><table><tbody><tr><td class=\"has-text-align-left\" data-align=\"left\"><img loading=\"lazy\" width=\"1280\" height=\"1561\" class=\"wp-image-1528\" style=\"width: 200px;\" src=\"http:\/\/paryskiesalonyromantykow.pl\/wp-content\/uploads\/2021\/02\/fanny.jpg\" alt=\"\" srcset=\"https:\/\/paryskiesalonyromantykow.pl\/wp-content\/uploads\/2021\/02\/fanny.jpg 1280w, https:\/\/paryskiesalonyromantykow.pl\/wp-content\/uploads\/2021\/02\/fanny-246x300.jpg 246w, https:\/\/paryskiesalonyromantykow.pl\/wp-content\/uploads\/2021\/02\/fanny-840x1024.jpg 840w, https:\/\/paryskiesalonyromantykow.pl\/wp-content\/uploads\/2021\/02\/fanny-768x937.jpg 768w, https:\/\/paryskiesalonyromantykow.pl\/wp-content\/uploads\/2021\/02\/fanny-1260x1536.jpg 1260w\" sizes=\"(max-width: 1280px) 100vw, 1280px\" \/><\/td><td>Fanny Cecilia Hensel z domu Mendelssohn<\/td><\/tr><tr><td class=\"has-text-align-left\" data-align=\"left\"><strong>Data i miejsce urodzenia<\/strong><\/td><td>14 listopada 1805 roku<br>Hamburg<\/td><\/tr><tr><td class=\"has-text-align-left\" data-align=\"left\"><strong>Data i miejsce \u015bmierci<\/strong><\/td><td>14 maja 1847 roku<br>Berlin<\/td><\/tr><tr><td class=\"has-text-align-left\" data-align=\"left\"><strong>Rodzice<\/strong><\/td><td>Abraham (1776-1835)<br>Lea z domu Salomon (1777-1842)<\/td><\/tr><tr><td class=\"has-text-align-left\" data-align=\"left\"><strong>Rodze\u0144stwo<\/strong><\/td><td><a href=\"https:\/\/paryskiesalonyromantykow.pl\/index.php\/felix-mendelssohn-bartholdy\/\" data-type=\"page\" data-id=\"1531\">Felix (1809-1847)<\/a><br>Rebecka (1811-1858)<br>Paul (1812-1874)<\/td><\/tr><tr><td class=\"has-text-align-left\" data-align=\"left\"><strong>M\u0105\u017c<\/strong><\/td><td>Wilhelm Hensel (1794-1861)<\/td><\/tr><tr><td class=\"has-text-align-left\" data-align=\"left\"><strong>Dzieci<\/strong><\/td><td>Sebastian Ludwig (1830-1898)<\/td><\/tr><\/tbody><\/table><\/figure>\n\n\n\n<p>Fanny Mendelssohn, niemiecka pianistka i kompozytorka, siostra <a href=\"https:\/\/paryskiesalonyromantykow.pl\/index.php\/felix-mendelssohn-bartholdy\/\" data-type=\"page\" data-id=\"1531\">Felixa Mendelssohn-Bartholdy&#8217;ego<\/a>, by\u0142a najstarszym z czworga dzieci Abrahama Mendelssona i jego \u017cony, Lei z domu Salomon. Cho\u0107 pochodzi\u0142a z rodziny \u017cydowskiej, zosta\u0142a ochrzczona w obrz\u0105dku ewangelickim w 1816 roku, a jej ojciec zmieni\u0142 rodzinne nazwisko na Mendelssohn Bartholdy. Ona i jej brat Felix ostro sprzeciwiali si\u0119 tej zmianie, nie chcieli bowiem odcina\u0107 si\u0119 od korzeni.<\/p>\n\n\n\n<p>Ju\u017c jako dziecko Fanny wykazywa\u0142a talent muzyczny. Pierwsze lekcje gry na fortepianie dawa\u0142a jej matka, kt\u00f3ra nauczy\u0142a j\u0105 utwor\u00f3w Bacha. Nast\u0119pnie Fanny i Felix zacz\u0119li szkoli\u0107 si\u0119 u Ludwiga Bergera i Carla Friedricha Zeltera. Zelter uwa\u017ca\u0142 dziewczyn\u0119 za zdolniejsz\u0105 od brata, ale w tamtych czasach starano si\u0119 zniech\u0119ca\u0107 kobiety do rozwijania kariery artystycznej. Jej ojciec napisa\u0142 do niej w 1820 roku: &#8222;Muzyka stanie si\u0119 jego [Felixa] profesj\u0105, a dla ciebie mo\u017ce by\u0107 i musi by\u0107 tylko ozdob\u0105.&#8221; Sam Felix stara\u0142 si\u0119 j\u0105 wspiera\u0107, cho\u0107 sprzeciwia\u0142 si\u0119 publikacji utwor\u00f3w pod jej w\u0142asnym nazwiskiem. Otwarcie przyznawa\u0142 te\u017c, \u017ce by\u0142a zdolniejsz\u0105 pianistk\u0105 od niego.<\/p>\n\n\n\n<p>W 1823 roku Fanny zar\u0119czy\u0142a si\u0119 potajemnie z malarzem Wilhelmem Henselem, jednak jej rodzice byli przeciwni temu zwi\u0105zkowi (wybranek by\u0142 katolikiem) i zabronili im si\u0119 kontaktowa\u0107. Pi\u0119\u0107 nast\u0119pnych lat Hensel sp\u0119dzi\u0142 we W\u0142oszech, gdzie zaznajomi\u0142 si\u0119 z wujem Fanny, Jakobem Bartholdym, kt\u00f3ry pom\u00f3g\u0142 mu prze\u0142ama\u0107 op\u00f3r przysz\u0142ych te\u015bci\u00f3w. W mi\u0119dzyczasie jej ojciec kupi\u0142 pa\u0142ac w Berlinie. Co niedziela odbywa\u0142y si\u0119 tam wsp\u00f3lne koncerty Fanny i Felixa, wkr\u00f3tce te\u017c wok\u00f3\u0142 rodze\u0144stwa powsta\u0142 kr\u0105g artystyczny i intelektualny, do kt\u00f3rego nale\u017celi mi\u0119dzy innymi <a href=\"https:\/\/paryskiesalonyromantykow.pl\/index.php\/ferenc-liszt\/\" data-type=\"page\" data-id=\"309\">Ferenc Liszt<\/a> i <a href=\"https:\/\/paryskiesalonyromantykow.pl\/index.php\/clara-schumann\/\" data-type=\"page\" data-id=\"345\">Clara Schumann<\/a>. W 1829 roku Hensel powr\u00f3ci\u0142 z W\u0142och i uda\u0142o mu si\u0119 uzyska\u0107 zgod\u0119 na \u015blub z ukochan\u0105. Rok p\u00f3\u017aniej urodzi\u0142o si\u0119 ich jedyne dziecko, Sebastian Ludwig Felix Hensel. Nast\u0119pne ci\u0105\u017ce pianistki (w 1832 i 1837 roku) ko\u0144czy\u0142y si\u0119 poronieniami. Ma\u0142\u017ce\u0144stwo by\u0142o zgodne i zgrane &#8211; Hensel wspiera\u0142 artystyczne d\u0105\u017cenia ma\u0142\u017conki i zach\u0119ca\u0142 j\u0105 do publikacji swoich utwor\u00f3w.<\/p>\n\n\n\n<p>Po raz pierwszy wyst\u0105pi\u0142a publicznie w 1838 roku, wykonuj\u0105c koncerty brata. W 1839 roku wraz z m\u0119\u017cem udali si\u0119 na roczn\u0105 podr\u00f3\u017c do W\u0142och. Czas ten nale\u017ca\u0142 do najszcz\u0119\u015bliwszych okres\u00f3w w \u017cyciu kompozytorki, pozna\u0142a bowiem wtedy wielu muzyk\u00f3w, kt\u00f3rzy z uznaniem wypowiadali si\u0119 o jej kunszcie i wspierali j\u0105 w d\u0105\u017ceniach. Jednak dopiero w 1846 roku zdecydowa\u0142a si\u0119 opublikowa\u0107 swoje utwory pod w\u0142asnym nazwiskiem.<\/p>\n\n\n\n<p>Niestety podczas pr\u00f3b przed kolejnym niedzielnym koncertem niespodziewanie dosta\u0142a udaru m\u00f3zgu i zmar\u0142a w wieku zaledwie 41 lat. Po jej \u015bmierci Felix zapad\u0142 w g\u0142\u0119bok\u0105 depresj\u0119 i niespe\u0142na p\u00f3\u0142 roku p\u00f3\u017aniej sam dokona\u0142 \u017cywota.<\/p>\n","protected":false},"excerpt":{"rendered":"<p>Fanny Cecilia Hensel z domu Mendelssohn Data i miejsce urodzenia 14 listopada 1805 rokuHamburg Data i miejsce \u015bmierci 14 maja 1847 rokuBerlin Rodzice Abraham (1776-1835)Lea z domu Salomon (1777-1842) Rodze\u0144stwo Felix (1809-1847)Rebecka (1811-1858)Paul (1812-1874) M\u0105\u017c Wilhelm Hensel (1794-1861) Dzieci Sebastian Ludwig (1830-1898) Fanny Mendelssohn, niemiecka pianistka i kompozytorka, siostra Felixa Mendelssohn-Bartholdy&#8217;ego, by\u0142a najstarszym z czworga [&hellip;]<\/p>\n","protected":false},"author":1,"featured_media":0,"parent":0,"menu_order":0,"comment_status":"closed","ping_status":"closed","template":"","meta":[],"_links":{"self":[{"href":"https:\/\/paryskiesalonyromantykow.pl\/index.php\/wp-json\/wp\/v2\/pages\/1527"}],"collection":[{"href":"https:\/\/paryskiesalonyromantykow.pl\/index.php\/wp-json\/wp\/v2\/pages"}],"about":[{"href":"https:\/\/paryskiesalonyromantykow.pl\/index.php\/wp-json\/wp\/v2\/types\/page"}],"author":[{"embeddable":true,"href":"https:\/\/paryskiesalonyromantykow.pl\/index.php\/wp-json\/wp\/v2\/users\/1"}],"replies":[{"embeddable":true,"href":"https:\/\/paryskiesalonyromantykow.pl\/index.php\/wp-json\/wp\/v2\/comments?post=1527"}],"version-history":[{"count":3,"href":"https:\/\/paryskiesalonyromantykow.pl\/index.php\/wp-json\/wp\/v2\/pages\/1527\/revisions"}],"predecessor-version":[{"id":1928,"href":"https:\/\/paryskiesalonyromantykow.pl\/index.php\/wp-json\/wp\/v2\/pages\/1527\/revisions\/1928"}],"wp:attachment":[{"href":"https:\/\/paryskiesalonyromantykow.pl\/index.php\/wp-json\/wp\/v2\/media?parent=1527"}],"curies":[{"name":"wp","href":"https:\/\/api.w.org\/{rel}","templated":true}]}}