{"id":1493,"date":"2021-01-20T18:41:19","date_gmt":"2021-01-20T17:41:19","guid":{"rendered":"http:\/\/paryskiesalonyromantykow.pl\/?page_id=1493"},"modified":"2021-01-20T18:41:20","modified_gmt":"2021-01-20T17:41:20","slug":"john-keats-o-smierci","status":"publish","type":"page","link":"https:\/\/paryskiesalonyromantykow.pl\/index.php\/john-keats-o-smierci\/","title":{"rendered":"John Keats &#8211; O \u015bmierci"},"content":{"rendered":"\n<p>Czy\u017c \u015bmier\u0107 jest snem &#8211; gdy \u017cy\u00adcie jest jak sen,<br>Kt\u00f3\u00adre\u00adgo ka\u017c\u00adda sce\u00adna to wi\u00addzia\u00add\u0142o<br>Ula\u00adtu\u00adj\u0105\u00adce sprzed oczu, a cie\u0144<br>Nie\u00adprze\u00adnik\u00adnio\u00adnej \u015bmier\u00adci pada gro\u00adz\u0105 na\u00adg\u0142\u0105?<br>Dziw\u00adne, \u017ce b\u0142\u0105\u00addz\u0105c ziem\u00adsk\u0105 \u015bcie\u017c\u00adk\u0105 snu,<br>W\u015br\u00f3d kl\u0119sk i nie\u00adszcz\u0119\u015b\u0107 ostrych jak ka\u00admie\u00adnie,<br>Nie \u015bmie\u00admy my\u00ad\u015ble\u0107, cho\u00adcia\u017c brak ju\u017c tchu,<br>\u017be ten cie\u0144, kt\u00f3\u00adry kre\u00adsem jest &#8211; to prze\u00adbu\u00addze\u00adnie.<\/p>\n","protected":false},"excerpt":{"rendered":"<p>Czy\u017c \u015bmier\u0107 jest snem &#8211; gdy \u017cy\u00adcie jest jak sen,Kt\u00f3\u00adre\u00adgo ka\u017c\u00adda sce\u00adna to wi\u00addzia\u00add\u0142oUla\u00adtu\u00adj\u0105\u00adce sprzed oczu, a cie\u0144Nie\u00adprze\u00adnik\u00adnio\u00adnej \u015bmier\u00adci pada gro\u00adz\u0105 na\u00adg\u0142\u0105?Dziw\u00adne, \u017ce b\u0142\u0105\u00addz\u0105c ziem\u00adsk\u0105 \u015bcie\u017c\u00adk\u0105 snu,W\u015br\u00f3d kl\u0119sk i nie\u00adszcz\u0119\u015b\u0107 ostrych jak ka\u00admie\u00adnie,Nie \u015bmie\u00admy my\u00ad\u015ble\u0107, cho\u00adcia\u017c brak ju\u017c tchu,\u017be ten cie\u0144, kt\u00f3\u00adry kre\u00adsem jest &#8211; to prze\u00adbu\u00addze\u00adnie.<\/p>\n","protected":false},"author":1,"featured_media":0,"parent":0,"menu_order":0,"comment_status":"closed","ping_status":"closed","template":"","meta":[],"_links":{"self":[{"href":"https:\/\/paryskiesalonyromantykow.pl\/index.php\/wp-json\/wp\/v2\/pages\/1493"}],"collection":[{"href":"https:\/\/paryskiesalonyromantykow.pl\/index.php\/wp-json\/wp\/v2\/pages"}],"about":[{"href":"https:\/\/paryskiesalonyromantykow.pl\/index.php\/wp-json\/wp\/v2\/types\/page"}],"author":[{"embeddable":true,"href":"https:\/\/paryskiesalonyromantykow.pl\/index.php\/wp-json\/wp\/v2\/users\/1"}],"replies":[{"embeddable":true,"href":"https:\/\/paryskiesalonyromantykow.pl\/index.php\/wp-json\/wp\/v2\/comments?post=1493"}],"version-history":[{"count":1,"href":"https:\/\/paryskiesalonyromantykow.pl\/index.php\/wp-json\/wp\/v2\/pages\/1493\/revisions"}],"predecessor-version":[{"id":1495,"href":"https:\/\/paryskiesalonyromantykow.pl\/index.php\/wp-json\/wp\/v2\/pages\/1493\/revisions\/1495"}],"wp:attachment":[{"href":"https:\/\/paryskiesalonyromantykow.pl\/index.php\/wp-json\/wp\/v2\/media?parent=1493"}],"curies":[{"name":"wp","href":"https:\/\/api.w.org\/{rel}","templated":true}]}}