{"id":1490,"date":"2021-01-20T18:39:57","date_gmt":"2021-01-20T17:39:57","guid":{"rendered":"http:\/\/paryskiesalonyromantykow.pl\/?page_id=1490"},"modified":"2021-01-20T18:39:57","modified_gmt":"2021-01-20T17:39:57","slug":"john-keats-la-belle-dame-sans-merci","status":"publish","type":"page","link":"https:\/\/paryskiesalonyromantykow.pl\/index.php\/john-keats-la-belle-dame-sans-merci\/","title":{"rendered":"John Keats &#8211; La Belle Dame Sans Merci"},"content":{"rendered":"\n<p>Sa\u00admot\u00adny, bla\u00addy &#8211; cze\u00admu b\u0142\u0105\u00addzisz,<br>C\u00f3\u017c ci\u0119 tak, n\u0119dz\u00adny cz\u0142e\u00adcze, smu\u00adci?<br>Z\u017c\u00f3\u0142\u00adk\u0142o si\u00adto\u00adwie nad je\u00adzio\u00adrem<br>I \u017ca\u00adden ptak nie nuci.<\/p>\n\n\n\n<p>Ach, cz\u0142e\u00adcze n\u0119dz\u00adny, c\u00f3\u017c ci\u0119 smu\u00adci,<br>\u017be\u015b tak przy\u00adbi\u00adty i stro\u00adska\u00adny?<br>Wie\u00adwi\u00f3r\u00adka ma ju\u017c spi\u00adchlerz pe\u00ad\u0142en,<br>Na po\u00adlach plon ze\u00adbra\u00adny.<\/p>\n\n\n\n<p>Wi\u00addz\u0119: na czo\u00adle two\u00adim li\u00adlia<br>Ros\u0105 trw\u00f3g cho\u00adrych udr\u0119\u00adczo\u00adna,<br>Na licu twym wi\u0119d\u00adn\u0105\u00adca r\u00f3\u017ca &#8211;<br>I ona za\u00adraz sko\u00adna<\/p>\n\n\n\n<p>Spo\u00adtka\u00ad\u0142em Dam\u0119-cud na b\u0142o\u00adniu<br>Cud-ba\u00ad\u015bni dzie\u00adci\u0119, pi\u0119k\u00adna ca\u0142a!<br>Ach, w\u0142o\u00adsy d\u0142u\u00adgie, sto\u00adpy lek\u00adkie,<br>A oczy dzi\u00adkie mia\u00ad\u0142a.<\/p>\n\n\n\n<p>Wzi\u0105\u00ad\u0142em j\u0105 z sob\u0105 na ru\u00adma\u00adka,<br>W dzie\u0144 ja\u00adsny \u015bwiat mi znik\u00adn\u0105\u0142 w z\u0142u\u00addach,<br>\u015apie\u00adwa\u00ad\u0142a, na bok prze\u00adchy\u00adlo\u00adna,<br>Pie\u015b\u0144 o ba\u00ad\u015bnio\u00adwych cu\u00addach.<\/p>\n\n\n\n<p>Wia\u00adnek jej splo\u00adt\u0142em wo\u00adk\u00f3\u0142 g\u0142o\u00adwy,<br>Pas won\u00adny, bran\u00adso\u00adle\u00adty wiot\u00adkie.<br>Pa\u00adtrza\u00ad\u0142a na mnie &#8211; wzrok jak mi\u00ad\u0142o\u015b\u0107.<br>\u017bal sp\u0142y\u00adn\u0105\u0142 w s\u0142o\u00adwa s\u0142od\u00adkie.<\/p>\n\n\n\n<p>S\u0142od\u00adkie ko\u00adrzon\u00adki mi zna\u00adla\u00adz\u0142a,<br>Mi\u00f3d le\u00ad\u015bny, rosy man\u00adn\u0119 w nie\u00adbie,<br>I rze\u00adk\u0142a \u015bmia\u00ad\u0142o mow\u0105 dziw\u00adn\u0105:<br>Na\u00adpraw\u00add\u0119 ko\u00adcham cie\u00adbie.<\/p>\n\n\n\n<p>Za\u00adbra\u00ad\u0142a mnie do el\u00adf\u00f3w gro\u00adty.<br>Wzdy\u00adcha i wzro\u00adkiem za mn\u0105 to\u00adczy.<br>Do snu za\u00admkn\u0105\u00ad\u0142em po\u00adca\u00ad\u0142un\u00adkiem<br>Jej smut\u00adne, dzi\u00adkie oczy.<\/p>\n\n\n\n<p>\u015ani\u00adli\u00ad\u015bmy ra\u00adzem na mchach mi\u0119k\u00adkich.<br>Ach, bia\u00adda! sen m\u00f3j by\u0142 jak bu\u00adrza.<br>Ostat\u00adni sen to, kt\u00f3\u00adry \u015bni\u00ad\u0142em<br>Na ch\u0142od\u00adnym sto\u00adku wzg\u00f3\u00adrza.<\/p>\n\n\n\n<p>Wi\u00addzia\u00ad\u0142em ksi\u0105\u00ad\u017c\u0105t i ry\u00adce\u00adrzy<br>Bla\u00addych jak \u015bmier\u0107 &#8211; ta bla\u00addo\u015b\u0107 boli.<br>Wo\u00ad\u0142a\u00adli: La bel\u00adle Dame sans mer\u00adci<br>Ma oto ci\u0119 w nie\u00adwo\u00adli.<\/p>\n\n\n\n<p>Zg\u0142od\u00adnia\u00ad\u0142e war\u00adgi ich wi\u00addzia\u00ad\u0142em<br>Roz\u00adwar\u00adte strasz\u00adnie w mro\u00adku.<br>Ze snu zbu\u00addzi\u00ad\u0142em si\u0119, wci\u0105\u017c le\u00ad\u017c\u0105c<br>Na ch\u0142od\u00adnym wzg\u00f3\u00adrza sto\u00adku.<\/p>\n\n\n\n<p>Oto dla\u00adcze\u00adgo b\u0142\u0105\u00addz\u0119 tu\u00adtaj<br>sa\u00admot\u00adny, bla\u00addy &#8211; bla\u00addo\u015b\u0107 smu\u00adci,<br>Z\u017c\u00f3\u0142\u00adk\u0142o si\u00adto\u00adwie nad je\u00adzio\u00adrem<br>I \u017ca\u00adden ptak nie nuci.<\/p>\n","protected":false},"excerpt":{"rendered":"<p>Sa\u00admot\u00adny, bla\u00addy &#8211; cze\u00admu b\u0142\u0105\u00addzisz,C\u00f3\u017c ci\u0119 tak, n\u0119dz\u00adny cz\u0142e\u00adcze, smu\u00adci?Z\u017c\u00f3\u0142\u00adk\u0142o si\u00adto\u00adwie nad je\u00adzio\u00adremI \u017ca\u00adden ptak nie nuci. Ach, cz\u0142e\u00adcze n\u0119dz\u00adny, c\u00f3\u017c ci\u0119 smu\u00adci,\u017be\u015b tak przy\u00adbi\u00adty i stro\u00adska\u00adny?Wie\u00adwi\u00f3r\u00adka ma ju\u017c spi\u00adchlerz pe\u00ad\u0142en,Na po\u00adlach plon ze\u00adbra\u00adny. Wi\u00addz\u0119: na czo\u00adle two\u00adim li\u00adliaRos\u0105 trw\u00f3g cho\u00adrych udr\u0119\u00adczo\u00adna,Na licu twym wi\u0119d\u00adn\u0105\u00adca r\u00f3\u017ca &#8211;I ona za\u00adraz sko\u00adna Spo\u00adtka\u00ad\u0142em Dam\u0119-cud na b\u0142o\u00adniuCud-ba\u00ad\u015bni dzie\u00adci\u0119, [&hellip;]<\/p>\n","protected":false},"author":1,"featured_media":0,"parent":0,"menu_order":0,"comment_status":"closed","ping_status":"closed","template":"","meta":[],"_links":{"self":[{"href":"https:\/\/paryskiesalonyromantykow.pl\/index.php\/wp-json\/wp\/v2\/pages\/1490"}],"collection":[{"href":"https:\/\/paryskiesalonyromantykow.pl\/index.php\/wp-json\/wp\/v2\/pages"}],"about":[{"href":"https:\/\/paryskiesalonyromantykow.pl\/index.php\/wp-json\/wp\/v2\/types\/page"}],"author":[{"embeddable":true,"href":"https:\/\/paryskiesalonyromantykow.pl\/index.php\/wp-json\/wp\/v2\/users\/1"}],"replies":[{"embeddable":true,"href":"https:\/\/paryskiesalonyromantykow.pl\/index.php\/wp-json\/wp\/v2\/comments?post=1490"}],"version-history":[{"count":1,"href":"https:\/\/paryskiesalonyromantykow.pl\/index.php\/wp-json\/wp\/v2\/pages\/1490\/revisions"}],"predecessor-version":[{"id":1492,"href":"https:\/\/paryskiesalonyromantykow.pl\/index.php\/wp-json\/wp\/v2\/pages\/1490\/revisions\/1492"}],"wp:attachment":[{"href":"https:\/\/paryskiesalonyromantykow.pl\/index.php\/wp-json\/wp\/v2\/media?parent=1490"}],"curies":[{"name":"wp","href":"https:\/\/api.w.org\/{rel}","templated":true}]}}