{"id":1487,"date":"2021-01-20T18:38:09","date_gmt":"2021-01-20T17:38:09","guid":{"rendered":"http:\/\/paryskiesalonyromantykow.pl\/?page_id=1487"},"modified":"2021-01-20T18:38:09","modified_gmt":"2021-01-20T17:38:09","slug":"john-keats-jasna-gwiazdo","status":"publish","type":"page","link":"https:\/\/paryskiesalonyromantykow.pl\/index.php\/john-keats-jasna-gwiazdo\/","title":{"rendered":"John Keats &#8211; Jasna gwiazdo"},"content":{"rendered":"\n<p>Ja\u00adsna gwiaz\u00addo, o, gdy\u00adbym m\u00f3g\u0142 tak nie\u00adprze\u00adrwa\u00adnie<br>Jak ty \u2014 nie, nie pro\u00admie\u00adnie\u0107 sa\u00admot\u00adnie, wy\u00adso\u00adko<br>Jak na wiecz\u00adno\u015b\u0107 roz\u00adwar\u00adte, w na\u00adtu\u00adry ot\u00adch\u0142a\u00adnie<br>Bez\u00adsen\u00adnie za\u00adpa\u00adtrzo\u00adne pu\u00adstel\u00adni\u00adka oko;<br>Nie \u015ble\u00addzi\u0107, jak w od\u00adwiecz\u00adnym ka\u00adp\u0142a\u0144\u00adskim mo\u00adzo\u00adle<br>Wody m\u00f3rz ob\u00admy\u00adwa\u00adj\u0105 ludz\u00adkich l\u0105\u00add\u00f3w brze\u00adgi,<br>Lub jak na ostre rysy \u0142a\u0144\u00adcu\u00adch\u00f3w g\u00f3r w dole<br>Ma\u00adsk\u0105 czy\u00adst\u0105 i mi\u0119k\u00adk\u0105 opa\u00adda\u00adj\u0105 \u015bnie\u00adgi;<br>Nie \u2014 ra\u00adczej nie\u00adprze\u00adrwa\u00adnie jak ty i nie\u00adzmien\u00adnie<br>Trwa\u0107 jak te\u00adraz, skro\u0144 tu\u00adl\u0105c do pier\u00adsi dziew\u00adcz\u0119\u00adcej,<br>Czu\u0107 bez ko\u0144\u00adca, jak od\u00addech uno\u00adsi j\u0105 sen\u00adnie,<br>Na sen nie tra\u00adci\u0107 od\u00adt\u0105d ani chwi\u00adli wi\u0119\u00adcej<br>I wci\u0105\u017c, wci\u0105\u017c s\u0142y\u00adsze\u0107 r\u00f3w\u00adny puls ser\u00adca w tej pier\u00adsi,<br>I \u017cy\u0107 tak wiecz\u00adnie \u2014 albo za\u00adpa\u015b\u0107 w wiecz\u00adno\u015b\u0107 \u015bmier\u00adci.<\/p>\n","protected":false},"excerpt":{"rendered":"<p>Ja\u00adsna gwiaz\u00addo, o, gdy\u00adbym m\u00f3g\u0142 tak nie\u00adprze\u00adrwa\u00adnieJak ty \u2014 nie, nie pro\u00admie\u00adnie\u0107 sa\u00admot\u00adnie, wy\u00adso\u00adkoJak na wiecz\u00adno\u015b\u0107 roz\u00adwar\u00adte, w na\u00adtu\u00adry ot\u00adch\u0142a\u00adnieBez\u00adsen\u00adnie za\u00adpa\u00adtrzo\u00adne pu\u00adstel\u00adni\u00adka oko;Nie \u015ble\u00addzi\u0107, jak w od\u00adwiecz\u00adnym ka\u00adp\u0142a\u0144\u00adskim mo\u00adzo\u00adleWody m\u00f3rz ob\u00admy\u00adwa\u00adj\u0105 ludz\u00adkich l\u0105\u00add\u00f3w brze\u00adgi,Lub jak na ostre rysy \u0142a\u0144\u00adcu\u00adch\u00f3w g\u00f3r w doleMa\u00adsk\u0105 czy\u00adst\u0105 i mi\u0119k\u00adk\u0105 opa\u00adda\u00adj\u0105 \u015bnie\u00adgi;Nie \u2014 ra\u00adczej nie\u00adprze\u00adrwa\u00adnie jak ty i nie\u00adzmien\u00adnieTrwa\u0107 jak [&hellip;]<\/p>\n","protected":false},"author":1,"featured_media":0,"parent":0,"menu_order":0,"comment_status":"closed","ping_status":"closed","template":"","meta":[],"_links":{"self":[{"href":"https:\/\/paryskiesalonyromantykow.pl\/index.php\/wp-json\/wp\/v2\/pages\/1487"}],"collection":[{"href":"https:\/\/paryskiesalonyromantykow.pl\/index.php\/wp-json\/wp\/v2\/pages"}],"about":[{"href":"https:\/\/paryskiesalonyromantykow.pl\/index.php\/wp-json\/wp\/v2\/types\/page"}],"author":[{"embeddable":true,"href":"https:\/\/paryskiesalonyromantykow.pl\/index.php\/wp-json\/wp\/v2\/users\/1"}],"replies":[{"embeddable":true,"href":"https:\/\/paryskiesalonyromantykow.pl\/index.php\/wp-json\/wp\/v2\/comments?post=1487"}],"version-history":[{"count":1,"href":"https:\/\/paryskiesalonyromantykow.pl\/index.php\/wp-json\/wp\/v2\/pages\/1487\/revisions"}],"predecessor-version":[{"id":1489,"href":"https:\/\/paryskiesalonyromantykow.pl\/index.php\/wp-json\/wp\/v2\/pages\/1487\/revisions\/1489"}],"wp:attachment":[{"href":"https:\/\/paryskiesalonyromantykow.pl\/index.php\/wp-json\/wp\/v2\/media?parent=1487"}],"curies":[{"name":"wp","href":"https:\/\/api.w.org\/{rel}","templated":true}]}}