{"id":1484,"date":"2021-01-20T18:37:18","date_gmt":"2021-01-20T17:37:18","guid":{"rendered":"http:\/\/paryskiesalonyromantykow.pl\/?page_id=1484"},"modified":"2021-01-20T18:37:19","modified_gmt":"2021-01-20T17:37:19","slug":"john-keats-do-samotnosci","status":"publish","type":"page","link":"https:\/\/paryskiesalonyromantykow.pl\/index.php\/john-keats-do-samotnosci\/","title":{"rendered":"John Keats &#8211; Do samotno\u015bci"},"content":{"rendered":"\n<p>O sa\u00admot\u00adno\u00ad\u015bci! Chc\u0105c z tob\u0105 wie\u015b\u0107 \u017cy\u00adcie,<br>Nie w miej\u00adskich gma\u00adch\u00f3w po\u00admie\u00adsza\u00adne mury,<br>Jeno, by \u015ble\u00addzi\u0107 w\u0142a\u00adda\u00adnie Na\u00adtu\u00adry,<br>Szed\u0142\u00adbym na g\u00f3r\u00adskim wy\u00adpo\u00adczy\u00adwa\u0107 szczy\u00adcie.<\/p>\n\n\n\n<p>Tu st\u0105d pa\u00adtrza\u0142\u00adbym na kwiet\u00adne po\u00adkry\u00adcie<br>Do\u00adlin, na stru\u00admie\u0144, try\u00adska\u00adj\u0105\u00adcy z g\u00f3ry<br>Fal\u0105 krysz\u00adta\u00ad\u0142\u00f3w, i jak je\u00adle\u0144 bury<br>Wy\u00adp\u0119\u00addza psz\u00adczo\u00ad\u0142\u0119 z na\u00adparst\u00adnic. W tym by\u00adcie<\/p>\n\n\n\n<p>Cho\u0107 roz\u00admi\u00ad\u0142o\u00adwan, rad bym prze\u00adcie\u017c w two\u00adjem<br>I\u015b\u0107 to\u00adwa\u00adrzy\u00adstwie mi\u0119\u00addzy wiel\u00adkie du\u00adchy,<br>By na m\u0105\u00addro\u00ad\u015bci ich s\u0142o\u00adwa nie\u00adg\u0142u\u00adchy,<br>Od\u00adczu\u0107, \u017ce oni s\u0105 roz\u00adko\u00adszy zdro\u00adjem:<br>Szcz\u0119\u00ad\u015bcie, gdy ku to\u00adbie prze\u00adpe\u0142\u00adne otu\u00adchy<br>Dwa brat\u00adnie ser\u00adca spie\u00adsz\u0105 ze swym zno\u00adjem.<\/p>\n\n\n\n<p>[1816]<\/p>\n","protected":false},"excerpt":{"rendered":"<p>O sa\u00admot\u00adno\u00ad\u015bci! Chc\u0105c z tob\u0105 wie\u015b\u0107 \u017cy\u00adcie,Nie w miej\u00adskich gma\u00adch\u00f3w po\u00admie\u00adsza\u00adne mury,Jeno, by \u015ble\u00addzi\u0107 w\u0142a\u00adda\u00adnie Na\u00adtu\u00adry,Szed\u0142\u00adbym na g\u00f3r\u00adskim wy\u00adpo\u00adczy\u00adwa\u0107 szczy\u00adcie. Tu st\u0105d pa\u00adtrza\u0142\u00adbym na kwiet\u00adne po\u00adkry\u00adcieDo\u00adlin, na stru\u00admie\u0144, try\u00adska\u00adj\u0105\u00adcy z g\u00f3ryFal\u0105 krysz\u00adta\u00ad\u0142\u00f3w, i jak je\u00adle\u0144 buryWy\u00adp\u0119\u00addza psz\u00adczo\u00ad\u0142\u0119 z na\u00adparst\u00adnic. W tym by\u00adcie Cho\u0107 roz\u00admi\u00ad\u0142o\u00adwan, rad bym prze\u00adcie\u017c w two\u00adjemI\u015b\u0107 to\u00adwa\u00adrzy\u00adstwie mi\u0119\u00addzy wiel\u00adkie du\u00adchy,By na m\u0105\u00addro\u00ad\u015bci [&hellip;]<\/p>\n","protected":false},"author":1,"featured_media":0,"parent":0,"menu_order":0,"comment_status":"closed","ping_status":"closed","template":"","meta":[],"_links":{"self":[{"href":"https:\/\/paryskiesalonyromantykow.pl\/index.php\/wp-json\/wp\/v2\/pages\/1484"}],"collection":[{"href":"https:\/\/paryskiesalonyromantykow.pl\/index.php\/wp-json\/wp\/v2\/pages"}],"about":[{"href":"https:\/\/paryskiesalonyromantykow.pl\/index.php\/wp-json\/wp\/v2\/types\/page"}],"author":[{"embeddable":true,"href":"https:\/\/paryskiesalonyromantykow.pl\/index.php\/wp-json\/wp\/v2\/users\/1"}],"replies":[{"embeddable":true,"href":"https:\/\/paryskiesalonyromantykow.pl\/index.php\/wp-json\/wp\/v2\/comments?post=1484"}],"version-history":[{"count":1,"href":"https:\/\/paryskiesalonyromantykow.pl\/index.php\/wp-json\/wp\/v2\/pages\/1484\/revisions"}],"predecessor-version":[{"id":1486,"href":"https:\/\/paryskiesalonyromantykow.pl\/index.php\/wp-json\/wp\/v2\/pages\/1484\/revisions\/1486"}],"wp:attachment":[{"href":"https:\/\/paryskiesalonyromantykow.pl\/index.php\/wp-json\/wp\/v2\/media?parent=1484"}],"curies":[{"name":"wp","href":"https:\/\/api.w.org\/{rel}","templated":true}]}}