{"id":1475,"date":"2021-01-20T18:32:42","date_gmt":"2021-01-20T17:32:42","guid":{"rendered":"http:\/\/paryskiesalonyromantykow.pl\/?page_id=1475"},"modified":"2021-01-20T18:32:43","modified_gmt":"2021-01-20T17:32:43","slug":"percy-shelley-anglia-w-roku-1819","status":"publish","type":"page","link":"https:\/\/paryskiesalonyromantykow.pl\/index.php\/percy-shelley-anglia-w-roku-1819\/","title":{"rendered":"Percy Shelley &#8211; Anglia w roku 1819"},"content":{"rendered":"\n<p>Kr\u00f3l \u2014 stary, \u015blepy, zdychaj\u0105cy, ob\u0142\u0105kany \u2014<br>Ksi\u0105\u017c\u0119ta rod\u00f3w zgni\u0142ych odpadki \u2014 p\u0142yn\u0105cy<br>Morzem publicznej wzgardy brud z ple\u015bni\u0105 zmieszany \u2014<br>Bez serc, bez \u00f3cz, bez uczu\u0107 i bez m\u00f3zg\u00f3w rz\u0105dcy,<br>Ha\u0144ba, kraju \u2014 pijawki przyssane do rany.<br>A\u017c \u2014 \u015blepi od krwi \u2014 w krater zwal\u0105 si\u0119 kipi\u0105cy.<br>Lud na ja\u0142owej grudzie, zdarty jak siermi\u0119ga, \u2014<br>Armia, kt\u00f3r\u0105 \u0142upiestwo i terror przemienia<br>W miecz obosieczny \u2014 dr\u017cy, kto pod ten or\u0119\u017c si\u0119ga!<br>Z\u0142oto \u2014 krwawe ustawy, handlarki sumienia.<br>Bezchrystusowe chrystochwalstwo \u2014 w pi\u0119tnach ksi\u0119ga \u2014<br>Senat \u2014 \u00f3w epokowy statut upodlenia:<br>Wszystko to-groby, z kt\u00f3rych nagle wzlecie\u0107 mo\u017ce<br>Fantom wspania\u0142y \u2014 burz\u0119 zmieniaj\u0105cy w zorze!<\/p>\n","protected":false},"excerpt":{"rendered":"<p>Kr\u00f3l \u2014 stary, \u015blepy, zdychaj\u0105cy, ob\u0142\u0105kany \u2014Ksi\u0105\u017c\u0119ta rod\u00f3w zgni\u0142ych odpadki \u2014 p\u0142yn\u0105cyMorzem publicznej wzgardy brud z ple\u015bni\u0105 zmieszany \u2014Bez serc, bez \u00f3cz, bez uczu\u0107 i bez m\u00f3zg\u00f3w rz\u0105dcy,Ha\u0144ba, kraju \u2014 pijawki przyssane do rany.A\u017c \u2014 \u015blepi od krwi \u2014 w krater zwal\u0105 si\u0119 kipi\u0105cy.Lud na ja\u0142owej grudzie, zdarty jak siermi\u0119ga, \u2014Armia, kt\u00f3r\u0105 \u0142upiestwo i terror [&hellip;]<\/p>\n","protected":false},"author":1,"featured_media":0,"parent":0,"menu_order":0,"comment_status":"closed","ping_status":"closed","template":"","meta":[],"_links":{"self":[{"href":"https:\/\/paryskiesalonyromantykow.pl\/index.php\/wp-json\/wp\/v2\/pages\/1475"}],"collection":[{"href":"https:\/\/paryskiesalonyromantykow.pl\/index.php\/wp-json\/wp\/v2\/pages"}],"about":[{"href":"https:\/\/paryskiesalonyromantykow.pl\/index.php\/wp-json\/wp\/v2\/types\/page"}],"author":[{"embeddable":true,"href":"https:\/\/paryskiesalonyromantykow.pl\/index.php\/wp-json\/wp\/v2\/users\/1"}],"replies":[{"embeddable":true,"href":"https:\/\/paryskiesalonyromantykow.pl\/index.php\/wp-json\/wp\/v2\/comments?post=1475"}],"version-history":[{"count":1,"href":"https:\/\/paryskiesalonyromantykow.pl\/index.php\/wp-json\/wp\/v2\/pages\/1475\/revisions"}],"predecessor-version":[{"id":1477,"href":"https:\/\/paryskiesalonyromantykow.pl\/index.php\/wp-json\/wp\/v2\/pages\/1475\/revisions\/1477"}],"wp:attachment":[{"href":"https:\/\/paryskiesalonyromantykow.pl\/index.php\/wp-json\/wp\/v2\/media?parent=1475"}],"curies":[{"name":"wp","href":"https:\/\/api.w.org\/{rel}","templated":true}]}}