{"id":1469,"date":"2021-01-20T18:29:42","date_gmt":"2021-01-20T17:29:42","guid":{"rendered":"http:\/\/paryskiesalonyromantykow.pl\/?page_id=1469"},"modified":"2021-01-20T18:29:42","modified_gmt":"2021-01-20T17:29:42","slug":"percy-shelley-filozofia-milosci","status":"publish","type":"page","link":"https:\/\/paryskiesalonyromantykow.pl\/index.php\/percy-shelley-filozofia-milosci\/","title":{"rendered":"Percy Shelley &#8211; Filozofia mi\u0142o\u015bci"},"content":{"rendered":"\n<p>Do rzek strumienie z krynic si\u0119 s\u0105cz\u0105,<br>Do oceanu wp\u0142ywaj\u0105 rzeki;<br>Wiatry b\u0142\u0119kitu razem si\u0119 \u0142\u0105cz\u0105<br>W s\u0142odkiem wzruszeniu na wieki;<br>Nic samotnego niema w\u015br\u00f3d \u015bwiata:<br>Z boskiego prawa wszystko ku sobie<br>D\u0105\u017cy, w byt jeden wsp\u00f3lny si\u0119 splata \u2014 \u2014<br>Czemu\u017c dalekim ja tobie?<\/p>\n\n\n\n<p>Patrz: strop ca\u0142uj\u0105 g\u00f3ry szczytami,<br>Fala si\u0119 zlewa z fal\u0105 swawoln\u0105,<br>Ni jednej siostrze mi\u0119dzy kwiatami<br>Gardzi\u0107 swym bratem nie wolno.<br>I ziemi\u0119 pie\u015bci \u015bwit s\u0142o\u0144ca z\u0142oty,<br>I ksi\u0119\u017cycowy blask igra z morzem \u2014 \u2014<br>C\u00f3\u017c warte wszystkie owe pieszczoty,<br>Gdy my si\u0119 pie\u015bci\u0107 nie mo\u017cem?<\/p>\n","protected":false},"excerpt":{"rendered":"<p>Do rzek strumienie z krynic si\u0119 s\u0105cz\u0105,Do oceanu wp\u0142ywaj\u0105 rzeki;Wiatry b\u0142\u0119kitu razem si\u0119 \u0142\u0105cz\u0105W s\u0142odkiem wzruszeniu na wieki;Nic samotnego niema w\u015br\u00f3d \u015bwiata:Z boskiego prawa wszystko ku sobieD\u0105\u017cy, w byt jeden wsp\u00f3lny si\u0119 splata \u2014 \u2014Czemu\u017c dalekim ja tobie? Patrz: strop ca\u0142uj\u0105 g\u00f3ry szczytami,Fala si\u0119 zlewa z fal\u0105 swawoln\u0105,Ni jednej siostrze mi\u0119dzy kwiatamiGardzi\u0107 swym bratem nie [&hellip;]<\/p>\n","protected":false},"author":1,"featured_media":0,"parent":0,"menu_order":0,"comment_status":"closed","ping_status":"closed","template":"","meta":[],"_links":{"self":[{"href":"https:\/\/paryskiesalonyromantykow.pl\/index.php\/wp-json\/wp\/v2\/pages\/1469"}],"collection":[{"href":"https:\/\/paryskiesalonyromantykow.pl\/index.php\/wp-json\/wp\/v2\/pages"}],"about":[{"href":"https:\/\/paryskiesalonyromantykow.pl\/index.php\/wp-json\/wp\/v2\/types\/page"}],"author":[{"embeddable":true,"href":"https:\/\/paryskiesalonyromantykow.pl\/index.php\/wp-json\/wp\/v2\/users\/1"}],"replies":[{"embeddable":true,"href":"https:\/\/paryskiesalonyromantykow.pl\/index.php\/wp-json\/wp\/v2\/comments?post=1469"}],"version-history":[{"count":1,"href":"https:\/\/paryskiesalonyromantykow.pl\/index.php\/wp-json\/wp\/v2\/pages\/1469\/revisions"}],"predecessor-version":[{"id":1471,"href":"https:\/\/paryskiesalonyromantykow.pl\/index.php\/wp-json\/wp\/v2\/pages\/1469\/revisions\/1471"}],"wp:attachment":[{"href":"https:\/\/paryskiesalonyromantykow.pl\/index.php\/wp-json\/wp\/v2\/media?parent=1469"}],"curies":[{"name":"wp","href":"https:\/\/api.w.org\/{rel}","templated":true}]}}