{"id":1463,"date":"2021-01-20T18:26:42","date_gmt":"2021-01-20T17:26:42","guid":{"rendered":"http:\/\/paryskiesalonyromantykow.pl\/?page_id=1463"},"modified":"2021-01-20T18:26:42","modified_gmt":"2021-01-20T17:26:42","slug":"percy-shelley-ozymandias","status":"publish","type":"page","link":"https:\/\/paryskiesalonyromantykow.pl\/index.php\/percy-shelley-ozymandias\/","title":{"rendered":"Percy Shelley &#8211; Ozymandias"},"content":{"rendered":"\n<p>Podr\u00f3\u017cnik wracaj\u0105cy z staro\u017cytnej ziemi<br>Rzek\u0142 do mnie: \u2014 N\u00f3g olbrzymich z g\u0142azu dwoje sterczy<br>W\u015br\u00f3d puszczy bez tu\u0142owia. W pobli\u017cu za niemi<br>Tonie w piasku strzaskana twarz. Jej wzrok szyderczy,<\/p>\n\n\n\n<p>Zaci\u0119te usta, wyraz zimnego rozkazu \u2014<br>\u015awiadcz\u0105, i\u017c rze\u017abiarz dobrze na tej bryle g\u0142azu<br>Odtworzy\u0142 skryte \u017c\u0105dze, co, cho\u0107 w poniewierce,<br>Przetrwa\u0142y r\u0119k\u0119 mistrza i mocarza serce.<\/p>\n\n\n\n<p>A na podstawie napis dochowa\u0142 si\u0119 ca\u0142o:<br>\u201eJa jestem Ozymandyas, kr\u00f3l kr\u00f3l\u00f3w. Mocarze!<br>\u201ePatrzcie na moje dzie\u0142a i przed moj\u0105 chwa\u0142\u0105<\/p>\n\n\n\n<p>\u201eGi\u0144cie z rozpaczy!\u201d Wi\u0119cej nic ju\u017c nie zosta\u0142o\u2026<br>Gdzie st\u0105pi\u0107, gruz bezkszta\u0142tny oczom si\u0119 uka\u017ce<br>I piaski bielej\u0105ce w pustyni obszarze.<\/p>\n","protected":false},"excerpt":{"rendered":"<p>Podr\u00f3\u017cnik wracaj\u0105cy z staro\u017cytnej ziemiRzek\u0142 do mnie: \u2014 N\u00f3g olbrzymich z g\u0142azu dwoje sterczyW\u015br\u00f3d puszczy bez tu\u0142owia. W pobli\u017cu za niemiTonie w piasku strzaskana twarz. Jej wzrok szyderczy, Zaci\u0119te usta, wyraz zimnego rozkazu \u2014\u015awiadcz\u0105, i\u017c rze\u017abiarz dobrze na tej bryle g\u0142azuOdtworzy\u0142 skryte \u017c\u0105dze, co, cho\u0107 w poniewierce,Przetrwa\u0142y r\u0119k\u0119 mistrza i mocarza serce. A na podstawie [&hellip;]<\/p>\n","protected":false},"author":1,"featured_media":0,"parent":0,"menu_order":0,"comment_status":"closed","ping_status":"closed","template":"","meta":[],"_links":{"self":[{"href":"https:\/\/paryskiesalonyromantykow.pl\/index.php\/wp-json\/wp\/v2\/pages\/1463"}],"collection":[{"href":"https:\/\/paryskiesalonyromantykow.pl\/index.php\/wp-json\/wp\/v2\/pages"}],"about":[{"href":"https:\/\/paryskiesalonyromantykow.pl\/index.php\/wp-json\/wp\/v2\/types\/page"}],"author":[{"embeddable":true,"href":"https:\/\/paryskiesalonyromantykow.pl\/index.php\/wp-json\/wp\/v2\/users\/1"}],"replies":[{"embeddable":true,"href":"https:\/\/paryskiesalonyromantykow.pl\/index.php\/wp-json\/wp\/v2\/comments?post=1463"}],"version-history":[{"count":1,"href":"https:\/\/paryskiesalonyromantykow.pl\/index.php\/wp-json\/wp\/v2\/pages\/1463\/revisions"}],"predecessor-version":[{"id":1465,"href":"https:\/\/paryskiesalonyromantykow.pl\/index.php\/wp-json\/wp\/v2\/pages\/1463\/revisions\/1465"}],"wp:attachment":[{"href":"https:\/\/paryskiesalonyromantykow.pl\/index.php\/wp-json\/wp\/v2\/media?parent=1463"}],"curies":[{"name":"wp","href":"https:\/\/api.w.org\/{rel}","templated":true}]}}