{"id":1454,"date":"2021-01-20T18:18:10","date_gmt":"2021-01-20T17:18:10","guid":{"rendered":"http:\/\/paryskiesalonyromantykow.pl\/?page_id=1454"},"modified":"2021-01-20T18:18:10","modified_gmt":"2021-01-20T17:18:10","slug":"george-byron-euthanasia","status":"publish","type":"page","link":"https:\/\/paryskiesalonyromantykow.pl\/index.php\/george-byron-euthanasia\/","title":{"rendered":"George Byron &#8211; Euthanasia"},"content":{"rendered":"\n<p>Pr\u0119dzej, czy p\u00f3\u017aniej, gdy mi\u0119 czas owionie<br>Snem nieprzespanym, w kt\u00f3rym si\u0119 nic nie \u015bni,<br>O, niepami\u0119ci! wtenczas ch\u0142odne skronie<br>We\u017a pod tw\u0105 schron\u0119 do grobowej cie\u015bni.<br><br>Nie prosz\u0119 r\u0119ki druha ni dziedzica,<br>Aby \u0142zy otrze\u0107, lub grabi\u0107 zosta\u0142o\u015b\u0107,<br>Lub \u017ceby z w\u0142osem popsutym dziewica<br>\u017ba\u0142owa\u0107 przysz\u0142a, lub udawa\u0107 \u017ca\u0142o\u015b\u0107.<br><br>Poco naj\u0119te p\u0142aczk\u00f3w korowody?<br>Samemu wst\u0105pi\u0107 pozw\u00f3lcie do do\u0142u:<br>Nie chcia\u0142bym chmurzy\u0107 niczyjej pogody,<br>I bra\u0107 wesela kochanemu czo\u0142u.<br><br>Przecie\u017c, mi\u0142o\u015bci! je\u015bli w twojej sile<br>Poskromi\u0107 j\u0119ki, marnym \u017calom sprosta\u0107,<br>Ty sama os\u0142od\u017a rozstania si\u0119 chwil\u0119<br>Mnie, co odchodz\u0119, i tej, co ma zosta\u0107.<br><br>Marylo moja! kiedy przesz\u0142e bole<br>Z ostatnim puszcz\u0119 w niepami\u0119\u0107 oddechem,<br>Niech boski pok\u00f3j widz\u0119 na twem czole,<br>A w bolach na ci\u0119 patrzy\u0142bym z u\u015bmiechem.<\/p>\n\n\n\n<p>Lecz oko martwe zrazi wzrok niebieski,<br>Przed bladem licem zbledn\u0105 twe powaby:<br>Uronisz \u0142ezk\u0119, cz\u0142owiek dla tej \u0142ezki,<br>Jak \u017cyj\u0105c s\u0142abia\u0142, tak i umrze s\u0142aby.<br><br>A wi\u0119c bez \u017calu i pobo\u017cnej pro\u015bby<br>Samotny b\u0119d\u0119 w ostatniej godzinie:<br>Dla nieszcz\u0119\u015bliwych \u015bmier\u0107 ma\u0142o ma gro\u017aby,<br>B\u00f3l jeszcze zmniejszy i pr\u0119dko przeminie.<br><br>Lecz umrze\u0107, odej\u015b\u0107, k\u0119dy tyle go\u015bci<br>Rusza przedemn\u0105, k\u0119dy reszta ruszy&#8230;<br>Przepada\u0107 w nico\u015b\u0107, jak pierwej z nico\u015bci<br>Wszed\u0142em dla \u017cycia, \u017cy\u0142em dla katuszy?&#8230;<br><br>Gdy\u015b wiek przemin\u0105\u0142, wstrzymaj si\u0119 u \u015bcieku,<br>Ostatniem powr\u00f3\u0107 na przesz\u0142o\u015b\u0107 obliczem;<br>Zlicz dni szcz\u0119\u015bliwe, a wyznasz, cz\u0142owieku,<br>Czemkolwiek by\u0142e\u015b, \u017ce lepiej by\u0107 niczem.<\/p>\n","protected":false},"excerpt":{"rendered":"<p>Pr\u0119dzej, czy p\u00f3\u017aniej, gdy mi\u0119 czas owionieSnem nieprzespanym, w kt\u00f3rym si\u0119 nic nie \u015bni,O, niepami\u0119ci! wtenczas ch\u0142odne skronieWe\u017a pod tw\u0105 schron\u0119 do grobowej cie\u015bni. Nie prosz\u0119 r\u0119ki druha ni dziedzica,Aby \u0142zy otrze\u0107, lub grabi\u0107 zosta\u0142o\u015b\u0107,Lub \u017ceby z w\u0142osem popsutym dziewica\u017ba\u0142owa\u0107 przysz\u0142a, lub udawa\u0107 \u017ca\u0142o\u015b\u0107. Poco naj\u0119te p\u0142aczk\u00f3w korowody?Samemu wst\u0105pi\u0107 pozw\u00f3lcie do do\u0142u:Nie chcia\u0142bym chmurzy\u0107 niczyjej [&hellip;]<\/p>\n","protected":false},"author":1,"featured_media":0,"parent":0,"menu_order":0,"comment_status":"closed","ping_status":"closed","template":"","meta":[],"_links":{"self":[{"href":"https:\/\/paryskiesalonyromantykow.pl\/index.php\/wp-json\/wp\/v2\/pages\/1454"}],"collection":[{"href":"https:\/\/paryskiesalonyromantykow.pl\/index.php\/wp-json\/wp\/v2\/pages"}],"about":[{"href":"https:\/\/paryskiesalonyromantykow.pl\/index.php\/wp-json\/wp\/v2\/types\/page"}],"author":[{"embeddable":true,"href":"https:\/\/paryskiesalonyromantykow.pl\/index.php\/wp-json\/wp\/v2\/users\/1"}],"replies":[{"embeddable":true,"href":"https:\/\/paryskiesalonyromantykow.pl\/index.php\/wp-json\/wp\/v2\/comments?post=1454"}],"version-history":[{"count":1,"href":"https:\/\/paryskiesalonyromantykow.pl\/index.php\/wp-json\/wp\/v2\/pages\/1454\/revisions"}],"predecessor-version":[{"id":1456,"href":"https:\/\/paryskiesalonyromantykow.pl\/index.php\/wp-json\/wp\/v2\/pages\/1454\/revisions\/1456"}],"wp:attachment":[{"href":"https:\/\/paryskiesalonyromantykow.pl\/index.php\/wp-json\/wp\/v2\/media?parent=1454"}],"curies":[{"name":"wp","href":"https:\/\/api.w.org\/{rel}","templated":true}]}}