{"id":1442,"date":"2021-01-20T18:02:19","date_gmt":"2021-01-20T17:02:19","guid":{"rendered":"http:\/\/paryskiesalonyromantykow.pl\/?page_id=1442"},"modified":"2021-01-20T18:02:19","modified_gmt":"2021-01-20T17:02:19","slug":"narcyza-zmichowska-pewnosc","status":"publish","type":"page","link":"https:\/\/paryskiesalonyromantykow.pl\/index.php\/narcyza-zmichowska-pewnosc\/","title":{"rendered":"Narcyza \u017bmichowska &#8211; Pewno\u015b\u0107"},"content":{"rendered":"\n<p>Ludzie, ludzie, wy nie wiecie,<br>\u017be jest szcz\u0119\u015bcie na tym \u015bwiecie:<br>Patrze\u0107 w niebo, goni\u0107 okiem<br>Za gwiazdeczk\u0105, za ob\u0142okiem,<br>S\u0142ucha\u0107 pie\u015bni, kt\u00f3r\u0105 \u015bpiewa<br>Naszej duszy duch przyrody,<br>W g\u0142osie ptasz\u0105t, w d\u017awi\u0119ku wody,<br>W szeleszcz\u0105cych listkach drzewa;<\/p>\n\n\n\n<p>I nawzajem wysnu\u0107 z siebie<br>Pie\u015b\u0144 pi\u0119kniejsz\u0105, pie\u015b\u0144 marzenia,<br>O anio\u0142ach i o niebie<br>I w szlachetne uderzenia<br>Wybi\u0107 wszystkie serca bicia,<br>I \u017cy\u0107 pe\u0142ni\u0105 swego \u017cycia,<\/p>\n\n\n\n<p>Mie\u0107 za sob\u0105 lat niewiele,<br>Mie\u0107 przed sob\u0105 szcz\u0119\u015bcia wieki,<br>W sobie dusz\u0119, kt\u00f3ra \u015bmiele<br>D\u0105\u017cy w przysz\u0142o\u015b\u0107, w kraj daleki,<\/p>\n\n\n\n<p>W kraj z pi\u0119kno\u015bci\u0105 i swobod\u0105 \u2013<br>Snem mi\u0142o\u015bci, czucia, wiary<br>Kocha\u0107, wierzy\u0107, czu\u0107 bez miary,<br>By\u0107 kochan\u0105 \u2013 umrze\u0107 m\u0142od\u0105 \u2013<\/p>\n\n\n\n<p>Ludzie, ludzie, czy\u017c nie wiecie,<br>\u017be to szcz\u0119\u015bcie jest na \u015bwiecie!<\/p>\n","protected":false},"excerpt":{"rendered":"<p>Ludzie, ludzie, wy nie wiecie,\u017be jest szcz\u0119\u015bcie na tym \u015bwiecie:Patrze\u0107 w niebo, goni\u0107 okiemZa gwiazdeczk\u0105, za ob\u0142okiem,S\u0142ucha\u0107 pie\u015bni, kt\u00f3r\u0105 \u015bpiewaNaszej duszy duch przyrody,W g\u0142osie ptasz\u0105t, w d\u017awi\u0119ku wody,W szeleszcz\u0105cych listkach drzewa; I nawzajem wysnu\u0107 z siebiePie\u015b\u0144 pi\u0119kniejsz\u0105, pie\u015b\u0144 marzenia,O anio\u0142ach i o niebieI w szlachetne uderzeniaWybi\u0107 wszystkie serca bicia,I \u017cy\u0107 pe\u0142ni\u0105 swego \u017cycia, Mie\u0107 za [&hellip;]<\/p>\n","protected":false},"author":1,"featured_media":0,"parent":0,"menu_order":0,"comment_status":"closed","ping_status":"closed","template":"","meta":[],"_links":{"self":[{"href":"https:\/\/paryskiesalonyromantykow.pl\/index.php\/wp-json\/wp\/v2\/pages\/1442"}],"collection":[{"href":"https:\/\/paryskiesalonyromantykow.pl\/index.php\/wp-json\/wp\/v2\/pages"}],"about":[{"href":"https:\/\/paryskiesalonyromantykow.pl\/index.php\/wp-json\/wp\/v2\/types\/page"}],"author":[{"embeddable":true,"href":"https:\/\/paryskiesalonyromantykow.pl\/index.php\/wp-json\/wp\/v2\/users\/1"}],"replies":[{"embeddable":true,"href":"https:\/\/paryskiesalonyromantykow.pl\/index.php\/wp-json\/wp\/v2\/comments?post=1442"}],"version-history":[{"count":1,"href":"https:\/\/paryskiesalonyromantykow.pl\/index.php\/wp-json\/wp\/v2\/pages\/1442\/revisions"}],"predecessor-version":[{"id":1444,"href":"https:\/\/paryskiesalonyromantykow.pl\/index.php\/wp-json\/wp\/v2\/pages\/1442\/revisions\/1444"}],"wp:attachment":[{"href":"https:\/\/paryskiesalonyromantykow.pl\/index.php\/wp-json\/wp\/v2\/media?parent=1442"}],"curies":[{"name":"wp","href":"https:\/\/api.w.org\/{rel}","templated":true}]}}