{"id":1436,"date":"2021-01-20T18:00:24","date_gmt":"2021-01-20T17:00:24","guid":{"rendered":"http:\/\/paryskiesalonyromantykow.pl\/?page_id=1436"},"modified":"2021-01-20T18:00:24","modified_gmt":"2021-01-20T17:00:24","slug":"narcyza-zmichowska-mlodemu-artyscie-nieuzyteczna-przestroga","status":"publish","type":"page","link":"https:\/\/paryskiesalonyromantykow.pl\/index.php\/narcyza-zmichowska-mlodemu-artyscie-nieuzyteczna-przestroga\/","title":{"rendered":"Narcyza \u017bmichowska &#8211; M\u0142odemu arty\u015bcie nieu\u017cyteczna przestroga"},"content":{"rendered":"\n<p>Ach! strze\u017c si\u0119, ach, strze\u017c si\u0119 \u2013 ta czarnoksi\u0119\u017cnica.<br>Co pie\u015bni\u0105 rozmarza, co w d\u017awi\u0119ki zachwyca,<br>Ju\u017c leci tak blizko, ju\u017c gwiazdy przes\u0142ania.<br>Ju\u017c serce wydziera. ju\u017c dusz\u0119 poch\u0142ania.<\/p>\n\n\n\n<p>Ach! pr\u0119dko, ach, pr\u0119dko, relikwia do r\u0119ki!<br>Bo pie\u015bni ci\u0119 struj\u0105. bo porw\u0105 ci\u0119 d\u017awi\u0119ki.<br>Bo w wieczno\u015b\u0107 dalek\u0105 polecisz za niemi.<br>Bez Ojca na niebie \u2013 bez braci na ziemi.<\/p>\n\n\n\n<p>Ach! \u015bpiesz si\u0119, ach, \u015bpiesz si\u0119 \u2013 relikwia odczyni<br>Z\u0142y urok, senliwych widziade\u0142 w\u0142adczyni.<br>We\u017a tylko, we\u017a \u015bwi\u0119t\u0105, we\u017a bardziej ci drog\u0105,<br>Ni\u017c g\u0142osy jej zakl\u0119\u0107 drogimi by\u0107 mog\u0105.<\/p>\n\n\n\n<p>I przy\u0142\u00f3\u017c \u2013 och! przytul do piersi artysty<br>D\u0142o\u0144 szczerej przyja\u017ani, proch ziemi ojczystej,<br>Ukochaj co\u015b wy\u017cszem nad sztuk\u0119 kochaniem,<br>Zostaniesz si\u0119 z nami, my z tob\u0105 zostaniem.<\/p>\n\n\n\n<p>Ja wo\u0142am, ja wo\u0142am \u2013 artysta nie s\u0142ucha,<br>Ta czarnoksi\u0119\u017cnica sp\u0119ta\u0142a mu ducha,<br>I wzi\u0119\u0142a na skrzyd\u0142a szerokie, t\u0119czowe,<br>I makiem sn\u00f3w wiecznych zwie\u0144czy\u0142a mu g\u0142ow\u0119.<\/p>\n\n\n\n<p>Ju\u017c usn\u0105\u0142 \u2013 ju\u017c wzlecia\u0142 \u2013 ju\u017c ku nam jedynie<br>G\u0142os czarnoksi\u0119\u017cnicy, nie jego g\u0142os p\u0142ynie;<br>To\u017c cuda si\u0119 dziej\u0105, och, cuda W\u015br\u00f3d ludzi!<br>Ten g\u0142os go usenni\u0142, a nas tu on budzi,<br>Ten g\u0142os go rozt\u0119skni\u0142 \u2013 a nas tu pociesza<br>Ten g\u0142os go zabija \u2013 a nas tu on wskrzesza! \u2013<br>Wi\u0119c dalej \u2013 wi\u0119c dalej \u2013 w muzyk\u0119 zakl\u0119ty,<br>Le\u0107 duchu! ty\u015b grzeszny sam sobie \u2013 nam \u015bwi\u0119ty!<\/p>\n","protected":false},"excerpt":{"rendered":"<p>Ach! strze\u017c si\u0119, ach, strze\u017c si\u0119 \u2013 ta czarnoksi\u0119\u017cnica.Co pie\u015bni\u0105 rozmarza, co w d\u017awi\u0119ki zachwyca,Ju\u017c leci tak blizko, ju\u017c gwiazdy przes\u0142ania.Ju\u017c serce wydziera. ju\u017c dusz\u0119 poch\u0142ania. Ach! pr\u0119dko, ach, pr\u0119dko, relikwia do r\u0119ki!Bo pie\u015bni ci\u0119 struj\u0105. bo porw\u0105 ci\u0119 d\u017awi\u0119ki.Bo w wieczno\u015b\u0107 dalek\u0105 polecisz za niemi.Bez Ojca na niebie \u2013 bez braci na ziemi. Ach! [&hellip;]<\/p>\n","protected":false},"author":1,"featured_media":0,"parent":0,"menu_order":0,"comment_status":"closed","ping_status":"closed","template":"","meta":[],"_links":{"self":[{"href":"https:\/\/paryskiesalonyromantykow.pl\/index.php\/wp-json\/wp\/v2\/pages\/1436"}],"collection":[{"href":"https:\/\/paryskiesalonyromantykow.pl\/index.php\/wp-json\/wp\/v2\/pages"}],"about":[{"href":"https:\/\/paryskiesalonyromantykow.pl\/index.php\/wp-json\/wp\/v2\/types\/page"}],"author":[{"embeddable":true,"href":"https:\/\/paryskiesalonyromantykow.pl\/index.php\/wp-json\/wp\/v2\/users\/1"}],"replies":[{"embeddable":true,"href":"https:\/\/paryskiesalonyromantykow.pl\/index.php\/wp-json\/wp\/v2\/comments?post=1436"}],"version-history":[{"count":1,"href":"https:\/\/paryskiesalonyromantykow.pl\/index.php\/wp-json\/wp\/v2\/pages\/1436\/revisions"}],"predecessor-version":[{"id":1438,"href":"https:\/\/paryskiesalonyromantykow.pl\/index.php\/wp-json\/wp\/v2\/pages\/1436\/revisions\/1438"}],"wp:attachment":[{"href":"https:\/\/paryskiesalonyromantykow.pl\/index.php\/wp-json\/wp\/v2\/media?parent=1436"}],"curies":[{"name":"wp","href":"https:\/\/api.w.org\/{rel}","templated":true}]}}