{"id":1427,"date":"2021-01-20T17:57:44","date_gmt":"2021-01-20T16:57:44","guid":{"rendered":"http:\/\/paryskiesalonyromantykow.pl\/?page_id=1427"},"modified":"2021-01-20T17:57:45","modified_gmt":"2021-01-20T16:57:45","slug":"narcyza-zmichowska-zniechecona","status":"publish","type":"page","link":"https:\/\/paryskiesalonyromantykow.pl\/index.php\/narcyza-zmichowska-zniechecona\/","title":{"rendered":"Narcyza \u017bmichowska &#8211; Zniech\u0119cona"},"content":{"rendered":"\n<p>Aniele Str\u00f3\u017cu i bracie m\u00f3j!\u2026<br>Nie chc\u0119 i\u015b\u0107 dalej \u2013 zbyt ci\u0119\u017cki zn\u00f3j!<br>\u0141zawo mym oczom, krwawo mej nodze,<br>I twoim skrzyd\u0142om ciasno w tej drodze.<br>\u00bbNie, siostro moja, nie tutaj kres<br>Naszej podr\u00f3\u017cy i twoich \u0142ez:<br>Dalej nam jeszcze, dalej i\u015b\u0107 trzeba<br>Po \u015bcie\u017cce \u017cycia. za wol\u0105 Nieba\u00ab.<br>Jak\u017ce i\u015b\u0107 dalej, gdy si\u0142y brak?<br>Jam si\u0119 przesz\u0142o\u015bci\u0105 zm\u0119czy\u0142a tak.<br>\u017be ku przysz\u0142o\u015bci za skarby \u017cadne<br>Nie, ju\u017c nie p\u00f3jd\u0119, bo w ka\u0142 upadn\u0119.<br>\u00bbO siostro moja! cho\u0107 kilka s\u0142\u00f3w<br>Cichej modlitwy do Boga zm\u00f3w,<br>A ja ci r\u0119cz\u0119, \u017ce w tej\u017ce dobie<br>B\u00f3g da pociech\u0119 lub wsparcie tobie!\u00ab<br>Wi\u0119c owe s\u0142owa podpowiedz mi;<br>Dzieci\u0119cy pacierz w pami\u0119ci tkwi,<br>Lecz z nim uczucie wt\u00f3ru nie trzyma,<br>A bez uczucia modlitwy niema.<br>\u00bbTo spojrzyj, siostro, jak wielkim \u015bwiat,<br>Jak jasnem s\u0142o\u0144ce, jak pi\u0119knym kwiat;<br>Spojrzyj, a Stw\u00f3rcy wzniesiesz w ofierze<br>Ten g\u0142os modlitwy: \u2013 \u00bbPanie, ja wierz\u0119!\u00ab<br>Och! nie, aniele, nie powiem tak,<br>Nasz \u015bwiat jest tylko wszechmocy znak:<br>S\u0142o\u0144ce. a w chmurach, \u2013 kwiat, a w\u015br\u00f3d g\u0142ogu,;<br>Nie, ja nie wierz\u0119 \u2013 ja \u00bbwiem\u00ab o Bogu.<br>\u00bbTo gdy dotkliwie rani ci\u0119 g\u0142\u00f3g,<br>Gdy ciemno\u015b\u0107 myli szlaki twych dr\u00f3g,<br>\u017byczeniem w dalsze si\u0119gnij koleje<br>I powiedz: \u00bbBo\u017ce, ja mam nadziej\u0119!\u00ab<br>Och! nie, aniele \u2013 sk\u0105d\u017ce mie\u0107 j\u0105?<br>Ja grzeszna, grzeszni doko\u0142a s\u0105 \u2013<br>Wi\u0119c przysz\u0142o\u015b\u0107 skutkiem przyczyny b\u0119dzie,<br>B\u00f3g j\u0105 nie z \u0142aski, lecz z praw swych prz\u0119dzie.<br>\u00bbTo biedna siostro, cho\u0107 z\u0142a w\u015br\u00f3d z\u0142ych,<br>Na matk\u0119 twoj\u0105, na braci twych<br>Wspomnij dzi\u015b sobie, a mo\u017ce, mo\u017ce,<br>Zdo\u0142asz wym\u00f3wi\u0107: Ja kocham, Bo\u017ce.\u00ab<br>Och! tak, aniele, wym\u00f3wi\u0119 to,<br>I braci moich i matk\u0119 m\u0105<br>Ja kocham, Bo\u017ce!\u2026 ale c\u00f3\u017c znaczy<br>W ustach bez wiary ten krzyk rozpaczy?<br>\u00bbNie pytaj, siostro, kochaj i m\u00f3w,<br>Wielk\u0105 przed Panem si\u0142a tych s\u0142\u00f3w.<br>B\u00f3g zawsze przyjmie, B\u00f3g zbawi tego,<br>Co si\u0119 mi\u0142o\u015bci\u0105 modli do Niego\u00ab.<br>Wi\u0119c dalej, bracie, wi\u0119c dalej w \u015bwiat!<br>A je\u015bli kiedy z kolej\u0105 lat<br>I w tej modlitwie si\u0142y ustan\u0105,<br>To powiem: \u00bbBo\u017ce! jestem kochan\u0105!\u00ab<\/p>\n","protected":false},"excerpt":{"rendered":"<p>Aniele Str\u00f3\u017cu i bracie m\u00f3j!\u2026Nie chc\u0119 i\u015b\u0107 dalej \u2013 zbyt ci\u0119\u017cki zn\u00f3j!\u0141zawo mym oczom, krwawo mej nodze,I twoim skrzyd\u0142om ciasno w tej drodze.\u00bbNie, siostro moja, nie tutaj kresNaszej podr\u00f3\u017cy i twoich \u0142ez:Dalej nam jeszcze, dalej i\u015b\u0107 trzebaPo \u015bcie\u017cce \u017cycia. za wol\u0105 Nieba\u00ab.Jak\u017ce i\u015b\u0107 dalej, gdy si\u0142y brak?Jam si\u0119 przesz\u0142o\u015bci\u0105 zm\u0119czy\u0142a tak.\u017be ku przysz\u0142o\u015bci za skarby [&hellip;]<\/p>\n","protected":false},"author":1,"featured_media":0,"parent":0,"menu_order":0,"comment_status":"closed","ping_status":"closed","template":"","meta":[],"_links":{"self":[{"href":"https:\/\/paryskiesalonyromantykow.pl\/index.php\/wp-json\/wp\/v2\/pages\/1427"}],"collection":[{"href":"https:\/\/paryskiesalonyromantykow.pl\/index.php\/wp-json\/wp\/v2\/pages"}],"about":[{"href":"https:\/\/paryskiesalonyromantykow.pl\/index.php\/wp-json\/wp\/v2\/types\/page"}],"author":[{"embeddable":true,"href":"https:\/\/paryskiesalonyromantykow.pl\/index.php\/wp-json\/wp\/v2\/users\/1"}],"replies":[{"embeddable":true,"href":"https:\/\/paryskiesalonyromantykow.pl\/index.php\/wp-json\/wp\/v2\/comments?post=1427"}],"version-history":[{"count":1,"href":"https:\/\/paryskiesalonyromantykow.pl\/index.php\/wp-json\/wp\/v2\/pages\/1427\/revisions"}],"predecessor-version":[{"id":1429,"href":"https:\/\/paryskiesalonyromantykow.pl\/index.php\/wp-json\/wp\/v2\/pages\/1427\/revisions\/1429"}],"wp:attachment":[{"href":"https:\/\/paryskiesalonyromantykow.pl\/index.php\/wp-json\/wp\/v2\/media?parent=1427"}],"curies":[{"name":"wp","href":"https:\/\/api.w.org\/{rel}","templated":true}]}}