{"id":1412,"date":"2021-01-20T17:50:34","date_gmt":"2021-01-20T16:50:34","guid":{"rendered":"http:\/\/paryskiesalonyromantykow.pl\/?page_id=1412"},"modified":"2021-01-20T17:50:34","modified_gmt":"2021-01-20T16:50:34","slug":"ludwik-norwid-dwie-prawdy","status":"publish","type":"page","link":"https:\/\/paryskiesalonyromantykow.pl\/index.php\/ludwik-norwid-dwie-prawdy\/","title":{"rendered":"Ludwik Norwid &#8211; Dwie prawdy"},"content":{"rendered":"\n<p>Rozbud\u017a si\u0119!\u2026 pomnij, \u017ce \u017cyjesz na \u015bwiecie\u2026<br>Czy ju\u017c tak d\u0142ugie przedrzyma\u0142e\u015b lata,<br>\u017be usch\u0142o, zwi\u0119d\u0142o twojej duszy kwiecie,<br>I nie ma barwy, ni woni dla \u015bwiata?..<br>Rozbud\u017a si\u0119!\u2026 przetrzyj zamglone powieki.<br>Spojrzyj doko\u0142a\u2026 czy\u017c nic ju\u017c dla ciebie<br>Nie ma na ziemi \u2013 na niebie?\u2026<br>Czy i krwi twojej czerwone rzeki<br>W bia\u0142e \u0142ez morze sp\u0142yn\u0119\u0142y?<br>A blade usta, z\u0119by \u015bci\u015bni\u0119te,<br>Drog\u0119 oddechom przeci\u0119\u0142y?\u2026<br>Zbud\u017a si\u0119!\u2026 prze\u017cegnaj!\u2026 niech znaki \u015bwi\u0119te<br>Odp\u0119dz\u0105 czary od ciebie;<br>I \u017cyj dla ludzi\u2026 zaprzyj si\u0119 siebie,<br>I \u017cyj dla swoich\u2026 mi\u0119dzy swojemi,<br>A znajdziesz niebo na ziemi.<\/p>\n\n\n\n<p>Na co mnie budzisz?\u2026 s\u0142odko marzy\u0142em\u2026<br>Widzia\u0142em szcz\u0119\u015bcie tak blisko\u2026<br>I ju\u017c! ju\u017c prawie szcz\u0119\u015bliwy by\u0142em\u2026<br>Wy znacie tylko nazwisko\u2026<br>Nazwisko, co nic nie znaczy,<br>Jakoby miano nicestwa:<br>I tylko \u015bwiatu t\u0142umaczy<br>To nieistnienie \u2013 jestestwa,<br>T\u0119 pr\u00f3\u017cni\u0119 w przestrzeniach, wsz\u0119dzie,<br>Kt\u00f3rej nie by\u0142o \u2013 nie b\u0119dzie.<br>Nazwiskiem \u2013 brak zape\u0142niacie,<br>W nazwiskach \u2013 nieznane znacie.<br>Na duszach waszych ja\u0142owych,<br>Cnoty tak dziwne ro\u015bliny,<br>Jak na ga\u0142\u0119ziach d\u0119bowych,<br>S\u0142odkie i wonne maliny.<br>A jednak cnoty w rozmowie,<br>Gdy uchem liczb\u0119 ich \u0142owi\u0119,<br>To tak powszechne ro\u015bliny,<br>Jak na malinach maliny.<br>Ka\u017cesz \u017cy\u0107 swoim ze swemi<br>I ka\u017cesz wyrzec si\u0119 siebie<br>By \u017cy\u0107 na ziemi jak w niebie,<br>O! nie \u0142ud\u017a radami twemi.<br>Mo\u017cna\u017c by\u0107 \u015bwiat\u0142em bez cieni,<br>Lub w ogniu nie czu\u0107 p\u0142omieni?\u2026<br>Lub czu\u0107, a wielbi\u0107 bolesne razy<br>I by\u0107 jak Chrystus \u2013 bez zmazy,<br>Z krwi\u0105 z wina \u2013 a cia\u0142em z chleba?<br>Je\u015bli nie mo\u017cna \u2013 wi\u0119c nie masz nieba<br>Ani w\u015br\u00f3d obcych, ani ze swojemi:<br>Tylko i zawsze ziemia \u2013 na ziemi.<\/p>\n","protected":false},"excerpt":{"rendered":"<p>Rozbud\u017a si\u0119!\u2026 pomnij, \u017ce \u017cyjesz na \u015bwiecie\u2026Czy ju\u017c tak d\u0142ugie przedrzyma\u0142e\u015b lata,\u017be usch\u0142o, zwi\u0119d\u0142o twojej duszy kwiecie,I nie ma barwy, ni woni dla \u015bwiata?..Rozbud\u017a si\u0119!\u2026 przetrzyj zamglone powieki.Spojrzyj doko\u0142a\u2026 czy\u017c nic ju\u017c dla ciebieNie ma na ziemi \u2013 na niebie?\u2026Czy i krwi twojej czerwone rzekiW bia\u0142e \u0142ez morze sp\u0142yn\u0119\u0142y?A blade usta, z\u0119by \u015bci\u015bni\u0119te,Drog\u0119 oddechom przeci\u0119\u0142y?\u2026Zbud\u017a [&hellip;]<\/p>\n","protected":false},"author":1,"featured_media":0,"parent":0,"menu_order":0,"comment_status":"closed","ping_status":"closed","template":"","meta":[],"_links":{"self":[{"href":"https:\/\/paryskiesalonyromantykow.pl\/index.php\/wp-json\/wp\/v2\/pages\/1412"}],"collection":[{"href":"https:\/\/paryskiesalonyromantykow.pl\/index.php\/wp-json\/wp\/v2\/pages"}],"about":[{"href":"https:\/\/paryskiesalonyromantykow.pl\/index.php\/wp-json\/wp\/v2\/types\/page"}],"author":[{"embeddable":true,"href":"https:\/\/paryskiesalonyromantykow.pl\/index.php\/wp-json\/wp\/v2\/users\/1"}],"replies":[{"embeddable":true,"href":"https:\/\/paryskiesalonyromantykow.pl\/index.php\/wp-json\/wp\/v2\/comments?post=1412"}],"version-history":[{"count":1,"href":"https:\/\/paryskiesalonyromantykow.pl\/index.php\/wp-json\/wp\/v2\/pages\/1412\/revisions"}],"predecessor-version":[{"id":1414,"href":"https:\/\/paryskiesalonyromantykow.pl\/index.php\/wp-json\/wp\/v2\/pages\/1412\/revisions\/1414"}],"wp:attachment":[{"href":"https:\/\/paryskiesalonyromantykow.pl\/index.php\/wp-json\/wp\/v2\/media?parent=1412"}],"curies":[{"name":"wp","href":"https:\/\/api.w.org\/{rel}","templated":true}]}}