{"id":1406,"date":"2021-01-20T17:48:03","date_gmt":"2021-01-20T16:48:03","guid":{"rendered":"http:\/\/paryskiesalonyromantykow.pl\/?page_id=1406"},"modified":"2021-01-20T17:48:04","modified_gmt":"2021-01-20T16:48:04","slug":"ludwik-norwid-sit-tibi-terra-levis","status":"publish","type":"page","link":"https:\/\/paryskiesalonyromantykow.pl\/index.php\/ludwik-norwid-sit-tibi-terra-levis\/","title":{"rendered":"Ludwik Norwid &#8211; Sit tibi terra levis"},"content":{"rendered":"\n<p>Ziemia niech ci lekk\u0105 b\u0119dzie!<br>To ostatnie przyjm \u017cyczenie.<br>Tak m\u00f3wi\u0105 zimne kamienie,<br>Kt\u00f3re mo\u017cesz widzie\u0107 wsz\u0119dzie<br>Na grobowcach staro\u017cytnych,<br>Gdzie \u015bpi\u0105 lochy Rzymian bitnych.<br>Ale s\u0142owa te na grobie<br>P\u00f3\u017ano wesz\u0142y. Kwiat jesienny;<br>Mr\u00f3z go zzi\u0119bi\u0142 w jednej dobie,<br>Nim zab\u0142ysn\u0105\u0142 li\u015b\u0107 p\u0142omienny.<br>Na kolebk\u0119 to \u017cyczenie,<br>Nie w\u015br\u00f3d grob\u00f3w na kamienie.<br>To \u017cyczenie dla dzieci\u0119cia,<br>Dla m\u0142odzie\u0144ca, kt\u00f3ry biegnie<br>W \u015bwiata rzuci\u0107 si\u0119 obj\u0119cia,<br>Lub dla starca, gdy go zegnie<br>Wiek latami, nieszcz\u0119\u015bciami.<br>Dla cz\u0142owieka, kt\u00f3ry w chwili<br>Szcz\u0119\u015bcie prze\u017cy\u0142, dzi\u015b si\u0119 sili<br>W walce z dniami, jak z wrogami.<br>To \u017cyczenie dla dziewicy,<br>Co \u015bwiat z\u0142udze\u0144 swych zamkn\u0119\u0142a<br>W k\u00f3\u0142ku wianka mirtowego,<br>Co w\u015br\u00f3d czar\u00f3w uton\u0119\u0142a,<br>Sieci\u0105 westchnie\u0144, w \u0142ez krynicy<br>\u0141owi\u0105c mar\u0119, kochanego.<br>Ta, z grobowc\u00f3w przyniesiona<br>My\u015bl pociechy, niech nam wr\u00f3ci,<br>A o\u017cyje ten, co kona<br>Albo w nico\u015b\u0107 si\u0119 obr\u00f3ci,<br>Gdy go s\u0142owo nie ocuci.<br>O! bo s\u0142owo cuda tworzy,<br>S\u0142owo dla nas, to g\u0142os Bo\u017cy,<br>Dla nas wszystkich na tym \u015bwiecie,<br>Co nam bry\u0142a ziemi gniecie<br>My\u015bli nasze, gdy my\u015blemy,<br>Cho\u0107 nogami j\u0105 depczemy.<br>Dla nas wszystkich, co cierpieniem<br>Lub rozkosz\u0105 oddychamy;<br>Dla nas wszystkich, co kamieniem<br>Albo puchem \u017cycie znamy.<br>Co pragniemy, lub nie chcemy<br>\u017by\u0107, a jednak \u017cy\u0107 musiemy!<\/p>\n","protected":false},"excerpt":{"rendered":"<p>Ziemia niech ci lekk\u0105 b\u0119dzie!To ostatnie przyjm \u017cyczenie.Tak m\u00f3wi\u0105 zimne kamienie,Kt\u00f3re mo\u017cesz widzie\u0107 wsz\u0119dzieNa grobowcach staro\u017cytnych,Gdzie \u015bpi\u0105 lochy Rzymian bitnych.Ale s\u0142owa te na grobieP\u00f3\u017ano wesz\u0142y. Kwiat jesienny;Mr\u00f3z go zzi\u0119bi\u0142 w jednej dobie,Nim zab\u0142ysn\u0105\u0142 li\u015b\u0107 p\u0142omienny.Na kolebk\u0119 to \u017cyczenie,Nie w\u015br\u00f3d grob\u00f3w na kamienie.To \u017cyczenie dla dzieci\u0119cia,Dla m\u0142odzie\u0144ca, kt\u00f3ry biegnieW \u015bwiata rzuci\u0107 si\u0119 obj\u0119cia,Lub dla starca, gdy [&hellip;]<\/p>\n","protected":false},"author":1,"featured_media":0,"parent":0,"menu_order":0,"comment_status":"closed","ping_status":"closed","template":"","meta":[],"_links":{"self":[{"href":"https:\/\/paryskiesalonyromantykow.pl\/index.php\/wp-json\/wp\/v2\/pages\/1406"}],"collection":[{"href":"https:\/\/paryskiesalonyromantykow.pl\/index.php\/wp-json\/wp\/v2\/pages"}],"about":[{"href":"https:\/\/paryskiesalonyromantykow.pl\/index.php\/wp-json\/wp\/v2\/types\/page"}],"author":[{"embeddable":true,"href":"https:\/\/paryskiesalonyromantykow.pl\/index.php\/wp-json\/wp\/v2\/users\/1"}],"replies":[{"embeddable":true,"href":"https:\/\/paryskiesalonyromantykow.pl\/index.php\/wp-json\/wp\/v2\/comments?post=1406"}],"version-history":[{"count":1,"href":"https:\/\/paryskiesalonyromantykow.pl\/index.php\/wp-json\/wp\/v2\/pages\/1406\/revisions"}],"predecessor-version":[{"id":1408,"href":"https:\/\/paryskiesalonyromantykow.pl\/index.php\/wp-json\/wp\/v2\/pages\/1406\/revisions\/1408"}],"wp:attachment":[{"href":"https:\/\/paryskiesalonyromantykow.pl\/index.php\/wp-json\/wp\/v2\/media?parent=1406"}],"curies":[{"name":"wp","href":"https:\/\/api.w.org\/{rel}","templated":true}]}}