{"id":1403,"date":"2021-01-20T17:46:55","date_gmt":"2021-01-20T16:46:55","guid":{"rendered":"http:\/\/paryskiesalonyromantykow.pl\/?page_id=1403"},"modified":"2021-01-20T17:46:55","modified_gmt":"2021-01-20T16:46:55","slug":"ludwik-norwid-cogito-ergo-sum","status":"publish","type":"page","link":"https:\/\/paryskiesalonyromantykow.pl\/index.php\/ludwik-norwid-cogito-ergo-sum\/","title":{"rendered":"Ludwik Norwid &#8211; Cogito ergo sum"},"content":{"rendered":"\n<p>My\u015bl\u0119, wi\u0119c jestem \u2013 ta s\u0142awna formu\u0142a,<br>Po tylu wielkich trudach znaleziona,<br>Jakby rozdarta tajemnic zas\u0142ona,<br>Co nam zostawi\u0142 filozof gadu\u0142a.<br>W\u0105tpi\u0119, wi\u0119c jestem, na jedno wychodzi.<br>W\u0105tpienie! \u2013 Si\u0142a czy upadek ducha?<br>Zmarz\u0142a kaskada czy p\u0142omie\u0144, co bucha<br>Z ruin dymi\u0105cych grodu spalonego?<br>Mo\u017ce to kamie\u0144 probierczy wszystkiego!<br>Wieczny Attyla \u2013 pytanie Pi\u0142ata \u2013<br>Dyjogenesa u\u015bmiech i Sokrata\u2026<br>Im bardziej g\u0142owa cz\u0142owieka si\u0119 strudzi,<br>Tym wy\u017csze wie\u017ce babelskie buduje.<br>Fatalizm jest jaki\u015b na wielkich ludzi,<br>My\u015bl ich nie ginie, ale si\u0119 marnuje \u2013<br>Jak\u017ce nie w\u0105tpi\u0107? \u2013 C\u00f3\u017c na pewno wiemy?<br>O g\u0142upstwie tylko w\u0105tpi\u0107 nie mo\u017cemy,<br>Bo kolosalnie to gmach okaza\u0142y,<br>Z odwiecznych kszta\u0142t\u00f3w zbudowany ca\u0142y,<br>A fundamenta jego s\u0105 szerokie,<br>Mur cyklopejski i baszty wysokie,<br>Dla niego wieki min\u0119\u0142y jak lata,<br>Lecz w jego gruzach koniec n\u0119dzy \u015bwiata.<\/p>\n","protected":false},"excerpt":{"rendered":"<p>My\u015bl\u0119, wi\u0119c jestem \u2013 ta s\u0142awna formu\u0142a,Po tylu wielkich trudach znaleziona,Jakby rozdarta tajemnic zas\u0142ona,Co nam zostawi\u0142 filozof gadu\u0142a.W\u0105tpi\u0119, wi\u0119c jestem, na jedno wychodzi.W\u0105tpienie! \u2013 Si\u0142a czy upadek ducha?Zmarz\u0142a kaskada czy p\u0142omie\u0144, co buchaZ ruin dymi\u0105cych grodu spalonego?Mo\u017ce to kamie\u0144 probierczy wszystkiego!Wieczny Attyla \u2013 pytanie Pi\u0142ata \u2013Dyjogenesa u\u015bmiech i Sokrata\u2026Im bardziej g\u0142owa cz\u0142owieka si\u0119 strudzi,Tym wy\u017csze [&hellip;]<\/p>\n","protected":false},"author":1,"featured_media":0,"parent":0,"menu_order":0,"comment_status":"closed","ping_status":"closed","template":"","meta":[],"_links":{"self":[{"href":"https:\/\/paryskiesalonyromantykow.pl\/index.php\/wp-json\/wp\/v2\/pages\/1403"}],"collection":[{"href":"https:\/\/paryskiesalonyromantykow.pl\/index.php\/wp-json\/wp\/v2\/pages"}],"about":[{"href":"https:\/\/paryskiesalonyromantykow.pl\/index.php\/wp-json\/wp\/v2\/types\/page"}],"author":[{"embeddable":true,"href":"https:\/\/paryskiesalonyromantykow.pl\/index.php\/wp-json\/wp\/v2\/users\/1"}],"replies":[{"embeddable":true,"href":"https:\/\/paryskiesalonyromantykow.pl\/index.php\/wp-json\/wp\/v2\/comments?post=1403"}],"version-history":[{"count":1,"href":"https:\/\/paryskiesalonyromantykow.pl\/index.php\/wp-json\/wp\/v2\/pages\/1403\/revisions"}],"predecessor-version":[{"id":1405,"href":"https:\/\/paryskiesalonyromantykow.pl\/index.php\/wp-json\/wp\/v2\/pages\/1403\/revisions\/1405"}],"wp:attachment":[{"href":"https:\/\/paryskiesalonyromantykow.pl\/index.php\/wp-json\/wp\/v2\/media?parent=1403"}],"curies":[{"name":"wp","href":"https:\/\/api.w.org\/{rel}","templated":true}]}}