{"id":1390,"date":"2021-01-20T17:32:33","date_gmt":"2021-01-20T16:32:33","guid":{"rendered":"http:\/\/paryskiesalonyromantykow.pl\/?page_id=1390"},"modified":"2021-01-20T17:32:33","modified_gmt":"2021-01-20T16:32:33","slug":"duch-adama-i-skandal","status":"publish","type":"page","link":"https:\/\/paryskiesalonyromantykow.pl\/index.php\/duch-adama-i-skandal\/","title":{"rendered":"Duch Adama i skandal"},"content":{"rendered":"\n<p><em>Resurrexit, sicut dixit<\/em>.<br>1.<br>Oto ten samy, kt\u00f3rego bezdumna<br>W ko\u015bcio\u0142a wn\u0119trzu czerni\u0142a si\u0119 trumna,<br>Zmartwychwsta\u0142 w S\u0142owo \u2014<br>2.<br>I \u00abKochajmy si\u0119!\u00bb wyrzek\u0142szy przy zgonie,<br>Po zgonie jeszcze w swem ukrywa \u0142onie<br>Ha\u0144b\u0119 domow\u0105.<br>3.<br>Wi\u0119c pokaza\u0142 si\u0119 naprz\u00f3d Magdalenie,<br>Podobny Panu, jak swym wzorom ciernie<br>Podobne wiernie \u2014<br>4.<br>I na Emaus id\u0105cym powiada,<br>Jak si\u0119 to pismo niejasno wyk\u0142ada,<br>\u017be laur, to ciernie.<\/p>\n\n\n\n<p><em>Pisa\u0142em po powrocie z pogrzebu Adama<\/em><br><em>Mickiewicza 1856 w Pary\u017cu.<\/em><\/p>\n","protected":false},"excerpt":{"rendered":"<p>Resurrexit, sicut dixit.1.Oto ten samy, kt\u00f3rego bezdumnaW ko\u015bcio\u0142a wn\u0119trzu czerni\u0142a si\u0119 trumna,Zmartwychwsta\u0142 w S\u0142owo \u20142.I \u00abKochajmy si\u0119!\u00bb wyrzek\u0142szy przy zgonie,Po zgonie jeszcze w swem ukrywa \u0142onieHa\u0144b\u0119 domow\u0105.3.Wi\u0119c pokaza\u0142 si\u0119 naprz\u00f3d Magdalenie,Podobny Panu, jak swym wzorom cierniePodobne wiernie \u20144.I na Emaus id\u0105cym powiada,Jak si\u0119 to pismo niejasno wyk\u0142ada,\u017be laur, to ciernie. Pisa\u0142em po powrocie z pogrzebu [&hellip;]<\/p>\n","protected":false},"author":1,"featured_media":0,"parent":0,"menu_order":0,"comment_status":"closed","ping_status":"closed","template":"","meta":[],"_links":{"self":[{"href":"https:\/\/paryskiesalonyromantykow.pl\/index.php\/wp-json\/wp\/v2\/pages\/1390"}],"collection":[{"href":"https:\/\/paryskiesalonyromantykow.pl\/index.php\/wp-json\/wp\/v2\/pages"}],"about":[{"href":"https:\/\/paryskiesalonyromantykow.pl\/index.php\/wp-json\/wp\/v2\/types\/page"}],"author":[{"embeddable":true,"href":"https:\/\/paryskiesalonyromantykow.pl\/index.php\/wp-json\/wp\/v2\/users\/1"}],"replies":[{"embeddable":true,"href":"https:\/\/paryskiesalonyromantykow.pl\/index.php\/wp-json\/wp\/v2\/comments?post=1390"}],"version-history":[{"count":1,"href":"https:\/\/paryskiesalonyromantykow.pl\/index.php\/wp-json\/wp\/v2\/pages\/1390\/revisions"}],"predecessor-version":[{"id":1392,"href":"https:\/\/paryskiesalonyromantykow.pl\/index.php\/wp-json\/wp\/v2\/pages\/1390\/revisions\/1392"}],"wp:attachment":[{"href":"https:\/\/paryskiesalonyromantykow.pl\/index.php\/wp-json\/wp\/v2\/media?parent=1390"}],"curies":[{"name":"wp","href":"https:\/\/api.w.org\/{rel}","templated":true}]}}