{"id":1384,"date":"2021-01-20T17:29:19","date_gmt":"2021-01-20T16:29:19","guid":{"rendered":"http:\/\/paryskiesalonyromantykow.pl\/?page_id=1384"},"modified":"2021-01-20T18:49:45","modified_gmt":"2021-01-20T17:49:45","slug":"sklad-zasad","status":"publish","type":"page","link":"https:\/\/paryskiesalonyromantykow.pl\/index.php\/sklad-zasad\/","title":{"rendered":"Adam Mickiewicz &#8211; Sk\u0142ad zasad"},"content":{"rendered":"\n<ol><li>Duch chrze\u015bcija\u0144ski, w wierze \u015bwi\u0119tej katolickiej rzymskiej, jawiony czynami wolnymi.<\/li><li>S\u0142owo Bo\u017ce, w Ewangelii zwiastowane, prawem narod\u00f3w, ojczystym i spo\u0142ecznym.<\/li><li>Ko\u015bci\u00f3\u0142 str\u00f3\u017c S\u0142owa.<\/li><li>Ojczyzna pole \u017cycia S\u0142owu Bo\u017cemu na ziemi.<\/li><li>Duch polski Ewangelii s\u0142uga, ziemia polska ze swym spo\u0142ecze\u0144stwem cia\u0142o. Polska zmartwychwstaje w ciele, w kt\u00f3rym cierpia\u0142a i z\u0142o\u017cona zosta\u0142a w grobie przed laty stu. Polska w osobie wolnej i niepodleg\u0142ej staje i S\u0142awia\u0144szczy\u017anie d\u0142o\u0144 podaje.<\/li><li>W Polszcze wolno\u015b\u0107 wszelkiemu wyznawaniu Boga, wszelkiemu obrz\u0119dowi i zborowi.<\/li><li>S\u0142owo wolne, wolnie objawiane, z owoc\u00f3w przez prawo s\u0105dzone.<\/li><li>Wszelki z narodu jest obywatelem, wszelki obywatel r\u00f3wny w prawie i przed urz\u0119dami.<\/li><li>Wszelki urz\u0105d obieralny, wolnie dawany, wolnie brany.<\/li><li>Izrealowi, bratu starszemu, uszanowanie, braterstwo pomoc na drodze ku jego dobru wiecznemu i doczesnemu. R\u00f3wne we wszystkim prawo.<\/li><li>Towarzyszce \u017cywota, niewie\u015bcie, braterstwo i obywatelstwo, r\u00f3wne we wszystkim prawo.<\/li><li>Ka\u017cdemu S\u0142awianinowi, zamieszka\u0142emu w Polszcze, braterstwo, obywatelstwo, r\u00f3wne we wszystkim prawo.<\/li><li>Ka\u017cdej rodzinie rola domowa pod opiek\u0105 gminy. Ka\u017cdej gminie rola gromadna pod opiek\u0105 narodu.<\/li><li>Wszelka w\u0142asno\u015b\u0107 szanowana i nietykalnie pod stra\u017c urz\u0119dowi narodowemu oddana.<\/li><li>Pomoc polityczna, rodzinna, nale\u017cna od Polski bratu Czechowi i ludom pobratymczym czeskim, bratu Rusowi i ludom ruskim. Pomoc chrze\u015bcija\u0144ska wszelkiemu narodowi jako bli\u017aniemu.<\/li><\/ol>\n\n\n\n<p><em>Rzym, dnia 29 marca 1848 roku<\/em><\/p>\n","protected":false},"excerpt":{"rendered":"<p>Duch chrze\u015bcija\u0144ski, w wierze \u015bwi\u0119tej katolickiej rzymskiej, jawiony czynami wolnymi. S\u0142owo Bo\u017ce, w Ewangelii zwiastowane, prawem narod\u00f3w, ojczystym i spo\u0142ecznym. Ko\u015bci\u00f3\u0142 str\u00f3\u017c S\u0142owa. Ojczyzna pole \u017cycia S\u0142owu Bo\u017cemu na ziemi. Duch polski Ewangelii s\u0142uga, ziemia polska ze swym spo\u0142ecze\u0144stwem cia\u0142o. Polska zmartwychwstaje w ciele, w kt\u00f3rym cierpia\u0142a i z\u0142o\u017cona zosta\u0142a w grobie przed laty stu. [&hellip;]<\/p>\n","protected":false},"author":1,"featured_media":0,"parent":0,"menu_order":0,"comment_status":"closed","ping_status":"closed","template":"","meta":[],"_links":{"self":[{"href":"https:\/\/paryskiesalonyromantykow.pl\/index.php\/wp-json\/wp\/v2\/pages\/1384"}],"collection":[{"href":"https:\/\/paryskiesalonyromantykow.pl\/index.php\/wp-json\/wp\/v2\/pages"}],"about":[{"href":"https:\/\/paryskiesalonyromantykow.pl\/index.php\/wp-json\/wp\/v2\/types\/page"}],"author":[{"embeddable":true,"href":"https:\/\/paryskiesalonyromantykow.pl\/index.php\/wp-json\/wp\/v2\/users\/1"}],"replies":[{"embeddable":true,"href":"https:\/\/paryskiesalonyromantykow.pl\/index.php\/wp-json\/wp\/v2\/comments?post=1384"}],"version-history":[{"count":2,"href":"https:\/\/paryskiesalonyromantykow.pl\/index.php\/wp-json\/wp\/v2\/pages\/1384\/revisions"}],"predecessor-version":[{"id":1501,"href":"https:\/\/paryskiesalonyromantykow.pl\/index.php\/wp-json\/wp\/v2\/pages\/1384\/revisions\/1501"}],"wp:attachment":[{"href":"https:\/\/paryskiesalonyromantykow.pl\/index.php\/wp-json\/wp\/v2\/media?parent=1384"}],"curies":[{"name":"wp","href":"https:\/\/api.w.org\/{rel}","templated":true}]}}