{"id":138,"date":"2021-01-09T13:16:49","date_gmt":"2021-01-09T12:16:49","guid":{"rendered":"http:\/\/paryskiesalonyromantykow.pl\/?page_id=138"},"modified":"2022-02-11T12:04:35","modified_gmt":"2022-02-11T11:04:35","slug":"adam-mickiewicz","status":"publish","type":"page","link":"https:\/\/paryskiesalonyromantykow.pl\/index.php\/adam-mickiewicz\/","title":{"rendered":"Adam Mickiewicz"},"content":{"rendered":"\n<figure class=\"wp-block-table aligncenter is-style-stripes\"><table><tbody><tr><td class=\"has-text-align-left\" data-align=\"left\"><img loading=\"lazy\" width=\"2000\" height=\"2000\" class=\"wp-image-106\" style=\"width: 200px;\" src=\"http:\/\/paryskiesalonyromantykow.pl\/wp-content\/uploads\/2021\/01\/pjimage-4.jpg\" alt=\"\" srcset=\"https:\/\/paryskiesalonyromantykow.pl\/wp-content\/uploads\/2021\/01\/pjimage-4.jpg 2000w, https:\/\/paryskiesalonyromantykow.pl\/wp-content\/uploads\/2021\/01\/pjimage-4-300x300.jpg 300w, https:\/\/paryskiesalonyromantykow.pl\/wp-content\/uploads\/2021\/01\/pjimage-4-1024x1024.jpg 1024w, https:\/\/paryskiesalonyromantykow.pl\/wp-content\/uploads\/2021\/01\/pjimage-4-150x150.jpg 150w, https:\/\/paryskiesalonyromantykow.pl\/wp-content\/uploads\/2021\/01\/pjimage-4-768x768.jpg 768w, https:\/\/paryskiesalonyromantykow.pl\/wp-content\/uploads\/2021\/01\/pjimage-4-1536x1536.jpg 1536w\" sizes=\"(max-width: 2000px) 100vw, 2000px\" \/><\/td><td>Adam Bernard Mickiewicz<\/td><\/tr><tr><td class=\"has-text-align-left\" data-align=\"left\"><strong>Data i miejsce urodzenia<\/strong><\/td><td>24 grudnia 1798 roku<br>Nowogr\u00f3dek, Zaosie lub Ossowiec<\/td><\/tr><tr><td class=\"has-text-align-left\" data-align=\"left\"><strong>Data i miejsce \u015bmierci<\/strong><\/td><td>26 listopada 1855 roku<br>Konstantynopol (dzi\u015b Stambu\u0142)<\/td><\/tr><tr><td class=\"has-text-align-left\" data-align=\"left\"><strong>Rodzice<\/strong><\/td><td><a href=\"https:\/\/paryskiesalonyromantykow.pl\/index.php\/mikolaj-mickiewicz\/\" data-type=\"page\" data-id=\"548\">Miko\u0142aj Mickiewicz (1765-1812)<\/a><br><a href=\"https:\/\/paryskiesalonyromantykow.pl\/index.php\/barbara-mickiewicz\/\" data-type=\"page\" data-id=\"556\">Barbara z Majewskich (1767-1820)<\/a><\/td><\/tr><tr><td class=\"has-text-align-left\" data-align=\"left\"><strong>Rodze\u0144stwo<\/strong><\/td><td><a href=\"https:\/\/paryskiesalonyromantykow.pl\/index.php\/franciszek-mickiewicz\/\" data-type=\"page\" data-id=\"1918\">Franciszek (1796-1862)<\/a><br><a href=\"http:\/\/paryskiesalonyromantykow.pl\/index.php\/aleksander-mickiewicz-brat\/\" data-type=\"page\" data-id=\"1930\">Aleksander (1801-1871)<\/a><br><a href=\"https:\/\/paryskiesalonyromantykow.pl\/index.php\/jerzy-mickiewicz\/\" data-type=\"page\" data-id=\"2149\">Jerzy (1804-1839)<\/a><br>Antoni (1805-1810)<\/td><\/tr><tr><td class=\"has-text-align-left\" data-align=\"left\"><strong>\u017bona<\/strong><\/td><td><a href=\"https:\/\/paryskiesalonyromantykow.pl\/index.php\/celina-mickiewiczowa\/\" data-type=\"page\" data-id=\"157\">Celina z Szymanowskich (1812-1855)<\/a><\/td><\/tr><tr><td class=\"has-text-align-left\" data-align=\"left\"><strong>Dzieci<\/strong><\/td><td><a href=\"https:\/\/paryskiesalonyromantykow.pl\/index.php\/maria-gorecka\/\" data-type=\"page\" data-id=\"260\">Maria (1835-1922)<\/a><br><a href=\"https:\/\/paryskiesalonyromantykow.pl\/index.php\/wladyslaw-mickiewicz\/\" data-type=\"page\" data-id=\"421\">W\u0142adys\u0142aw (1838-1926)<\/a><br><a href=\"https:\/\/paryskiesalonyromantykow.pl\/index.php\/helena-hryniewiecka\/\" data-type=\"page\" data-id=\"446\">Helena (1840-1897)<\/a><br><a href=\"https:\/\/paryskiesalonyromantykow.pl\/index.php\/aleksander-mickiewicz\/\" data-type=\"page\" data-id=\"470\">Aleksander (1842-1864)<\/a><br><a href=\"https:\/\/paryskiesalonyromantykow.pl\/index.php\/jan-mickiewicz\/\" data-type=\"page\" data-id=\"484\">Jan (1845-1885)<\/a><br><a href=\"https:\/\/paryskiesalonyromantykow.pl\/index.php\/klara-mainard\/\" data-type=\"page\" data-id=\"192\">Klara (1850-?)<\/a><br><a href=\"https:\/\/paryskiesalonyromantykow.pl\/index.php\/jozef-mickiewicz\/\" data-type=\"page\" data-id=\"184\">J\u00f3zef (1850-1938)<\/a><\/td><\/tr><\/tbody><\/table><\/figure>\n\n\n\n<p>Adam Mickiewicz, jeden z najwi\u0119kszych polskich i litewskich poet\u00f3w, a tak\u017ce wyk\u0142adowca, filozof i mistyk, by\u0142 drugim synem <a href=\"https:\/\/paryskiesalonyromantykow.pl\/index.php\/mikolaj-mickiewicz\/\" data-type=\"page\" data-id=\"548\">Miko\u0142aja Mickiewicza<\/a> herbu Poraj, adwokata i komornika, i <a href=\"https:\/\/paryskiesalonyromantykow.pl\/index.php\/barbara-mickiewicz\/\" data-type=\"page\" data-id=\"556\">Barbary z Majewskich<\/a>. Do dzi\u015b trwaj\u0105 spory, gdzie przyszed\u0142 na \u015bwiat &#8211; w rodzinnym Nowogr\u00f3dku, w Zaosiu, gdzie mie\u015bci\u0142 si\u0119 folwark Bazylego Mickiewicza, stryja poety, w karczmie Wygoda mieszcz\u0105cej si\u0119 na trasie z Zaosia do Nowogr\u00f3dka, w folwarku Ossowiec po\u0142o\u017conego nieopodal Zaosia czy we wsi Lit\u00f3wka na przedmie\u015bciach Nowogr\u00f3dka. Wed\u0142ug tradycji rodzinnej po urodzeniu po\u0142o\u017cono Adama na grubej ksi\u0119dze z aktami s\u0105dowym i tam obci\u0119to p\u0119powin\u0119, miejscowy zwyczaj bowiem g\u0142osi\u0142, \u017ce zrobienie tego na ksi\u0105\u017cce sprawia\u0142o, \u017ce dziecko wyro\u015bnie na m\u0105drego cz\u0142owieka.<\/p>\n\n\n\n<p>Rok 1812 przyni\u00f3s\u0142 dwa wydarzenia, kt\u00f3re na zawsze zmieni\u0142y m\u0142odego Adama i jego podej\u015bcie do \u017cycia. Najpierw zmar\u0142 jego ojciec, a p\u00f3\u017aniej przez Nowogr\u00f3dek przemaszerowa\u0142a armia Napoleona, maszeruj\u0105ce na Rosj\u0119. Przysz\u0142y poeta na zawsze zapami\u0119ta\u0142 towarzysz\u0105ce mu wtedy emocje. Trzy lata p\u00f3\u017aniej rozpocz\u0105\u0142 studia na Uniwersytecie Wile\u0144skim, gdzie pozna\u0142 <a href=\"https:\/\/paryskiesalonyromantykow.pl\/index.php\/tomasz-zan\/\" data-type=\"page\" data-id=\"217\">Tomasza Zana<\/a>. Razem z nim za\u0142o\u017cy\u0142 Towarzystwo Filomatyczne, kt\u00f3re z pocz\u0105tku mia\u0142o skupia\u0107 ludzi skupionych na samorozwoju i pracy nad charakterem. Dopiero z czasem m\u0142odzi studenci skierowali swoj\u0105 uwag\u0119 na bardziej patriotyczne kwestie.<\/p>\n\n\n\n<p>Po uko\u0144czeniu studi\u00f3w zacz\u0105\u0142 prac\u0119 jako nauczyciel w Kownie. Nawi\u0105za\u0142 wtedy romans z s\u0105siadk\u0105, <a href=\"https:\/\/paryskiesalonyromantykow.pl\/index.php\/karolina-kowalska\/\" data-type=\"page\" data-id=\"281\">Karolin\u0105 Kowalsk\u0105<\/a>, \u017con\u0105 tamtejszego lekarza. Nied\u0142ugo p\u00f3\u017aniej pozna\u0142 <a href=\"https:\/\/paryskiesalonyromantykow.pl\/index.php\/maryla-wereszczakowna\/\" data-type=\"page\" data-id=\"207\">Maryl\u0119 Wereszczak\u00f3wn\u0119<\/a>, siostr\u0119 swojego kolegi, kt\u00f3ra w\u0142a\u015bnie zar\u0119czy\u0142a si\u0119 z hrabi\u0105 Wawrzy\u0144cem Puttkamerem. Nie przeszkodzi\u0142o to jednak Mickiewiczowi i Wereszczak\u00f3wnie w romansie &#8211; przeciwnie, czuli si\u0119 jak bohaterowie powie\u015bci romansowych, w kt\u00f3rych zaczytywa\u0142o si\u0119 ca\u0142e pokolenie. Nawet po \u015blubie z Wawrzy\u0144cem utrzymywali sw\u00f3j zwi\u0105zek w tajemnicy, lecz pojawia\u0142o si\u0119 mi\u0119dzy nimi coraz wi\u0119cej napi\u0119\u0107. Maryla usi\u0142owa\u0142a pope\u0142ni\u0107 samob\u00f3jstwo, Adam chcia\u0142 wyzywa\u0107 jej m\u0119\u017ca na pojedynek&#8230; Wreszcie zakochani postanowili trzyma\u0107 si\u0119 od siebie z daleka. R\u00f3wnie\u017c zwi\u0105zek poety z doktorow\u0105 Kowalsk\u0105 pom\u00f3g\u0142 w zerwaniu z hrabin\u0105 Puttkamerow\u0105.<\/p>\n\n\n\n<p>W 1823 roku nast\u0105pi\u0142 s\u0142ynny proces filomat\u00f3w. Adam kilkumiesi\u0119cznym pobycie w wi\u0119zieniu zosta\u0142 zes\u0142any w g\u0142\u0105b Cesarstwa Rosyjskiego, gdzie mia\u0142 dosta\u0107 posad\u0119 nauczyciela w wybranym przez siebie miejscu. W swoich podr\u00f3\u017cach zaw\u0119drowa\u0142 do Petersburga, Odessy, Moskwy i na Krym. Pozna\u0142 w tym czasie innego wielkiego s\u0142owia\u0144skiego poet\u0119, <a href=\"https:\/\/paryskiesalonyromantykow.pl\/index.php\/aleksander-puszkin\/\" data-type=\"page\" data-id=\"426\">Aleksandra Puszkina<\/a>. W p\u00f3\u017aniejszych latach przeni\u00f3s\u0142 si\u0119 na zach\u00f3d Europy, zahaczaj\u0105c o Niemcy, W\u0142ochy i Szwajcari\u0119. Gdy w 1830 roku wybuch\u0142o powstanie listopadowe, Mickiewicz oficjalnie postanowi\u0142 do\u0142\u0105czy\u0107 do walcz\u0105cych. W skryto\u015bci jednak nie wierzy\u0142 w mo\u017cliwo\u015b\u0107 zwyci\u0119stwa, przez co nieustannie op\u00f3\u017ania\u0142 swoj\u0105 podr\u00f3\u017c. Na powstanie ostatecznie nie dotar\u0142, czego wielu wsp\u00f3\u0142czesnych nie mog\u0142o mu p\u00f3\u017aniej wybaczy\u0107.<\/p>\n\n\n\n<p>Nied\u0142ugo p\u00f3\u017aniej osiad\u0142 na sta\u0142e w Pary\u017cu, w kt\u00f3rym sp\u0119dzi\u0142 reszt\u0119 \u017cycia. W 1834 roku po\u015blubi\u0142 <a href=\"https:\/\/paryskiesalonyromantykow.pl\/index.php\/celina-mickiewiczowa\/\" data-type=\"page\" data-id=\"157\">Celin\u0119 z Szymanowskich<\/a>, kt\u00f3ra by\u0142a c\u00f3rk\u0105 jego przyjaci\u00f3\u0142ki, <a href=\"https:\/\/paryskiesalonyromantykow.pl\/index.php\/maria-szymanowska\/\" data-type=\"page\" data-id=\"234\">Marii Szymanowskiej<\/a>. W tamtym czasie r\u00f3wnie\u017c zaprzesta\u0142 publikowania swoich dzie\u0142 poetyckich, pisz\u0105c do przys\u0142owiowej szuflady. Jego \u017cona po urodzeniu drugiego dziecka, syna <a href=\"https:\/\/paryskiesalonyromantykow.pl\/index.php\/wladyslaw-mickiewicz\/\" data-type=\"page\" data-id=\"421\">W\u0142adys\u0142awa<\/a>, zapad\u0142a na bli\u017cej nieznan\u0105 chorob\u0119 psychiczn\u0105, z kt\u00f3rej do ko\u0144ca nigdy si\u0119 nie wyleczy\u0142a. Adam pr\u00f3bowa\u0142 leczy\u0107 j\u0105 w domu, w ko\u0144cu jednak bezradny odda\u0142 j\u0105 do Domu Zdrowia w Vanves, gdzie sp\u0119dzi\u0142a kilka tygodni. Po urodzeniu trzeciego dziecka mia\u0142a nawr\u00f3t choroby i wr\u00f3ci\u0142a do Vanves.<\/p>\n\n\n\n<p>Po kr\u00f3tkim pobycie w Szwajcarii Mickiewicz obj\u0105\u0142 katedr\u0119 j\u0119zyk\u00f3w s\u0142owia\u0144skich w&nbsp;Coll\u00e8ge de France, kt\u00f3re cieszy\u0142y si\u0119 du\u017c\u0105 popularno\u015bci\u0105 zar\u00f3wno w\u015br\u00f3d emigrant\u00f3w z Polski, jak i francuskich intelektualist\u00f3w. W 1841 roku pozna\u0142 <a href=\"https:\/\/paryskiesalonyromantykow.pl\/index.php\/andrzej-towianski\/\" data-type=\"page\" data-id=\"203\">Andrzeja Towia\u0144skiego<\/a>, kt\u00f3ry g\u0142osi\u0142 potrzeb\u0119 odnowy duchowej i przemiany w Ko\u015bciele Katolickim. Wsp\u00f3lnie za\u0142o\u017cyli Ko\u0142o Sprawy Bo\u017cej, do kt\u00f3rego do\u0142\u0105czy\u0142o wielu znajomych poety, jak r\u00f3wnie\u017c jego najwi\u0119kszy rywal, <a href=\"https:\/\/paryskiesalonyromantykow.pl\/index.php\/juliusz-slowacki\/\" data-type=\"page\" data-id=\"153\">Juliusz S\u0142owacki<\/a>. W tym czasie nast\u0105pi\u0142o ich chwilowe pogodzenie. Jednak nied\u0142ugo p\u00f3\u017aniej skrajny indywidualizm S\u0142owackiego zacz\u0105\u0142 k\u0142\u00f3ci\u0107 si\u0119 z ideami Ko\u0142a, i ostatecznie drugi Wieszcz opu\u015bci\u0142 grono towia\u0144czyk\u00f3w w 1843 roku. Zerwa\u0142 r\u00f3wnie\u017c kontakty z Mickiewiczem i z Towia\u0144skim.<\/p>\n\n\n\n<p>W tamtym czasie do domu Mickiewicz\u00f3w wprowadzi\u0142a si\u0119 nowa lokatorka. <a href=\"https:\/\/paryskiesalonyromantykow.pl\/index.php\/ksawera-deybel\/\" data-type=\"page\" data-id=\"188\">Anna Deybel<\/a>, zwana przez wszystkich Xawer\u0105, pocz\u0105tkowo mia\u0142a opiekowa\u0107 si\u0119 ma\u0142ymi dzie\u0107mi poety. Nied\u0142ugo p\u00f3\u017aniej jednak Adam nawi\u0105za\u0142 z ni\u0105 romans. Z pocz\u0105tku zar\u00f3wno Towia\u0144ski, jak i Celina b\u0105d\u017a nie zauwa\u017cali tego, b\u0105d\u017a nie chcieli widzie\u0107. Z czasem jednak w Kole, do kt\u00f3rego do\u0142\u0105czy\u0142a r\u00f3wnie\u017c Xawera, zacz\u0105\u0142 nast\u0119powa\u0107 roz\u0142am. Jedn\u0105 z przyczyn by\u0142a nieobecno\u015b\u0107 Towia\u0144skiego, co dawa\u0142o Mickiewiczowi praktycznie woln\u0105 r\u0119k\u0119 do wprowadzania w\u0142asnych zasad i reform. Poeta nie chcia\u0142 r\u00f3wnie\u017c porzuci\u0107 d\u0105\u017ce\u0144 narodowo-wyzwole\u0144czych, kt\u00f3re sk\u0142oni\u0142y go do z\u0142o\u017cenia wizyty papie\u017cowi w 1848 roku. W Europie rodzi\u0142y si\u0119 wtedy r\u00f3\u017cne ruchy wolno\u015bciowe, na czym chcia\u0142 skorzysta\u0107 Mickiewicz. Ostatecznie z b\u0142ogos\u0142awie\u0144stwem papie\u017ca za\u0142o\u017cy\u0142 Legion Polski, kt\u00f3ry jednak nie zd\u0105\u017cy\u0142 odegra\u0107 swojej dziejowej roli przed upadkiem Wiosny Lud\u00f3w.<\/p>\n\n\n\n<p>Nied\u0142ugo p\u00f3\u017aniej poeta wr\u00f3ci\u0142 do Pary\u017ca. W tym czasie z odwiedzinami przyjecha\u0142a przyrodnia siostra Celiny, <a href=\"https:\/\/paryskiesalonyromantykow.pl\/index.php\/zofia-szymanowska\/\" data-type=\"page\" data-id=\"224\">Zofia<\/a>. Panna Szymanowska nie mog\u0142a \u015bcierpie\u0107 Xawery, kt\u00f3ra w tamtym czasie opu\u015bci\u0142a dom poety i wzi\u0119\u0142a \u015blub z Edmundem Mainardem, m\u0142odszym o 5 lat komisarzem policji. Celina zmar\u0142a w 1855 roku, a poeta zostawi\u0142 rodzin\u0119 i wyjecha\u0142 do Konstantynopola, aby stworzy\u0107 legion polski, kt\u00f3ry m\u00f3g\u0142by wzi\u0105\u0107 udzia\u0142 w wojnie krymskiej. Zmar\u0142 podczas epidemii cholery, cho\u0107 nie brakuje g\u0142os\u00f3w, \u017ce zosta\u0142 otruty.<\/p>\n","protected":false},"excerpt":{"rendered":"<p>Adam Bernard Mickiewicz Data i miejsce urodzenia 24 grudnia 1798 rokuNowogr\u00f3dek, Zaosie lub Ossowiec Data i miejsce \u015bmierci 26 listopada 1855 rokuKonstantynopol (dzi\u015b Stambu\u0142) Rodzice Miko\u0142aj Mickiewicz (1765-1812)Barbara z Majewskich (1767-1820) Rodze\u0144stwo Franciszek (1796-1862)Aleksander (1801-1871)Jerzy (1804-1839)Antoni (1805-1810) \u017bona Celina z Szymanowskich (1812-1855) Dzieci Maria (1835-1922)W\u0142adys\u0142aw (1838-1926)Helena (1840-1897)Aleksander (1842-1864)Jan (1845-1885)Klara (1850-?)J\u00f3zef (1850-1938) Adam Mickiewicz, jeden z [&hellip;]<\/p>\n","protected":false},"author":1,"featured_media":0,"parent":0,"menu_order":0,"comment_status":"closed","ping_status":"closed","template":"","meta":[],"_links":{"self":[{"href":"https:\/\/paryskiesalonyromantykow.pl\/index.php\/wp-json\/wp\/v2\/pages\/138"}],"collection":[{"href":"https:\/\/paryskiesalonyromantykow.pl\/index.php\/wp-json\/wp\/v2\/pages"}],"about":[{"href":"https:\/\/paryskiesalonyromantykow.pl\/index.php\/wp-json\/wp\/v2\/types\/page"}],"author":[{"embeddable":true,"href":"https:\/\/paryskiesalonyromantykow.pl\/index.php\/wp-json\/wp\/v2\/users\/1"}],"replies":[{"embeddable":true,"href":"https:\/\/paryskiesalonyromantykow.pl\/index.php\/wp-json\/wp\/v2\/comments?post=138"}],"version-history":[{"count":24,"href":"https:\/\/paryskiesalonyromantykow.pl\/index.php\/wp-json\/wp\/v2\/pages\/138\/revisions"}],"predecessor-version":[{"id":2152,"href":"https:\/\/paryskiesalonyromantykow.pl\/index.php\/wp-json\/wp\/v2\/pages\/138\/revisions\/2152"}],"wp:attachment":[{"href":"https:\/\/paryskiesalonyromantykow.pl\/index.php\/wp-json\/wp\/v2\/media?parent=138"}],"curies":[{"name":"wp","href":"https:\/\/api.w.org\/{rel}","templated":true}]}}