{"id":1378,"date":"2021-01-20T17:23:19","date_gmt":"2021-01-20T16:23:19","guid":{"rendered":"http:\/\/paryskiesalonyromantykow.pl\/?page_id=1378"},"modified":"2021-01-20T17:23:20","modified_gmt":"2021-01-20T16:23:20","slug":"adam-mickiewicz-gdy-tu-moj-trup","status":"publish","type":"page","link":"https:\/\/paryskiesalonyromantykow.pl\/index.php\/adam-mickiewicz-gdy-tu-moj-trup\/","title":{"rendered":"Adam Mickiewicz &#8211; Gdy tu m\u00f3j trup&#8230;"},"content":{"rendered":"\n<p>Gdy tu m\u00f3j trup w po\u015brodku was zasiada,<br>W oczy zagl\u0105da wam i g\u0142o\u015bno gada,<br>Dusza w ten czas daleka, ach, daleka!<br>B\u0142\u0105ka si\u0119 i narzeka, ach, narzeka!<\/p>\n\n\n\n<p>Jest u mnie kraj, ojczyzna my\u015bli mojej,<br>I liczne mam serca mego rodze\u0144stwo;<br>Pi\u0119kniejszy kraj, ni\u017c ten, co w oczach stoi,<br>Rodzina milsza, ni\u017c ca\u0142e pokrewie\u0144stwo&#8230;<\/p>\n\n\n\n<p>Tam, wpo\u015br\u00f3d prac i trosk i w\u015br\u00f3d zabawy,<br>U ciekam ja. Tam siedz\u0119 pod jod\u0142ami,<br>Tam le\u017c\u0119 \u015br\u00f3d bujnej i wonnej trawy,<br>Tam p\u0119dz\u0119 za wr\u00f3blami, motylami.<\/p>\n\n\n\n<p>Tam widz\u0119 j\u0105, jak z ganku bia\u0142a st\u0105pa,<br>Jak ku nam w las \u015br\u00f3d \u0142\u0105k zielonych leci,<br>I wpo\u015br\u00f3d zb\u00f3\u017c, jak w toni w\u00f3d si\u0119 k\u0105pa,<br>I ku nam z g\u00f3r jako jutrzenka \u015bwieci&#8230;<\/p>\n","protected":false},"excerpt":{"rendered":"<p>Gdy tu m\u00f3j trup w po\u015brodku was zasiada,W oczy zagl\u0105da wam i g\u0142o\u015bno gada,Dusza w ten czas daleka, ach, daleka!B\u0142\u0105ka si\u0119 i narzeka, ach, narzeka! Jest u mnie kraj, ojczyzna my\u015bli mojej,I liczne mam serca mego rodze\u0144stwo;Pi\u0119kniejszy kraj, ni\u017c ten, co w oczach stoi,Rodzina milsza, ni\u017c ca\u0142e pokrewie\u0144stwo&#8230; Tam, wpo\u015br\u00f3d prac i trosk i w\u015br\u00f3d [&hellip;]<\/p>\n","protected":false},"author":1,"featured_media":0,"parent":0,"menu_order":0,"comment_status":"closed","ping_status":"closed","template":"","meta":[],"_links":{"self":[{"href":"https:\/\/paryskiesalonyromantykow.pl\/index.php\/wp-json\/wp\/v2\/pages\/1378"}],"collection":[{"href":"https:\/\/paryskiesalonyromantykow.pl\/index.php\/wp-json\/wp\/v2\/pages"}],"about":[{"href":"https:\/\/paryskiesalonyromantykow.pl\/index.php\/wp-json\/wp\/v2\/types\/page"}],"author":[{"embeddable":true,"href":"https:\/\/paryskiesalonyromantykow.pl\/index.php\/wp-json\/wp\/v2\/users\/1"}],"replies":[{"embeddable":true,"href":"https:\/\/paryskiesalonyromantykow.pl\/index.php\/wp-json\/wp\/v2\/comments?post=1378"}],"version-history":[{"count":1,"href":"https:\/\/paryskiesalonyromantykow.pl\/index.php\/wp-json\/wp\/v2\/pages\/1378\/revisions"}],"predecessor-version":[{"id":1380,"href":"https:\/\/paryskiesalonyromantykow.pl\/index.php\/wp-json\/wp\/v2\/pages\/1378\/revisions\/1380"}],"wp:attachment":[{"href":"https:\/\/paryskiesalonyromantykow.pl\/index.php\/wp-json\/wp\/v2\/media?parent=1378"}],"curies":[{"name":"wp","href":"https:\/\/api.w.org\/{rel}","templated":true}]}}