{"id":1372,"date":"2021-01-20T17:19:49","date_gmt":"2021-01-20T16:19:49","guid":{"rendered":"http:\/\/paryskiesalonyromantykow.pl\/?page_id=1372"},"modified":"2021-01-20T17:19:49","modified_gmt":"2021-01-20T16:19:49","slug":"adam-mickiewicz-nad-woda-wielka-i-czysta","status":"publish","type":"page","link":"https:\/\/paryskiesalonyromantykow.pl\/index.php\/adam-mickiewicz-nad-woda-wielka-i-czysta\/","title":{"rendered":"Adam Mickiewicz &#8211; Nad wod\u0105 wielk\u0105 i czyst\u0105&#8230;"},"content":{"rendered":"\n<p>Nad wod\u0105 wielk\u0105 i czyst\u0105<br>Sta\u0142y rz\u0119dami opoki;<br>I woda toni\u0105 przejrzyst\u0105<br>Odbi\u0142a twarze ich czarne.<\/p>\n\n\n\n<p>Nad wod\u0105 wielk\u0105 i czyst\u0105<br>Przebieg\u0142y czarne ob\u0142oki;<br>I woda toni\u0105 przejrzyst\u0105<br>Odbi\u0142a kszta\u0142ty ich marne.<\/p>\n\n\n\n<p>Nad wod\u0105 wielk\u0105 i czyst\u0105<br>B\u0142ysn\u0119\u0142o wzd\u0142u\u017c i grom rykn\u0105\u0142;<br>I woda toni\u0105 przejrzyst\u0105<br>Odbi\u0142a \u015bwiat\u0142o, g\u0142os znikn\u0105\u0142,<br>A woda, jak dawniej czysta,<br>Stoi wielka i przejrzysta.<\/p>\n\n\n\n<p>T\u0119 wod\u0119 wi\u01f3\u0119 doko\u0142a<br>I wszystko wiernie odb\u0133am,<br>I dumne opoki czo\u0142a,<br>I b\u0142yskawice pom\u0133am.<\/p>\n\n\n\n<p>Ska\u0142om trzeba sta\u0107 i grozi\u0107,<br>Ob\u0142okom deszcze przewozi\u0107,<br>B\u0142yskawicom grzmie\u0107 i gin\u0105\u0107, \u2014<br>Mnie p\u0142yn\u0105\u0107, p\u0142yn\u0105\u0107 i p\u0142yn\u0105\u0107!\u2026<br><em>Lausanne, 1838.<\/em><\/p>\n","protected":false},"excerpt":{"rendered":"<p>Nad wod\u0105 wielk\u0105 i czyst\u0105Sta\u0142y rz\u0119dami opoki;I woda toni\u0105 przejrzyst\u0105Odbi\u0142a twarze ich czarne. Nad wod\u0105 wielk\u0105 i czyst\u0105Przebieg\u0142y czarne ob\u0142oki;I woda toni\u0105 przejrzyst\u0105Odbi\u0142a kszta\u0142ty ich marne. Nad wod\u0105 wielk\u0105 i czyst\u0105B\u0142ysn\u0119\u0142o wzd\u0142u\u017c i grom rykn\u0105\u0142;I woda toni\u0105 przejrzyst\u0105Odbi\u0142a \u015bwiat\u0142o, g\u0142os znikn\u0105\u0142,A woda, jak dawniej czysta,Stoi wielka i przejrzysta. T\u0119 wod\u0119 wi\u01f3\u0119 doko\u0142aI wszystko wiernie odb\u0133am,I [&hellip;]<\/p>\n","protected":false},"author":1,"featured_media":0,"parent":0,"menu_order":0,"comment_status":"closed","ping_status":"closed","template":"","meta":[],"_links":{"self":[{"href":"https:\/\/paryskiesalonyromantykow.pl\/index.php\/wp-json\/wp\/v2\/pages\/1372"}],"collection":[{"href":"https:\/\/paryskiesalonyromantykow.pl\/index.php\/wp-json\/wp\/v2\/pages"}],"about":[{"href":"https:\/\/paryskiesalonyromantykow.pl\/index.php\/wp-json\/wp\/v2\/types\/page"}],"author":[{"embeddable":true,"href":"https:\/\/paryskiesalonyromantykow.pl\/index.php\/wp-json\/wp\/v2\/users\/1"}],"replies":[{"embeddable":true,"href":"https:\/\/paryskiesalonyromantykow.pl\/index.php\/wp-json\/wp\/v2\/comments?post=1372"}],"version-history":[{"count":1,"href":"https:\/\/paryskiesalonyromantykow.pl\/index.php\/wp-json\/wp\/v2\/pages\/1372\/revisions"}],"predecessor-version":[{"id":1374,"href":"https:\/\/paryskiesalonyromantykow.pl\/index.php\/wp-json\/wp\/v2\/pages\/1372\/revisions\/1374"}],"wp:attachment":[{"href":"https:\/\/paryskiesalonyromantykow.pl\/index.php\/wp-json\/wp\/v2\/media?parent=1372"}],"curies":[{"name":"wp","href":"https:\/\/api.w.org\/{rel}","templated":true}]}}