{"id":1369,"date":"2021-01-20T05:23:38","date_gmt":"2021-01-20T04:23:38","guid":{"rendered":"http:\/\/paryskiesalonyromantykow.pl\/?page_id=1369"},"modified":"2021-01-20T05:23:38","modified_gmt":"2021-01-20T04:23:38","slug":"juliusz-slowacki-do-pastereczki-siedzacej-na-druidow-kamieniach-w-pornic-nad-oceanem","status":"publish","type":"page","link":"https:\/\/paryskiesalonyromantykow.pl\/index.php\/juliusz-slowacki-do-pastereczki-siedzacej-na-druidow-kamieniach-w-pornic-nad-oceanem\/","title":{"rendered":"Juliusz S\u0142owacki \u2013 Do pastereczki, siedz\u0105cej na Druid\u00f3w kamieniach w Pornic nad oceanem"},"content":{"rendered":"\n<p>Jak ty mi jeste\u015b wdzi\u0119czna<br>Duszeczko moja ma\u0142a,<br>S\u0142oneczna i miesi\u0119czna,<br>Prawie bez krwi i cia\u0142a.<br>Gdy\u015b wysoko siada\u0142a<br>Z g\u0142\u00f3wk\u0105 w zorzy pier\u015bcieniach,<br>Na Druid\u00f3w kamieniach,<br>\u015ar\u00f3d ja\u0142owcowych krzak\u00f3w<br>\u0106wieki twoich chodak\u00f3w<br>B\u0142yska\u0142y mi na lice<br>Jako dwa p\u00f3\u0142ksi\u0119\u017cyce<br>Czerwon\u0105 zorz\u0105 rann\u0105;<br>I by\u0142a\u015b mi zarazem<br>Ch\u0142opeczk\u0105 i Dyann\u0105,<br>Zjawieniem i obrazem,<br>Kochank\u0105 i dzieci\u0119ciem,<br>Smutkiem \u2014 i niebowzi\u0119ciem.<\/p>\n\n\n\n<p>W\u0142oski twoje jak zbo\u017ce<br>Z\u0142ote i przezroczyste<br>Wiatr unosi\u0142 na morze,<br>A we w\u0142oskach ogniste<br>Ranunku\u0142y doliny,<br>Jak maki Ukrainy,<br>Zdawa\u0142y si\u0119 ogniami,<\/p>\n\n\n\n<p>Kt\u00f3re tobie do lica 25<br>Przypi\u0119\u0142a upiorzyca<br>Spi\u0105ca w grobie pod nami.<\/p>\n\n\n\n<p>Za tob\u0105 \u2014 szafir m\u00f3rz<br>Dzieli\u0142 kibi\u0107 na dwoje;<br>Nad g\u0142ow\u0105 \u2014 jak zawoje<br>Jutrzenki pe\u0142ne r\u00f3\u017c<br>I chwasty w dyamentach<br>Oko\u0142o ciebie skrzy\u0142y,<br>A ty na monumentach<br>Str\u00f3\u017cka \u2014 i duch mogi\u0142y,<br>Z niewinno\u015bci\u0105 na licach,<br>Z n\u00f3\u017ckami na ksi\u0119\u017cycach.<\/p>\n","protected":false},"excerpt":{"rendered":"<p>Jak ty mi jeste\u015b wdzi\u0119cznaDuszeczko moja ma\u0142a,S\u0142oneczna i miesi\u0119czna,Prawie bez krwi i cia\u0142a.Gdy\u015b wysoko siada\u0142aZ g\u0142\u00f3wk\u0105 w zorzy pier\u015bcieniach,Na Druid\u00f3w kamieniach,\u015ar\u00f3d ja\u0142owcowych krzak\u00f3w\u0106wieki twoich chodak\u00f3wB\u0142yska\u0142y mi na liceJako dwa p\u00f3\u0142ksi\u0119\u017cyceCzerwon\u0105 zorz\u0105 rann\u0105;I by\u0142a\u015b mi zarazemCh\u0142opeczk\u0105 i Dyann\u0105,Zjawieniem i obrazem,Kochank\u0105 i dzieci\u0119ciem,Smutkiem \u2014 i niebowzi\u0119ciem. W\u0142oski twoje jak zbo\u017ceZ\u0142ote i przezroczysteWiatr unosi\u0142 na morze,A we w\u0142oskach [&hellip;]<\/p>\n","protected":false},"author":1,"featured_media":0,"parent":0,"menu_order":0,"comment_status":"closed","ping_status":"closed","template":"","meta":[],"_links":{"self":[{"href":"https:\/\/paryskiesalonyromantykow.pl\/index.php\/wp-json\/wp\/v2\/pages\/1369"}],"collection":[{"href":"https:\/\/paryskiesalonyromantykow.pl\/index.php\/wp-json\/wp\/v2\/pages"}],"about":[{"href":"https:\/\/paryskiesalonyromantykow.pl\/index.php\/wp-json\/wp\/v2\/types\/page"}],"author":[{"embeddable":true,"href":"https:\/\/paryskiesalonyromantykow.pl\/index.php\/wp-json\/wp\/v2\/users\/1"}],"replies":[{"embeddable":true,"href":"https:\/\/paryskiesalonyromantykow.pl\/index.php\/wp-json\/wp\/v2\/comments?post=1369"}],"version-history":[{"count":1,"href":"https:\/\/paryskiesalonyromantykow.pl\/index.php\/wp-json\/wp\/v2\/pages\/1369\/revisions"}],"predecessor-version":[{"id":1371,"href":"https:\/\/paryskiesalonyromantykow.pl\/index.php\/wp-json\/wp\/v2\/pages\/1369\/revisions\/1371"}],"wp:attachment":[{"href":"https:\/\/paryskiesalonyromantykow.pl\/index.php\/wp-json\/wp\/v2\/media?parent=1369"}],"curies":[{"name":"wp","href":"https:\/\/api.w.org\/{rel}","templated":true}]}}