{"id":1357,"date":"2021-01-20T05:21:06","date_gmt":"2021-01-20T04:21:06","guid":{"rendered":"http:\/\/paryskiesalonyromantykow.pl\/?page_id=1357"},"modified":"2021-01-20T05:21:06","modified_gmt":"2021-01-20T04:21:06","slug":"juliusz-slowacki-chor-duchow-izraelskich","status":"publish","type":"page","link":"https:\/\/paryskiesalonyromantykow.pl\/index.php\/juliusz-slowacki-chor-duchow-izraelskich\/","title":{"rendered":"Juliusz S\u0142owacki &#8211; Ch\u00f3r duch\u00f3w izraelskich"},"content":{"rendered":"\n<p>[Doktor Gut]<br>Nu to niemiecki cud,<br>Pan Chemik,<br>Akademik,<br>Aptekarz,<br>Czego ty z Litwy jechasz?<\/p>\n\n\n\n<p>A Towia\u0144ski<br>Cz\u0142ek Pa\u0144ski,<br>Oni z Gutem<br>Pokut\u0119<br>Odprawili,<br>\u017be tu z Litwy przybyli.<\/p>\n\n\n\n<p>Nu a [Szarlota]<br>[Za] \u017cywota<br>Nu ta tak\u017ce<br>Przy [szwagrze]<br>Osoba<br>Wi\u0119ksza ni\u017c oba.<\/p>\n\n\n\n<p>Nu a [niewielka]<br>Pani Dejbelka<br>Ta chodzi<br>i [uwodzi]<br>Bez [w\u0119\u017ca,]<br>Gdy Pan B\u00f3g spu\u015bci m\u0119\u017ca.<\/p>\n\n\n\n<p>A Adam<br>Do n\u00f3g upadam.<br>On co rok<br>Jak prorok<br>Na kursie<br>Z Panem Bogiem w dyskursie.<\/p>\n\n\n\n<p>A tu Ko\u0142o,<br>Tak w nim weso\u0142o,<br>Gdy czeka<br>Z daleka,<br>A\u017c Pan B\u00f3g<br>Uczyni jaki krok.<\/p>\n","protected":false},"excerpt":{"rendered":"<p>[Doktor Gut]Nu to niemiecki cud,Pan Chemik,Akademik,Aptekarz,Czego ty z Litwy jechasz? A Towia\u0144skiCz\u0142ek Pa\u0144ski,Oni z GutemPokut\u0119Odprawili,\u017be tu z Litwy przybyli. Nu a [Szarlota][Za] \u017cywotaNu ta tak\u017cePrzy [szwagrze]OsobaWi\u0119ksza ni\u017c oba. Nu a [niewielka]Pani DejbelkaTa chodzii [uwodzi]Bez [w\u0119\u017ca,]Gdy Pan B\u00f3g spu\u015bci m\u0119\u017ca. A AdamDo n\u00f3g upadam.On co rokJak prorokNa kursieZ Panem Bogiem w dyskursie. A tu Ko\u0142o,Tak w [&hellip;]<\/p>\n","protected":false},"author":1,"featured_media":0,"parent":0,"menu_order":0,"comment_status":"closed","ping_status":"closed","template":"","meta":[],"_links":{"self":[{"href":"https:\/\/paryskiesalonyromantykow.pl\/index.php\/wp-json\/wp\/v2\/pages\/1357"}],"collection":[{"href":"https:\/\/paryskiesalonyromantykow.pl\/index.php\/wp-json\/wp\/v2\/pages"}],"about":[{"href":"https:\/\/paryskiesalonyromantykow.pl\/index.php\/wp-json\/wp\/v2\/types\/page"}],"author":[{"embeddable":true,"href":"https:\/\/paryskiesalonyromantykow.pl\/index.php\/wp-json\/wp\/v2\/users\/1"}],"replies":[{"embeddable":true,"href":"https:\/\/paryskiesalonyromantykow.pl\/index.php\/wp-json\/wp\/v2\/comments?post=1357"}],"version-history":[{"count":1,"href":"https:\/\/paryskiesalonyromantykow.pl\/index.php\/wp-json\/wp\/v2\/pages\/1357\/revisions"}],"predecessor-version":[{"id":1359,"href":"https:\/\/paryskiesalonyromantykow.pl\/index.php\/wp-json\/wp\/v2\/pages\/1357\/revisions\/1359"}],"wp:attachment":[{"href":"https:\/\/paryskiesalonyromantykow.pl\/index.php\/wp-json\/wp\/v2\/media?parent=1357"}],"curies":[{"name":"wp","href":"https:\/\/api.w.org\/{rel}","templated":true}]}}