{"id":1351,"date":"2021-01-20T05:18:50","date_gmt":"2021-01-20T04:18:50","guid":{"rendered":"http:\/\/paryskiesalonyromantykow.pl\/?page_id=1351"},"modified":"2021-01-20T05:18:50","modified_gmt":"2021-01-20T04:18:50","slug":"juliusz-slowacki-do-z-krasinskiego","status":"publish","type":"page","link":"https:\/\/paryskiesalonyromantykow.pl\/index.php\/juliusz-slowacki-do-z-krasinskiego\/","title":{"rendered":"Juliusz S\u0142owacki &#8211; Do Z. Krasi\u0144skiego"},"content":{"rendered":"\n<p>\u017begnaj, o \u017cegnaj, archaniele wiary!<br>Co\u015b przyszed\u0142 robi\u0107 z mojem sercem czary,<br>Co\u015b w \u0142zy zamieni\u0142 jego krew czerwon\u0105,<br>Wyrwa\u0142 je z piersi, wzi\u0105\u0142 we w\u0142asne \u0142ono,<br>Ogrza\u0142, o\u015bwietli\u0142, by nie posz\u0142o w trumn\u0119,<br>Ani spokojne mniej, ani mniej dumne\u2026<\/p>\n\n\n\n<p>Wi\u0119c gdzie\u015b wysoko, u Boskiego celu,<br>Chwa\u0142a dla ciebie, o serc wskrzesicielu,<br>A dla mnie pok\u00f3j, dla ducha i ko\u015bci,<br>Bo tym obojgu trzeba \u2014 spokojno\u015bci\u2026<br>Lecz je\u015bli ducha nadchodz\u0105 szyderce,<br>Lecz je\u015bli walka jest \u2014 da\u0142e\u015b mi serce!<\/p>\n\n\n\n<p><em>Florencya, 4 grudnia 1838 r.<\/em><\/p>\n","protected":false},"excerpt":{"rendered":"<p>\u017begnaj, o \u017cegnaj, archaniele wiary!Co\u015b przyszed\u0142 robi\u0107 z mojem sercem czary,Co\u015b w \u0142zy zamieni\u0142 jego krew czerwon\u0105,Wyrwa\u0142 je z piersi, wzi\u0105\u0142 we w\u0142asne \u0142ono,Ogrza\u0142, o\u015bwietli\u0142, by nie posz\u0142o w trumn\u0119,Ani spokojne mniej, ani mniej dumne\u2026 Wi\u0119c gdzie\u015b wysoko, u Boskiego celu,Chwa\u0142a dla ciebie, o serc wskrzesicielu,A dla mnie pok\u00f3j, dla ducha i ko\u015bci,Bo tym obojgu [&hellip;]<\/p>\n","protected":false},"author":1,"featured_media":0,"parent":0,"menu_order":0,"comment_status":"closed","ping_status":"closed","template":"","meta":[],"_links":{"self":[{"href":"https:\/\/paryskiesalonyromantykow.pl\/index.php\/wp-json\/wp\/v2\/pages\/1351"}],"collection":[{"href":"https:\/\/paryskiesalonyromantykow.pl\/index.php\/wp-json\/wp\/v2\/pages"}],"about":[{"href":"https:\/\/paryskiesalonyromantykow.pl\/index.php\/wp-json\/wp\/v2\/types\/page"}],"author":[{"embeddable":true,"href":"https:\/\/paryskiesalonyromantykow.pl\/index.php\/wp-json\/wp\/v2\/users\/1"}],"replies":[{"embeddable":true,"href":"https:\/\/paryskiesalonyromantykow.pl\/index.php\/wp-json\/wp\/v2\/comments?post=1351"}],"version-history":[{"count":1,"href":"https:\/\/paryskiesalonyromantykow.pl\/index.php\/wp-json\/wp\/v2\/pages\/1351\/revisions"}],"predecessor-version":[{"id":1353,"href":"https:\/\/paryskiesalonyromantykow.pl\/index.php\/wp-json\/wp\/v2\/pages\/1351\/revisions\/1353"}],"wp:attachment":[{"href":"https:\/\/paryskiesalonyromantykow.pl\/index.php\/wp-json\/wp\/v2\/media?parent=1351"}],"curies":[{"name":"wp","href":"https:\/\/api.w.org\/{rel}","templated":true}]}}