{"id":1344,"date":"2021-01-20T05:15:51","date_gmt":"2021-01-20T04:15:51","guid":{"rendered":"http:\/\/paryskiesalonyromantykow.pl\/?page_id=1344"},"modified":"2021-01-20T05:15:52","modified_gmt":"2021-01-20T04:15:52","slug":"juliusz-slowacki-dziecina-lolka-na-rzymskich-mogilach","status":"publish","type":"page","link":"https:\/\/paryskiesalonyromantykow.pl\/index.php\/juliusz-slowacki-dziecina-lolka-na-rzymskich-mogilach\/","title":{"rendered":"Juliusz S\u0142owacki &#8211; Dziecina Lolka na rzymskich mogi\u0142ach"},"content":{"rendered":"\n<p>Dziecina Lolka na rzymskich mogi\u0142ach<br>S\u0142ysza\u0142a niegdy\u015b, jak tam wszystko p\u0142acze;<br>Wr\u00f3ble w grobowych k\u0105pi\u0105ce si\u0119 py\u0142ach,<br>Orze\u0142, co lec\u0105c na Apenin kracze;<br>To nauczy\u0142o wszystko serce Loli,<br>\u017be po\u015br\u00f3d ruin ptaszkom serce boli.<\/p>\n\n\n\n<p>Dziecina Lolka, gdy w letnie pogody<br>Wysz\u0142a na sm\u0119tne kampanie Rzymian\u00f3w:<br>To si\u0119 budzi\u0142y na mogi\u0142ach trzody,<br>Owce sypa\u0142y si\u0119 z sm\u0119tnych kurhan\u00f3w<br>I otacza\u0142y Loleczk\u0119 doko\u0142a:<br>Bo w polskim dziecku owcom czu\u0107 anio\u0142a.<\/p>\n\n\n\n<p>Kiedy Loleczka spojrza\u0142a na przysta\u0144,<br>Gdzie morze bije przy rzymskim ugorze,<br>To fale czu\u0142y w niej ducha zmartwychwsta\u0144,<br>I sm\u0119tnej, g\u0142o\u015bniej uderza\u0142o morze,<br>Jakoby w \u017calu i w bole\u015bnym szale:<br>Bo w polskim dziecku ducha czuj\u0105 fale.<\/p>\n\n\n\n<p>W powietrzu polskim jest tak\u017ce rozterka<br>Duch\u00f3w i nie brak na polu kurhana.<br>W\u015br\u00f3d owiec polskich staniesz jak pasterka<br>I b\u0119dziesz g\u0142osem mogi\u0142 zawo\u0142ana;<br>Moc b\u0119dzie dana twoich ust koralom,<br>Je\u015bli chcesz \u2014 b\u0119dziesz rozkazywa\u0107 falom.<\/p>\n\n\n\n<p>Lecz biada, je\u015bli ten czar zamrze w tobie.<br>Kt\u00f3ry by\u0142 w dziecku, rozwiany Pary\u017cem\u2026<br>Owce od ciebie p\u00f3jd\u0105 spa\u0107 na grobie<br>I pod rycerskim po\u0142o\u017c\u0105 si\u0119 krzy\u017cem;<br>Gdy wyjdziesz \u2014 \u017caden s\u0142owik nie zanuci,<br>S\u0142onecznik spojrzy \u2014 i oczy odwr\u00f3ci.<\/p>\n\n\n\n<p>Bo wiedz, \u017ce wszelki duch natury s\u0142ucha.<br>Kto go postawi u zbawienia progu<br>I tworzy t\u0119cz\u0119 \u2014 jest warkoczem ducha,<br>Dop\u00f3ki leci duch prosto ku Bogu.<br>Gdy stanie \u2014 ten w\u0142os wypada powoli.<br>Lecz gdy go strzyg\u0105 \u2014 wie Lolka, \u017ce boli.<\/p>\n","protected":false},"excerpt":{"rendered":"<p>Dziecina Lolka na rzymskich mogi\u0142achS\u0142ysza\u0142a niegdy\u015b, jak tam wszystko p\u0142acze;Wr\u00f3ble w grobowych k\u0105pi\u0105ce si\u0119 py\u0142ach,Orze\u0142, co lec\u0105c na Apenin kracze;To nauczy\u0142o wszystko serce Loli,\u017be po\u015br\u00f3d ruin ptaszkom serce boli. Dziecina Lolka, gdy w letnie pogodyWysz\u0142a na sm\u0119tne kampanie Rzymian\u00f3w:To si\u0119 budzi\u0142y na mogi\u0142ach trzody,Owce sypa\u0142y si\u0119 z sm\u0119tnych kurhan\u00f3wI otacza\u0142y Loleczk\u0119 doko\u0142a:Bo w polskim dziecku [&hellip;]<\/p>\n","protected":false},"author":1,"featured_media":0,"parent":0,"menu_order":0,"comment_status":"closed","ping_status":"closed","template":"","meta":[],"_links":{"self":[{"href":"https:\/\/paryskiesalonyromantykow.pl\/index.php\/wp-json\/wp\/v2\/pages\/1344"}],"collection":[{"href":"https:\/\/paryskiesalonyromantykow.pl\/index.php\/wp-json\/wp\/v2\/pages"}],"about":[{"href":"https:\/\/paryskiesalonyromantykow.pl\/index.php\/wp-json\/wp\/v2\/types\/page"}],"author":[{"embeddable":true,"href":"https:\/\/paryskiesalonyromantykow.pl\/index.php\/wp-json\/wp\/v2\/users\/1"}],"replies":[{"embeddable":true,"href":"https:\/\/paryskiesalonyromantykow.pl\/index.php\/wp-json\/wp\/v2\/comments?post=1344"}],"version-history":[{"count":1,"href":"https:\/\/paryskiesalonyromantykow.pl\/index.php\/wp-json\/wp\/v2\/pages\/1344\/revisions"}],"predecessor-version":[{"id":1346,"href":"https:\/\/paryskiesalonyromantykow.pl\/index.php\/wp-json\/wp\/v2\/pages\/1344\/revisions\/1346"}],"wp:attachment":[{"href":"https:\/\/paryskiesalonyromantykow.pl\/index.php\/wp-json\/wp\/v2\/media?parent=1344"}],"curies":[{"name":"wp","href":"https:\/\/api.w.org\/{rel}","templated":true}]}}