{"id":1341,"date":"2021-01-20T05:15:02","date_gmt":"2021-01-20T04:15:02","guid":{"rendered":"http:\/\/paryskiesalonyromantykow.pl\/?page_id=1341"},"modified":"2021-01-20T05:15:02","modified_gmt":"2021-01-20T04:15:02","slug":"juliusz-slowacki-do-ludwiki-bobrowny","status":"publish","type":"page","link":"https:\/\/paryskiesalonyromantykow.pl\/index.php\/juliusz-slowacki-do-ludwiki-bobrowny\/","title":{"rendered":"Juliusz S\u0142owacki &#8211; Do Ludwiki Bobr\u00f3wny"},"content":{"rendered":"\n<p>Gdy na ojczyzn\u0119 spojrz\u0105 oczy Lolki,<br>Karmione z\u0142otem i t\u0119czow\u0105 czczo\u015bci\u0105,<br>Niechaj\u017ce spojrz\u0105 tak, jak oczy Polki,<br>Spokojnie \u2014 ale z ogniem i mi\u0142o\u015bci\u0105,<\/p>\n\n\n\n<p>Kiedy je patrze\u0107 na smutek przymusz\u0105,<br>I na lud, kt\u00f3ry gdzie\u015b w \u0142a\u0144cuchach p\u0119dz\u0105,<br>Niechaj te oczy \u0142zami si\u0119 zapr\u00f3sz\u0105 \u2014<br>Lecz niech si\u0119 nigdy nie zamkn\u0105 przed n\u0119dz\u0105,<\/p>\n\n\n\n<p>Kiedy z tych oczu \u0142ez opadnie rosa,<br>A ludzie b\u0119d\u0105 chciwie w nie patrzali,<br>Niech oczy ca\u0142e poka\u017c\u0105 niebiosa<br>A\u017c do b\u0142\u0119kitu dusz i jeszcze dalej.<\/p>\n\n\n\n<p>A kiedy przyjd\u0105 porwa\u0107 nar\u00f3d z trumny<br>I rzuci\u0107 w ogie\u0144 tych, co skry si\u0119 boj\u0105,<br>Niech w oczach b\u0119d\u0105 takie dwie kolumny,<br>Jak ognie, kt\u00f3re na wulkanie stoj\u0105.<\/p>\n\n\n\n<p>Wtenczas ja powiem srodze rozkochany,<br>I nawet w rymy to zamkn\u0119 kr\u00f3lewskie:<br>\u017be cho\u0107 widzia\u0142em w oczach cztery zmiany,<br>Prawdziwie Lolka ma oczy niebieskie.<\/p>\n","protected":false},"excerpt":{"rendered":"<p>Gdy na ojczyzn\u0119 spojrz\u0105 oczy Lolki,Karmione z\u0142otem i t\u0119czow\u0105 czczo\u015bci\u0105,Niechaj\u017ce spojrz\u0105 tak, jak oczy Polki,Spokojnie \u2014 ale z ogniem i mi\u0142o\u015bci\u0105, Kiedy je patrze\u0107 na smutek przymusz\u0105,I na lud, kt\u00f3ry gdzie\u015b w \u0142a\u0144cuchach p\u0119dz\u0105,Niechaj te oczy \u0142zami si\u0119 zapr\u00f3sz\u0105 \u2014Lecz niech si\u0119 nigdy nie zamkn\u0105 przed n\u0119dz\u0105, Kiedy z tych oczu \u0142ez opadnie rosa,A ludzie [&hellip;]<\/p>\n","protected":false},"author":1,"featured_media":0,"parent":0,"menu_order":0,"comment_status":"closed","ping_status":"closed","template":"","meta":[],"_links":{"self":[{"href":"https:\/\/paryskiesalonyromantykow.pl\/index.php\/wp-json\/wp\/v2\/pages\/1341"}],"collection":[{"href":"https:\/\/paryskiesalonyromantykow.pl\/index.php\/wp-json\/wp\/v2\/pages"}],"about":[{"href":"https:\/\/paryskiesalonyromantykow.pl\/index.php\/wp-json\/wp\/v2\/types\/page"}],"author":[{"embeddable":true,"href":"https:\/\/paryskiesalonyromantykow.pl\/index.php\/wp-json\/wp\/v2\/users\/1"}],"replies":[{"embeddable":true,"href":"https:\/\/paryskiesalonyromantykow.pl\/index.php\/wp-json\/wp\/v2\/comments?post=1341"}],"version-history":[{"count":1,"href":"https:\/\/paryskiesalonyromantykow.pl\/index.php\/wp-json\/wp\/v2\/pages\/1341\/revisions"}],"predecessor-version":[{"id":1343,"href":"https:\/\/paryskiesalonyromantykow.pl\/index.php\/wp-json\/wp\/v2\/pages\/1341\/revisions\/1343"}],"wp:attachment":[{"href":"https:\/\/paryskiesalonyromantykow.pl\/index.php\/wp-json\/wp\/v2\/media?parent=1341"}],"curies":[{"name":"wp","href":"https:\/\/api.w.org\/{rel}","templated":true}]}}