{"id":1335,"date":"2021-01-20T05:13:16","date_gmt":"2021-01-20T04:13:16","guid":{"rendered":"http:\/\/paryskiesalonyromantykow.pl\/?page_id=1335"},"modified":"2021-01-20T05:13:16","modified_gmt":"2021-01-20T04:13:16","slug":"juliusz-slowacki-do-ludwika-norwida-w-braterstwie-idei-swietej","status":"publish","type":"page","link":"https:\/\/paryskiesalonyromantykow.pl\/index.php\/juliusz-slowacki-do-ludwika-norwida-w-braterstwie-idei-swietej\/","title":{"rendered":"Juliusz S\u0142owacki &#8211; Do Ludwika Norwida w braterstwie idei \u015bwi\u0119tej"},"content":{"rendered":"\n<p>Bracie Ludwiku, m\u00f3dl si\u0119 gor\u0105co,<br>A podnie\u015b ducha wysoko;<br>Na trze\u017awe my\u015bli, na czyste oko<br>Witajmy prawd\u0119 \u015bwiec\u0105c\u0105:<br>Podwoje wiedzy ju\u017c otworzy\u0142a,<br>Z miesi\u0119cznej wysz\u0142a topieli,<br>Ju\u017c jest na ziemi, ju\u017c si\u0119 zjawi\u0142a,<br>My\u015bmy j\u0105 pierwsi ujrzeli!<\/p>\n\n\n\n<p>\u015awiat nam duchowy stan\u0105\u0142 otworem,<br>Widzim sk\u0105d moce te bieg\u0105,<br>Kt\u00f3re tu snem s\u0105 albo upiorem,<br>Lub ogniem Ducha \u015awi\u0119tego.<br>Widzim, i cali dr\u017cym przera\u017ceni,<br>Gdy nam widzenie uka\u017ce<br>Powietrze puste, pe\u0142ne p\u0142omieni,<br>W szk\u0142ach wichru lec\u0105ce twarze.<\/p>\n\n\n\n<p>A c\u00f3\u017c, gdy duchy, kt\u00f3re przed Panem<br>S\u0105 prawie niczem i cisz\u0105,<br>Tu nam wybuchn\u0105 z pod g\u00f3r wulkanem,<br>Albo miastami ko\u0142ysz\u0105,<br>C\u00f3\u017c, gdy te burze, kt\u00f3remi szklanna<br>Otch\u0142a\u0144 si\u0119 morza porusza,<\/p>\n\n\n\n<p>My widzim w duchu \u2014 krzyczmy: Hosanna!<br>Hosanna! \u017cyje ju\u017c dusza!<br>II.<br>Nad wszystkie \u015bwiata wzlecia\u0142 szatany<br>Ockni\u0119ty, ze \u0142z\u0105 u powiek,<br>Jeden w ojczy\u017anie rozmi\u0142owany,<br>Cierpi\u0105cy n\u0119dzarz i cz\u0142owiek.<br>I trwa na skrzyd\u0142ach swoich cierpliwie,<br>S\u0142ysz\u0105c s\u0105d o globach nocnych,<br>Kt\u00f3re karane s\u0105 sprawiedliwie,<br>Bo s\u0105 dzie\u0142em nas \u2014 duch\u00f3w wszechmocnych.<br>III.<br>Nie\u015bmiertelno\u015b\u0107 i Wszechmocno\u015b\u0107 \u2014<br>Oto dwa nowe \u017cywio\u0142y!<br>Dot\u0105d cielesnych czyn\u00f3w bezowocno\u015b\u0107<br>Wy\u017car\u0142a ducha stodo\u0142y,<br>\u015awiat by\u0142 bez plonu \u2014 lecz teraz manna<br>Now\u0105 przywraca mu dzielno\u015b\u0107:<br>Wszechmocno\u015b\u0107 i nie\u015bmiertelno\u015b\u0107!<br>Hosanna Panu! Hosanna!<br>Przez nie \u015bwiat uwi\u0105zany do girlandy glob\u00f3w,<br>Kt\u00f3re czas zachwyceniem mi\u0142o\u015bci po\u017car\u0142y;<br>Przez nie s\u0142o\u0144ca nie umar\u0142y,<br>Przez nie ju\u017c nie b\u0119dzie grob\u00f3w,<br>Cia\u0142o nie uzna ska\u017cenia,<br>Bo ju\u017c je duch na wiecznotrwanie rozpromienia.<\/p>\n\n\n\n<p>IV.<br>A ty rozrzu\u0107 twoj\u0119 glin\u0119,<br>Nieszcz\u0119sna formo cz\u0142owieka!<br>Ju\u017c zamieniasz si\u0119 w ruin\u0119\u2026<br>Pr\u00f3\u017cno ci\u0119 pi\u0119kno\u015bci twoje,<br>Jak paso\u017cytne powoje,<br>Pr\u00f3\u017cno ci\u0119 mg\u0142a cudown\u0105 szat\u0105 przyobleka;<\/p>\n\n\n\n<p>Pr\u00f3\u017cno ci\u0119 r\u0119ka przychylna<br>Stroi \u2014 stoisz ty \u017ca\u0142obna,<br>Niedo\u0142\u0119\u017cna, zamogilna \u2014<br>A cho\u0107by\u015b by\u0142a podobna<br>Jowiszowi z brwi\u0105 zmarszczon\u0105,<br>Mg\u0142ami idejskiemi srebrna,<br>Nakryta grom\u00f3w koron\u0105 \u2014<br>Pr\u00f3\u017cno! ju\u017ce\u015b niepotrzebna \u2014<br>Ju\u017c do pi\u0119kno\u015bci zjawionych<br>Nie wejdziesz na eter l\u017cejszy,<br>Bo najmniejszy z odrodzonych<br>\u015awi\u0119tszy ni\u017c ty \u2014 i pi\u0119kniejszy!<br>V.<br>Lecz w jakim\u017ce biednym \u017c\u0142obie<br>Po\u0142o\u017cym, o m\u00f3j Ludwiku,<br>To dzieci\u0105teczko na grobie,<br>Na ojczyzny mogilniku<br>Zrodzone? Czy go nam ptacy<br>Wykarmi\u0105? Czy jeszcze \u0142zy nasze?<br>Ile\u017c wiek\u00f3w, ile pracy<br>I stara\u0144 B\u00f3g nam poruczy?<br>Kto je t\u0119czami opasze?<br>Wynia\u0144czy \u2014 chodzi\u0107 nauczy?<br>Kto poda m\u0105dro\u015bci czasz\u0119?<br>Kto mu b\u0119dzie pierwszym s\u0142ug\u0105,<br>Ojcem \u2014 kto otworzy r\u0119ce?<br>Jak d\u0142ugo jeszcze, jak d\u0142ugo<br>Pop\u0119dy \u015bwiata zwierz\u0119ce<br>Zepchn\u0105 glob na dawne tory,<br>I\u015b\u0107 nie pozwol\u0105 za blaskiem?<br>Juk d\u0142ugo krwi\u0105 okryte na \u015bwiecie aktory<br>B\u0119d\u0105 witane oklaskiem!<br>VI.<br>Do pracy! a wi\u0119c do pracy!<br>Wy, co mi jeste\u015bcie braci\u0105,<br>Duchy s\u0142oneczne, Polacy!<br>Najwy\u017csz\u0105 was inkantacy\u0105,<\/p>\n\n\n\n<p>Najwy\u017csz\u0105 \u2014 w\u0142asnym anio\u0142em \u2014<br>Na nie\u015bmiertelno\u015b\u0107 zakl\u0105\u0142em,<br>Oto miesi\u0105c wschodzi blady<br>Nad Polsk\u0105 \u2014 ca\u0142y ju\u017c nowy,<br>Jak dawna lampa Hellady,<br>Jak obraz Rafaelowy<br>Pi\u0119kny i srebrnego \u0142ona \u2014<br>W nim pi\u0119kno\u015b\u0107 stoi ws\u0142awiona,<br>Kolor wzi\u0119ty \u2014 ton zdobyty.<br>Teraz co? Dalej w b\u0142\u0119kity<br>Pracowa\u0107 na ca\u0142\u0105 wieczno\u015b\u0107\u2026<br>Otwarta dla duch\u00f3w droga \u2014<br>Skrzyd\u0142a mamy \u2014 dalej w Boga!<br>Po dar ostatni \u2014 s\u0142oneczno\u015b\u0107.<br>VII.<br>Bo patrzcie! tak jak orlice,<br>Patrzcie na dolin\u0119 z g\u00f3ry:<br>Oto s\u0105 dzieci\u0105tek chmury,<br>Oto s\u0105 globu dziedzice.<\/p>\n\n\n\n<p>Ka\u017cdy za ba\u0144k\u0105 formy, kt\u00f3ra oczy mami,<br>Ozwierciadlona form wizerunkami,<br>Leci z pradziadem i dziatw\u0105,<br>G\u0142upi i \u015bmieszny na po\u0142y\u2026<br>O jak \u0142atwo! o jak \u0142atwo<br>Wam, co jeste\u015bcie anio\u0142y,<br>Zarz\u0105dzi\u0107 t\u0105 gromad\u0105, ich ruchem, po\u015bpiechem,<br>Zdj\u0105\u0107 im ich ci\u0119\u017car ze skroni!\u2026<br>Miecza na to nie potrzeba,<br>Ani piek\u0142a, ani nieba;<br>Mi\u0142o\u015bci\u0105 dosy\u0107 \u2014 u\u015bmiechem, \u2014<br>Patrzcie tylko, jacy oni!<br>Patrzcie tylko, co je bawi!<br>Patrzcie, jacy s\u0105 ciekawi!<br>Jak patrz\u0105 w ka\u017cd\u0105 foremk\u0119,<br>W ka\u017cd\u0105 jam\u0119 oczy w\u0142o\u017c\u0105,<br>Ka\u017cdy proszek bior\u0105 w r\u0119k\u0119,<br>Wa\u017c\u0105 \u2014 pr\u00f3buj\u0105, czy stworz\u0105;<br>Ciesz\u0105 si\u0119, \u017ce piorun pali,<\/p>\n\n\n\n<p>\u017be gwiazda na czas przychodzi,<br>Patrzcie \u2014 starzy ju\u017c i m\u0142odzi<br>Krzycz\u0105, \u017ce wszystko poznali!<br>Wysch\u0142y im wiedzy strumienie\u2026<br>O anio\u0142y! o anio\u0142y!<br>Czy\u0144cie sobie z nich weso\u0142y<\/p>\n\n\n\n<p>\u015amiech \u2014 i pozw\u00f3lcie czo\u0142a stroi\u0107 w zamy\u015blenie.<\/p>\n\n\n\n<p>VIII.<br>Lecz wy! wam wszystko nowe rozkwita,<br>Ja\u015bni si\u0119 forma na \u015bwiecie,<br>\u015awiat szuka, a wy ju\u017c wiecie.<br>Wam \u2026\u2026\u2026\u2026<br>\u2026\u2026\u2026\u2026\u2026<br>Wam si\u0119 ju\u017c listek r\u00f3\u017cany<br>T\u0142\u00f3maczy\u0142 z nauki s\u0142owa.<br>Wam ju\u017c oto noc majowa,<br>Przez owad\u00f3w \u015bwi\u0119te Jany<br>Muszeczki swe jakie\u015b z\u0142ote,<br>Apokalipsy \u015bpiewa\u0142a.<br>We wszystkiem ju\u017c my\u015bli chwa\u0142a,<br>Zas\u0142uga \u015bwieci lub wina,<br>Grzech wida\u0107 ducha lub cnot\u0119.<br>Wam, oto, stoi cytryna<br>Na strza\u0142ki s\u0142oneczne, z\u0142ote,<br>Jak rycerz przed prochu przyj\u015bciem,<br>Odstrzelaj\u0105ca si\u0119 li\u015bciem,<br>Kiedy j\u0105 Febus obarcza\u2026<br>A kolor \u2014 a \u015bwiat\u0142o \u2014 a tarcza?<br>Na to woli b\u0142yskawica,<br>Na to wam my\u015bli ku\u017anica,<br>Wulkan duch w globie wystarcza.<br>A wy w nie\u015bmiertelne ko\u0144ce<br>Id\u017acie, a duch je wam kr\u00e9\u015bli\u2026<br>Czy kszta\u0142t? to go macie w my\u015bli,<br>Czy \u015bwiat\u0142o \u2014 to w duchu \u2014 ju\u017c s\u0142o\u0144ce.<br>IX.<br>Do Boga r\u0119ce podnie\u015bmy,<br>J\u0119zyk rozwi\u0119zujmy niemy.<\/p>\n\n\n\n<p>Synowie Bo\u017cy jeste\u015bmy!<br>Czem jutro, jeszcze nie wiemy\u2026<br>Ka\u017cdy silny, o p\u00f3\u0142 kroka<br>Ku Bogu \u015bwiat pchn\u0105\u0107 dzisiejszy,<br>A jutro jeszcze silniejszy! \u2014<br>Ka\u017cdy jak przepa\u015b\u0107 g\u0142\u0119boka<br>Zamiar\u00f3w pe\u0142na gor\u0105cych,<br>Przepa\u015bci i uwidomie\u0144\u2026<br>O Bo\u017ce, kt\u00f3\u017c zerwie p\u0142omie\u0144<br>Na he\u0142mie pierwo-id\u0105cych?<br>Kto tarcze postawi rz\u0119dem?<br>Kto drog\u0119 za\u0142o\u017cy dzid\u0105?<br>Kto str\u0105ci? \u2014 Duchy w nas id\u0105<br>Z nie\u015bmiertelno\u015bci rozp\u0119dem.<br>Dlatego \u017ce\u015bmy Jehow\u0119<br>Przywo\u0142ali na o\u0142tarze,<br>Oto si\u0119 ju\u017c pot\u0119gi duch\u00f3w piorunowe<br>Przy naszym kr\u0119c\u0105 sztandarze;<br>A gdy go wiatr odwinie, to tak jako wczora<br>Ludzi, kt\u00f3rzy grob\u00f3w strzeg\u0105,<br>Przerazi\u0142 twarz\u0105 Boga \u017cywego \u2014<br>Przestrachem \u2014 Boga-upiora.<br>X.<br>Ale kto, bracia, pogardzi s\u0142owem,<br>Si\u0142\u0105 u s\u0142owa czerpan\u0105,<br>Komu dzi\u015b w ciele b\u0142ysn\u0105\u0107 nie dano,<br>Kto wierzga dawnym narowem,<br>Kto dzi\u015b nie wst\u0105pi w \u015bwi\u0119te ognisko,<br>Jeno przez oczy ciekawe:<br>Taki dzi\u015b, bracia, p\u00f3jdzie na s\u0142aw\u0119,<br>Jutro na ur\u0105gowisko;<br>I to mie\u0107 b\u0119dzie, \u017ce gdy my wstajem<br>Zrzuci\u0107 g\u0142az, co ducha obarcza\u0142,<br>On siedzia\u0142, g\u0142upi, k\u0142amstwa lokajem<br>I widzia\u0142 prawd\u0119 \u2014 i warcza\u0142.<br><em>Dnia 8 lutego 1848.<\/em><\/p>\n","protected":false},"excerpt":{"rendered":"<p>Bracie Ludwiku, m\u00f3dl si\u0119 gor\u0105co,A podnie\u015b ducha wysoko;Na trze\u017awe my\u015bli, na czyste okoWitajmy prawd\u0119 \u015bwiec\u0105c\u0105:Podwoje wiedzy ju\u017c otworzy\u0142a,Z miesi\u0119cznej wysz\u0142a topieli,Ju\u017c jest na ziemi, ju\u017c si\u0119 zjawi\u0142a,My\u015bmy j\u0105 pierwsi ujrzeli! \u015awiat nam duchowy stan\u0105\u0142 otworem,Widzim sk\u0105d moce te bieg\u0105,Kt\u00f3re tu snem s\u0105 albo upiorem,Lub ogniem Ducha \u015awi\u0119tego.Widzim, i cali dr\u017cym przera\u017ceni,Gdy nam widzenie uka\u017cePowietrze puste, [&hellip;]<\/p>\n","protected":false},"author":1,"featured_media":0,"parent":0,"menu_order":0,"comment_status":"closed","ping_status":"closed","template":"","meta":[],"_links":{"self":[{"href":"https:\/\/paryskiesalonyromantykow.pl\/index.php\/wp-json\/wp\/v2\/pages\/1335"}],"collection":[{"href":"https:\/\/paryskiesalonyromantykow.pl\/index.php\/wp-json\/wp\/v2\/pages"}],"about":[{"href":"https:\/\/paryskiesalonyromantykow.pl\/index.php\/wp-json\/wp\/v2\/types\/page"}],"author":[{"embeddable":true,"href":"https:\/\/paryskiesalonyromantykow.pl\/index.php\/wp-json\/wp\/v2\/users\/1"}],"replies":[{"embeddable":true,"href":"https:\/\/paryskiesalonyromantykow.pl\/index.php\/wp-json\/wp\/v2\/comments?post=1335"}],"version-history":[{"count":1,"href":"https:\/\/paryskiesalonyromantykow.pl\/index.php\/wp-json\/wp\/v2\/pages\/1335\/revisions"}],"predecessor-version":[{"id":1337,"href":"https:\/\/paryskiesalonyromantykow.pl\/index.php\/wp-json\/wp\/v2\/pages\/1335\/revisions\/1337"}],"wp:attachment":[{"href":"https:\/\/paryskiesalonyromantykow.pl\/index.php\/wp-json\/wp\/v2\/media?parent=1335"}],"curies":[{"name":"wp","href":"https:\/\/api.w.org\/{rel}","templated":true}]}}