{"id":1329,"date":"2021-01-20T05:11:28","date_gmt":"2021-01-20T04:11:28","guid":{"rendered":"http:\/\/paryskiesalonyromantykow.pl\/?page_id=1329"},"modified":"2021-01-20T05:11:28","modified_gmt":"2021-01-20T04:11:28","slug":"juliusz-slowacki-walter-stadion","status":"publish","type":"page","link":"https:\/\/paryskiesalonyromantykow.pl\/index.php\/juliusz-slowacki-walter-stadion\/","title":{"rendered":"Juliusz S\u0142owacki &#8211; Walter Stadion"},"content":{"rendered":"\n<p>[SCENA 1]<\/p>\n\n\n\n<p>[WALTER \u2013 HALBAN]<\/p>\n\n\n\n<p>[WALTER]<br>Gdybym si\u0119 nie czu\u0142 nie\u015bmiertelnym duchem,<br>Rozrzuci\u0142bym \u015bwiat\u2026 grzech\u00f3w mym wulkanem.<\/p>\n\n\n\n<p>[HALBAN]<br>Ha\u2026<\/p>\n\n\n\n<p>[WALTER]<br>Gdybym si\u0119 nie czu\u0142 natury panem,<br>A czu\u0142 natur\u0119 na woli \u0142a\u0144cuchem,<br>Tobym si\u0119 rzuci\u0142 jak lew\u2026 na tym \u015bcierwie<br>Cia\u0142\u2026 i gryz\u0142 \u017cywcem \u2013 i gryz\u0142 nawet trupa\u2026<\/p>\n\n\n\n<p>[HALBAN]<br>Ha?\u2026<\/p>\n\n\n\n<p>[WALTER]<br>Moja biedna gliniana cha\u0142upa<br>Gdziem \u017cy\u0142 jako wilk\u2026 a \u015bwiatowe czerwie<br>Pozwala\u0142, \u017ce mi\u0119 toczy\u0142o powoli,<br>P\u00f3ki nie dosz\u0142o \u2013 a\u017c do serca rdzeni.<br>Teraz ta chata jak pa\u0142ac z p\u0142omieni<br>Wachlarzem wodnych z\u0142ocistych topoli<br>Od r\u00f3\u017canego ksi\u0119\u017cyca zakryta<br>Niby dziewica\u2026 patrz\u2026 ta chata w bluszczach<br>Nad tym jeziorem \u2013 sama jedna w puszczach<br>Jak \u015awitezianka albo Amfitryta<br>\u017byje\u2026 i moim duchem gra\u2026 na stawy<br>Staruszka\u2026 patrz\u0105c takie g\u0142osy roni<br>Jak skrzypce z starych deszczu\u0142ek jab\u0142oni.<\/p>\n\n\n\n<p>[HALBAN]<br>Przecie\u017c to schronienie<br>I te duchami tajnemi zabawy<br>Twe s\u0105 szale\u0144stwem.<\/p>\n\n\n\n<p>[WALTER]<br>Tak: mary i cienie,<br>Nic wi\u0119cej\u2026 \u015bwiat jest ca\u0142y mar objawem,<br>W nich rozum\u2026 a w nas domys\u0142 \u2013 i logika.<br>Co widzisz?\u2026 ten duch, patrz, kt\u00f3ry tam znika,<br>Czy wiesz, pod jakim zakl\u0119ciem i prawem<br>Przychodzi?\u2026<\/p>\n\n\n\n<p>[HALBAN]<br>O! o! pedant, widz\u0119, \u015bwie\u017cy,<br>Ju\u017cby samego diab\u0142a chcia\u0142 nauczy\u0107\u2026<\/p>\n\n\n\n<p>[WALTER]<br>Ten duch to jeden z przedwiecznych rycerzy,<br>Jemu chor\u0105giew \u017cywota poruczy\u0107<br>A wygra\u2026<\/p>\n\n\n\n<p>[HALBAN]<br>M\u00f3wi\u0119\u0107, \u017ce taki rycerz \u2013 teraz jeszcze<br>W Litwie nie mo\u017ce zjawi\u0107 si\u0119\u2026<\/p>\n\n\n\n<p>[WALTER]<br>A kto wie?<\/p>\n\n\n\n<p>[HALBAN]<br>Bo na to, m\u00f3wi\u0119, trzeba lodu w g\u0142owie<br>A w sercu piek\u0142a\u2026<\/p>\n\n\n\n<p>[WALTER]<br>Ha\u2026<\/p>\n\n\n\n<p>[HALBAN]<br>My starzy wieszcze,<br>Kt\u00f3rzy\u015bmy nieraz we snach wymy\u015blali<br>Ludzi podobnych szatanom\u2026 nie mo\u017cem,<br>Rzucaj\u0105c my\u015bl\u0105 nasz\u0105, jako no\u017cem,<br>W krwawo\u015b\u0107 przedstworn\u0105 rzeczy \u2013 co si\u0119 pali<br>Jak p\u0142omienisty wiatr\u2026 cz\u0119sto przed nami,<br>Nie mo\u017cem, m\u00f3wi\u0119\u2026 Cho\u0107 widm zawierucha<br>Cerkwiami trz\u0119sie\u2026 na takiego ducha<br>Trafi\u0107\u2026 rzucaj\u0105c w mg\u0142\u0119 duch\u00f3w no\u017cami.<\/p>\n\n\n\n<p>[WALTER]<br>Trafi\u0142e\u015b stary no\u017cem w serce \u017cywe,<br>Jam jest\u2026 trafi\u0142e\u015b no\u017cem w serce moje\u2026<br>O s\u0142aw\u0119 nie dbam \u2013 o \u017cycie nie stoj\u0119,<br>Chc\u0119 by\u0107 jak widmo wyrok\u00f3w straszliwe,<br>Przed kt\u00f3rym ksi\u0119gi los\u00f3w si\u0119 rozdar\u0142y,<br>Przed kt\u00f3rym \u2013 poblad\u0142 czas\u2026 skrzyd\u0142a otworzy\u0142<br>I uciek\u0142: jam si\u0119\u2026 duchem podni\u00f3s\u0142 \u2013 zBo\u017cy\u0142,<br>Zwszechmocnia\u0142: a tu chc\u0119 by\u0107 jak umar\u0142y<br>I zapomniany\u2026<\/p>\n\n\n\n<p>[HALBAN]<br>B\u0119dziesz\u2026 serca ludzi<br>S\u0142awa otwarta zawsze upakarza,<br>Cnota i wielko\u015b\u0107 odkryta przera\u017ca,<br>A pami\u0119\u0107 wieczna i serdeczna \u2013 nudzi\u2026<br>Je\u015bli z tych rzeczy z\u0142o\u017cy\u0142e\u015b ofiar\u0119,<br>To reszta p\u00f3jdzie\u0107 \u0142atwo\u2026 id\u017a, Walterze,<br>I b\u0105d\u017a jak cz\u0142owiek, gdy oczyma bierze<br>Z ojczyzny\u2026 tylko sen pi\u0119kny i mar\u0119<br>I t\u0119 w pami\u0119ci k\u0142adn\u0105c\u2026 z sob\u0105 niesie,<br>A reszt\u0119 \u2013 ludziom cielesnym zostawia\u2026<\/p>\n\n\n\n<p>[WALTER]<br>Zabior\u0119 z sob\u0105 tak \u2013 pami\u0119\u0107 \u017curawia,<br>Kt\u00f3ry w ogromnym i pos\u0119pnym lesie<br>Pami\u0119ta drzewo\u2026 swe dawne matczyne\u2026<br>I ca\u0142y \u0142a\u0144cuch.. do\u0144 \u2013 prowadzi z j\u0119kiem\u2026<br>[SCENA II]<br>[WALTER \u2013 MATKA \u2013 HALBAN]<\/p>\n\n\n\n<p>[WALTER]<br>To by\u0107 nie mo\u017ce w Pana Boga imie,<br>To by\u0107 nie mo\u017ce, matko, to jest cz\u0142owiek,<br>Kt\u00f3ry jak [z] twarzy wydaje si\u0119 drz\u00e9mie.<br>Jeden blask z moich czarnych orlich powiek<br>Spali\u0142by go wnet, jak szk\u0142o w drzazgi sp\u0119ka\u0142,<br>Gdy[by]m si\u0119 jego cho\u0107 cokolwiek l\u0119ka\u0142<br>Dla Litwy\u2026<\/p>\n\n\n\n<p>[MATKA]<br>Jednak ja g\u0142upia, ja stara<br>Kobieta tylko\u2026 ach ja to widz\u0119,<br>Czego wam w serce ludzkie dumna wiara<br>Wzbrania obaczy\u0107. \u2013 Ach na tej \u0142odydze<br>Ro\u015bnie dla Litwy blekot\u2026 i szale\u0144stwo.<\/p>\n\n\n\n<p>[WALTER]<br>Daj mi twe b\u0142ogos\u0142awie\u0144stwo<br>I ufaj w Bogu\u2026 Gdzie\u017c ty widzisz, matko,<br>Lwy ho\u0142duj\u0105ce kotom\u2026 a wulkany<br>Gaszone b\u0142otem rynsztok\u00f3w. \u2013 Zagadk\u0105<br>Jest \u015bwiat\u2026 lecz pewnie, \u017ce prawom poddany<br>Sprawiedliwo\u015bci Bo\u017cej\u2026 id\u017a do domu.<\/p>\n\n\n\n<p>[MATKA]<br>Zawsze ty wierzy\u0142 lada komu<br>I zawsze ci\u0119 kto\u015b prowadzi\u0142 za uszy<br>Twej szlachetno\u015bci\u2026 twa czysta natura<br>Od podejrze\u0144 si\u0119 w\u0142asnych tak broni\u0142a<br>Jak od robactwa\u2026 Lecz ta Litwa zgni\u0142a<br>I ten Jagie\u0142\u0142o\u2026 podobny do szczura<br>W spr\u00f3chnia\u0142ym ulu\u2026 w kt\u00f3rym\u2026 kiedy cicho<br>Na \u015bwiecie\u2026 s\u0142ycha\u0107 jego z\u0105b gryz\u0105cy,<br>A kiedy burza\u2026 i huk\u2026 to on spi\u0105cy<br>Zda si\u0119 i martwy\u2026 g\u0142upstwem albo pych\u0105<br>Nad\u0119ty\u2026 niby Bogiem zach\u0142y\u015bniony,<br>Zawracaj\u0105cy oczy tak, \u017ce \u015bwiec\u0105<br>Bia\u0142ka i powiek obr\u0105bek czerwony<br>Tasiemk\u0105 ognia \u2013 pod m\u00f3zgiem\u2026 Walterze,<br>Jam go t\u0105 dusz\u0105, t\u0105 dusz\u0105 kobiec\u0105<br>Na wskro\u015b jak no\u017cem przebi\u0142a. \u2013 Nie wierz\u0119<br>W czysto\u015b\u0107 cz\u0142owieka tego\u2026 ni w pokor\u0119\u2026<\/p>\n\n\n\n<p>[WALTER]<br>Co\u017c, matko\u2026 z sob\u0105 w t\u0142\u00f3moku zabior\u0119<br>Twe podejrzenia\u2026 a jak czas pozwoli,<br>To je odczytam\u2026<\/p>\n\n\n\n<p>[MATKA]<br>O! jak serce boli,<br>Gdy si\u0119 otworzy\u2026 przed cz\u0142owiekiem jako<br>Przed Bogiem\u2026 a on\u2026 ot we\u017amie gar\u015b\u0107 piasku<br>I sypnie w usta krwawe!<\/p>\n\n\n\n<p>[WALTER]<br>Musz\u0119 odje\u017cd\u017ca\u0107\u2026<\/p>\n\n\n\n<p>[MATKA]<br>Pami\u0119taj wszelako,<br>\u017be ja zosta\u0142am tu \u2013 biedna i sama,<br>Ja \u2013 twoja matka\u2026 cz\u0119\u015b\u0107 twojego cia\u0142a\u2026<br>Matka \u2013 pami\u0119taj\u2026 o tem\u2026 bo to ca\u0142a<br>Moja nadzieja \u2013 ty. \u2013<\/p>\n\n\n\n<p>[WALTER]<br>Jest w Litwie krama,<br>Gdzie takich syn\u00f3w jak ja kupi\u0107 mo\u017cna.<\/p>\n\n\n\n<p>[MATKA]<br>Gdzie?<\/p>\n\n\n\n<p>[WALTER]<br>Na cmentarzu\u2026<\/p>\n\n\n\n<p>[MATKA]<br>Ha!\u2026<\/p>\n\n\n\n<p>[WALTER]<br>Poca\u0142uj w czo\u0142o<br>I pu\u015b\u0107 mi\u0119 z Bogiem\u2026<\/p>\n\n\n\n<p>[MATKA]<br>O! mowo bezbo\u017cna,<br>Co mi\u0119 zabijasz?\u2026 Ach! Jakie ty zio\u0142o<br>Pe\u0142ne trucizny w\u0142o\u017cy\u0142 w usta?\u2026 Ach ty<br>Ch\u0142opcze okropny!\u2026 spod \u017cebraczej p\u0142achty<br>Poka\u017c\u0119 ci t\u0119 pier\u015b, co tobie da\u0142a<br>Mleka\u2026 a teraz da krwi\u2026 O! dziecino\u2026<br>Patrz na mnie\u2026 do n\u00f3g padam\u2026 \u0142zy mi p\u0142yn\u0105!<br>Jam kiedy\u015b n\u00f3\u017cki twoje ca\u0142owa\u0142a,<br>Te n\u00f3\u017cki\u2026 o! te n\u00f3\u017cki\u2026 o te! o! te!<br>Gdzie\u017c ty je teraz powleczesz? ode mnie<br>Powiedz \u2013 daleko p\u00f3jdziesz? a\u017c na z\u0142ote<br>Gwiazdy? \u2013 Co? prawda? Ty gdzie\u015b, o Walterze,<br>Idziesz po czarn\u0105 \u015bmier\u0107\u2026 O! m\u00f3w mi szczerze,<br>O! m\u00f3w!\u2026 Je\u017celi na \u015bmier\u0107\u2026 to ja stara,<br>Ja p\u00f3jd\u0119 z tob\u0105\u2026<\/p>\n\n\n\n<p>[WALTER]<br><em>[do Halbana]<\/em><br>Halbanie\u2026<\/p>\n\n\n\n<p>[MATKA]<br>Ta mara<br>Niech si\u0119 nie zbli\u017ca!\u2026 ten cz\u0142ek \u2013 niech tam stoi\u2026<br>Niech si\u0119 nie zbli\u017ca!\u2026 Ach, kto\u017c uspokoi<br>Serce matczyne, je\u015bli syn nie mo\u017ce\u2026<br>Ja ciebie puszcz\u0119 \u2013 puszcz\u0119 \u2013 puszcz\u0119. \u2013 Bo\u017ce!<br>Ty by\u0142e\u015b zawsze dla mnie taki dobry.<br>Anio\u0142em by\u0142e\u015b dla mnie\u2026 dobroczy\u0144c\u0105!<br>Id\u017a z Bogiem\u2026 ja ci b\u0142ogos\u0142awi\u0119\u2026<br><em>(odchodzi)<\/em><\/p>\n\n\n\n<p>[HALBAN]<br>Walter<br>We \u0142zach\u2026<\/p>\n\n\n\n<p>[WALTER]<br>O we \u0142zach! we \u0142zach\u2026 S\u0142uchaj \u2013 jeszcze<br>Ga\u0142\u0105zka sucha tam w lesie szeleszcze!<br>S\u0142yszysz?\u2026 to szelest mojej matki kroku,<br>Ostatni tu raz na ziemi s\u0142yszany\u2026<br>Cyt\u2026 ju\u017c nie s\u0142ycha\u0107!\u2026 O! \u2013 czy zakopany<br>He\u0142m m\u00f3j i tarcza?\u2026<\/p>\n\n\n\n<p>[HALBAN]<br>Tam w lesie, przy stoku,<br>Pod konwaliami\u2026<\/p>\n\n\n\n<p>[WALTER]<br>O! jak rzeczy \u015bwiata<br>Ckliwe s\u0105\u2026 kiedy po smutkach przychodz\u0105\u2026<br>Trudzi\u0107 cz\u0142owieka\u2026<\/p>\n\n\n\n<p>[HALBAN]<br>Id\u017amy\u2026<\/p>\n\n\n\n<p>[WALTER]<br>Dusza lata,<br>A cz\u0142owiek chodzi\u2026 id\u017amy\u2026 Niech tu rodz\u0105<br>Matki szcz\u0119\u015bliwszych syn\u00f3w\u2026<\/p>\n\n\n\n<p>[HALBAN]<br>Do\u015b\u0107 \u017ca\u0142o\u015bci!<br>Twego smutku \u015bwiat ca\u0142y kiedy\u015b pozazdro\u015bci\u2026<\/p>\n\n\n\n<p>SCENA [III]<\/p>\n\n\n\n<p>[\u2026]<br>Co mi powiadasz\u2026 Walter Stadion?<\/p>\n\n\n\n<p>[\u2026]<br>Pani<br>Ten pier\u015bcie\u0144 kaza\u0142 z\u0142o\u017cy\u0107 w po\u017cegnaniu,<br>Na kt\u00f3rym, jako widzisz \u2013 ten w\u0105\u017c rani<br>Swe w\u0142asne serce.<\/p>\n\n\n\n<p>[\u2026]<br>Jestem na kazaniu<br>Niemieckim\u2026 jak to? wyjecha\u0142 i kaza\u0142<br>Ten pier\u015bcie\u0144 z\u0142o\u017cy\u0107?\u2026 ha\u2026 i co\u017c, nic wi\u0119cej?<\/p>\n\n\n\n<p>[\u2026]<br>Jam si\u0119 z jej serca, rzek\u0142, teraz wymaza\u0142.<br>Jestem niegodzien jej\u2026 i najgor\u0119cej<br>Prosz\u0119\u2026 a\u017ceby o mnie zapomnia\u0142a.<\/p>\n\n\n\n<p>[\u2026]<br>Ha!\u2026 I nic wi\u0119cej?<\/p>\n\n\n\n<p>[\u2026]<br>Je\u017celiby\u015b mia\u0142a<br>Jak\u0105 odpowied\u017a\u2026 m\u00f3wi\u0142\u2026 poszlij s\u0142owa<br>Na miesi\u0105c blady\u2026 lub na s\u0142o\u0144ce z\u0142ote,<br>Bo on\u2026 za tarcze te si\u0119 obie chowa<br>Przed okiem ludzi\u2026<\/p>\n\n\n\n<p>[\u2026]<br>Pleciesz!<\/p>\n\n\n\n<p>[\u2026]<br>Co ja plot\u0119,<br>To jest jedwabiem jego ust\u2026<\/p>\n\n\n\n<p>[\u2026]<br>Szatanie!<\/p>\n\n\n\n<p>[\u2026]<br>Wi\u0119c ty mi gwiazd\u0105 szata\u0144sk\u0105, czerwon\u0105!<\/p>\n\n\n\n<p>[\u2026]<br>Wiesz ty\u2026 ja by\u0142am jego k \u2013 \u017con\u0105!<br>On mi\u0119\u2026 na swoje tak mia\u0142 zawo\u0142anie,<br>Jak psa\u2026 jam w lesie \u2013 za nim tak wietrzy\u0142a<br>Jak pies\u2026 ja teraz za nim biec gotowa<br>Jak pies\u2026 O! s\u0142owa! s\u0142owa, s\u0142owa, s\u0142owa!\u2026<br>Id\u017a \u2013 bo na ca\u0142y zamek b\u0119d\u0119 wy\u0142a,<br>Na mury b\u0119d\u0119 skaka\u0142a\u2026 \u017cwir jad\u0142a\u2026<br>Jak letargnica pogryz\u0119 grobowa<br>Paznokcie, r\u0119ce\u2026 S\u0142owa! s\u0142owa! s\u0142owa!<br>Ach! gdybym teraz gdzie no\u017ca dopad\u0142a<br>I mog\u0142a\u2026 mog\u0142a \u2013 ach\u2026 w serce b\u0119karta<br>Cho\u0107by przez miesi\u0105c blady\u2026 tak\u2026<\/p>\n\n\n\n<p>[\u2026]<br>Rumianku!<\/p>\n\n\n\n<p>[\u2026]<br>Co?<\/p>\n\n\n\n<p>[\u2026]<br>Jeste\u015b chora\u2026<\/p>\n\n\n\n<p>[\u2026]<br>Chora, id\u017a do czarta!<br>Ja jestem w\u015bciek\u0142a\u2026<\/p>\n\n\n\n<p>[\u2026]<br>Boj\u0119 si\u0119, \u017ce z ganku<br>Skoczysz w jezioro\u2026<\/p>\n\n\n\n<p>[\u2026]<br>Nie b\u00f3j si\u0119 \u2013 nie skocz\u0119\u2026<\/p>\n\n\n\n<p>[\u2026]<br>My\u015bla\u0142em, \u017ce masz taki zamiar\u2026<\/p>\n\n\n\n<p>[\u2026]<br>Co, ja?<\/p>\n\n\n\n<p>[\u2026]<br>Prosi\u0142a\u015b o n\u00f3\u017c\u2026<\/p>\n\n\n\n<p>[\u2026]<br>Daj\u2026<\/p>\n\n\n\n<p>[\u2026]<br>Utniesz warkocze<br>Jak Artemizja\u2026<\/p>\n\n\n\n<p>[\u2026]<br>My\u015blisz\u2026<\/p>\n\n\n\n<p>[\u2026]<br>Pani moja,<br>My\u015bl\u0119, \u017ce sobie utniesz z\u0142ote w\u0142osy<br>I czarnych oczu \u015bwiat\u0142a si\u0119 pozbawisz\u2026<\/p>\n\n\n\n<p>[\u2026]<br>Tym no\u017cem j\u0119zyk ci utn\u0119\u2026<\/p>\n\n\n\n<p>[\u2026]<br>Pokrwawisz<br>Bia\u0142e r\u0105cz\u0119ta\u2026<\/p>\n\n\n\n<p>[\u2026]<br>Jeste\u015b jak po\u0142osy<br>Skrzydlate z ogniem w oczach, wypr\u0119\u017cone.<br>Got\u00f3we\u015b skoczy\u0107 na mnie\u2026<\/p>\n\n\n\n<p>[\u2026]<br>Wol\u0119 wkra\u015b\u0107 si\u0119.<\/p>\n\n\n\n<p>[\u2026]<br>Ach ty lokaju\u2026 ty psie! chcia\u0142by\u015b pa\u015b\u0107 si\u0119<br>Resztkami sto\u0142u\u2026<\/p>\n\n\n\n<p>[\u2026]<br>Twe niedogryzione<br>Kosteczki\u2026 usta twoje koralowe\u2026<\/p>\n\n\n\n<p>[\u2026]<br>Stu piorunami spadn\u0119 ci na g\u0142ow\u0119,<br>Je\u017celi zaczn\u0119 kocha\u0107 \u2013 b\u0119d\u0105c w\u015bciek\u0142\u0105\u2026<\/p>\n\n\n\n<p>[\u2026]<br>Zgadzam si\u0119\u2026<\/p>\n\n\n\n<p>[\u2026]<br>B\u0119dziesz mia\u0142 na ziemi piek\u0142o\u2026<\/p>\n","protected":false},"excerpt":{"rendered":"<p>[SCENA 1] [WALTER \u2013 HALBAN] [WALTER]Gdybym si\u0119 nie czu\u0142 nie\u015bmiertelnym duchem,Rozrzuci\u0142bym \u015bwiat\u2026 grzech\u00f3w mym wulkanem. [HALBAN]Ha\u2026 [WALTER]Gdybym si\u0119 nie czu\u0142 natury panem,A czu\u0142 natur\u0119 na woli \u0142a\u0144cuchem,Tobym si\u0119 rzuci\u0142 jak lew\u2026 na tym \u015bcierwieCia\u0142\u2026 i gryz\u0142 \u017cywcem \u2013 i gryz\u0142 nawet trupa\u2026 [HALBAN]Ha?\u2026 [WALTER]Moja biedna gliniana cha\u0142upaGdziem \u017cy\u0142 jako wilk\u2026 a \u015bwiatowe czerwiePozwala\u0142, \u017ce mi\u0119 [&hellip;]<\/p>\n","protected":false},"author":1,"featured_media":0,"parent":0,"menu_order":0,"comment_status":"closed","ping_status":"closed","template":"","meta":[],"_links":{"self":[{"href":"https:\/\/paryskiesalonyromantykow.pl\/index.php\/wp-json\/wp\/v2\/pages\/1329"}],"collection":[{"href":"https:\/\/paryskiesalonyromantykow.pl\/index.php\/wp-json\/wp\/v2\/pages"}],"about":[{"href":"https:\/\/paryskiesalonyromantykow.pl\/index.php\/wp-json\/wp\/v2\/types\/page"}],"author":[{"embeddable":true,"href":"https:\/\/paryskiesalonyromantykow.pl\/index.php\/wp-json\/wp\/v2\/users\/1"}],"replies":[{"embeddable":true,"href":"https:\/\/paryskiesalonyromantykow.pl\/index.php\/wp-json\/wp\/v2\/comments?post=1329"}],"version-history":[{"count":1,"href":"https:\/\/paryskiesalonyromantykow.pl\/index.php\/wp-json\/wp\/v2\/pages\/1329\/revisions"}],"predecessor-version":[{"id":1331,"href":"https:\/\/paryskiesalonyromantykow.pl\/index.php\/wp-json\/wp\/v2\/pages\/1329\/revisions\/1331"}],"wp:attachment":[{"href":"https:\/\/paryskiesalonyromantykow.pl\/index.php\/wp-json\/wp\/v2\/media?parent=1329"}],"curies":[{"name":"wp","href":"https:\/\/api.w.org\/{rel}","templated":true}]}}