{"id":1314,"date":"2021-01-20T05:07:19","date_gmt":"2021-01-20T04:07:19","guid":{"rendered":"http:\/\/paryskiesalonyromantykow.pl\/?page_id=1314"},"modified":"2021-02-24T10:59:29","modified_gmt":"2021-02-24T09:59:29","slug":"teksty","status":"publish","type":"page","link":"https:\/\/paryskiesalonyromantykow.pl\/index.php\/teksty\/","title":{"rendered":"Teksty"},"content":{"rendered":"\n<h2>Adam Mickiewicz<\/h2>\n\n\n\n<p><a href=\"https:\/\/paryskiesalonyromantykow.pl\/index.php\/adam-mickiewicz-nad-woda-wielka-i-czysta\/\" data-type=\"page\" data-id=\"1372\">Nad wod\u0105 wielk\u0105 i czyst\u0105\u2026<\/a><br><a href=\"https:\/\/paryskiesalonyromantykow.pl\/index.php\/adam-mickiewicz-widzenie\/\" data-type=\"page\" data-id=\"1375\">Widzenie<\/a><br><a href=\"https:\/\/paryskiesalonyromantykow.pl\/index.php\/adam-mickiewicz-gdy-tu-moj-trup\/\" data-type=\"page\" data-id=\"1378\">Gdy tu m\u00f3j trup&#8230;<\/a><br><a href=\"https:\/\/paryskiesalonyromantykow.pl\/index.php\/adam-mickiewicz-do-bohdana-zaleskiego-slowiczku-moj\/\" data-type=\"page\" data-id=\"1381\">Do Bohdana Zaleskiego (S\u0142owiczku m\u00f3j\u2026)<\/a><br><a href=\"https:\/\/paryskiesalonyromantykow.pl\/index.php\/sklad-zasad\/\" data-type=\"page\" data-id=\"1384\">Sk\u0142ad zasad<\/a><\/p>\n\n\n\n<h2>Juliusz S\u0142owacki<\/h2>\n\n\n\n<p><a href=\"https:\/\/paryskiesalonyromantykow.pl\/index.php\/juliusz-slowacki-pan-tadeusz\/\" data-type=\"page\" data-id=\"1317\">Pan Tadeusz<\/a><br><a href=\"https:\/\/paryskiesalonyromantykow.pl\/index.php\/juliusz-slowacki-dziady\/\" data-type=\"page\" data-id=\"1320\">Dziady<\/a><br><a href=\"https:\/\/paryskiesalonyromantykow.pl\/index.php\/juliusz-slowacki-konrad-wallenrod\/\" data-type=\"page\" data-id=\"1323\">Konrad Wallenrod<\/a><br><a href=\"https:\/\/paryskiesalonyromantykow.pl\/index.php\/juliusz-slowacki-wallenrod\/\" data-type=\"page\" data-id=\"1326\">Wallenrod<\/a><br><a href=\"https:\/\/paryskiesalonyromantykow.pl\/index.php\/juliusz-slowacki-walter-stadion\/\" data-type=\"page\" data-id=\"1329\">Walter Stadion<\/a><br><a href=\"https:\/\/paryskiesalonyromantykow.pl\/index.php\/juliusz-slowacki-do-ludwika-norwida\/\" data-type=\"page\" data-id=\"1332\">Do Ludwika Norwida<\/a><br><a href=\"https:\/\/paryskiesalonyromantykow.pl\/index.php\/juliusz-slowacki-do-ludwika-norwida-w-braterstwie-idei-swietej\/\" data-type=\"page\" data-id=\"1335\">Do Ludwika Norwida w braterstwie idei \u015bwi\u0119tej<\/a><br><a href=\"https:\/\/paryskiesalonyromantykow.pl\/index.php\/juliusz-slowacki-do-pani-joanny-bobrowej\/\" data-type=\"page\" data-id=\"1338\">Do pani Joanny Bobrowej<\/a><br><a href=\"https:\/\/paryskiesalonyromantykow.pl\/index.php\/juliusz-slowacki-do-ludwiki-bobrowny\/\" data-type=\"page\" data-id=\"1341\">Do Ludwiki Bobr\u00f3wny<\/a><br><a href=\"https:\/\/paryskiesalonyromantykow.pl\/index.php\/juliusz-slowacki-dziecina-lolka-na-rzymskich-mogilach\/\" data-type=\"page\" data-id=\"1344\">Dziecina Lolka na rzymskich mogi\u0142ach\u2026<\/a><br><a href=\"https:\/\/paryskiesalonyromantykow.pl\/index.php\/juliusz-slowacki-w-pamietniku-zofii-bobrowny\/\" data-type=\"page\" data-id=\"1348\">W pami\u0119tniku Zofii Bobr\u00f3wny<\/a><br><a href=\"https:\/\/paryskiesalonyromantykow.pl\/index.php\/juliusz-slowacki-do-z-krasinskiego\/\" data-type=\"page\" data-id=\"1351\">Do Z. Krasi\u0144skiego<\/a><br><a href=\"https:\/\/paryskiesalonyromantykow.pl\/index.php\/juliusz-slowacki-w-albumie-e-hr-krasinskiej\/\" data-type=\"page\" data-id=\"1354\">W albumie E. hr. Krasi\u0144skiej<\/a><br><a href=\"https:\/\/paryskiesalonyromantykow.pl\/index.php\/juliusz-slowacki-chor-duchow-izraelskich\/\" data-type=\"page\" data-id=\"1357\">Ch\u00f3r duch\u00f3w izraelskich<\/a><br><a href=\"https:\/\/paryskiesalonyromantykow.pl\/index.php\/juliusz-slowacki-matecznik\/\" data-type=\"page\" data-id=\"1360\">Matecznik<\/a><br><a href=\"https:\/\/paryskiesalonyromantykow.pl\/index.php\/juliusz-slowacki-moj-adamito\/\" data-type=\"page\" data-id=\"1363\">M\u00f3j Adamito<\/a><br><a href=\"https:\/\/paryskiesalonyromantykow.pl\/index.php\/juliusz-slowacki-wielcysmy-byli-i-smiesznismy-byli\/\" data-type=\"page\" data-id=\"1366\">Wielcy\u015bmy byli i \u015bmieszni\u015bmy byli\u2026<\/a><br><a href=\"https:\/\/paryskiesalonyromantykow.pl\/index.php\/juliusz-slowacki-do-pastereczki-siedzacej-na-druidow-kamieniach-w-pornic-nad-oceanem\/\" data-type=\"page\" data-id=\"1369\">Do pastereczki, siedz\u0105cej na Druid\u00f3w kamieniach w Pornic nad oceanem<\/a><\/p>\n\n\n\n<h2>Cyprian Norwid<\/h2>\n\n\n\n<p><a href=\"https:\/\/paryskiesalonyromantykow.pl\/index.php\/cyprian-norwid-do-mego-brata-ludwika\/\" data-type=\"page\" data-id=\"1387\">Do mego brata Ludwika<\/a><br><a href=\"https:\/\/paryskiesalonyromantykow.pl\/index.php\/duch-adama-i-skandal\/\" data-type=\"page\" data-id=\"1390\">Duch Adama i skandal<\/a><br><a href=\"https:\/\/paryskiesalonyromantykow.pl\/index.php\/cyprian-norwid-cos-ty-atenom-zrobil-sokratesie\/\" data-type=\"page\" data-id=\"1393\">Co\u015b ty Atenom zrobi\u0142, Sokratesie<\/a><br><a href=\"https:\/\/paryskiesalonyromantykow.pl\/index.php\/cyprian-norwid-fortepian-szopena\/\" data-type=\"page\" data-id=\"1396\">Fortepian Szopena<\/a><br><a href=\"https:\/\/paryskiesalonyromantykow.pl\/index.php\/cyprian-norwid-czarne-kwiaty\/\" data-type=\"page\" data-id=\"1400\">Czarne kwiaty<\/a><\/p>\n\n\n\n<h2>Ludwik Norwid<\/h2>\n\n\n\n<p><a href=\"https:\/\/paryskiesalonyromantykow.pl\/index.php\/ludwik-norwid-cogito-ergo-sum\/\" data-type=\"page\" data-id=\"1403\">Cogito ergo sum<\/a><br><a href=\"https:\/\/paryskiesalonyromantykow.pl\/index.php\/ludwik-norwid-sit-tibi-terra-levis\/\" data-type=\"page\" data-id=\"1406\">Sit tibi terra levis<\/a><br><a href=\"https:\/\/paryskiesalonyromantykow.pl\/index.php\/ludwik-norwid-zaboj-slawoj-i-ludiek\/\" data-type=\"page\" data-id=\"1409\">Zab\u00f3j, S\u0142aw\u00f3j i Ludiek<\/a><br><a href=\"https:\/\/paryskiesalonyromantykow.pl\/index.php\/ludwik-norwid-dwie-prawdy\/\" data-type=\"page\" data-id=\"1412\">Dwie prawdy<\/a><\/p>\n\n\n\n<h2>Narcyza \u017bmichowska<\/h2>\n\n\n\n<p><a href=\"https:\/\/paryskiesalonyromantykow.pl\/index.php\/narcyza-zmichowska-szczescie-poety\/\" data-type=\"page\" data-id=\"1415\">Szcz\u0119\u015bcie poety<\/a><br><a href=\"https:\/\/paryskiesalonyromantykow.pl\/index.php\/narcyza-zmichowska-trzy-piesni-geslarza\/\" data-type=\"page\" data-id=\"1418\">Trzy pie\u015bni g\u0119\u015blarza<\/a><br><a href=\"https:\/\/paryskiesalonyromantykow.pl\/index.php\/narcyza-zmichowska-cobym-ci-chciala-dac\/\" data-type=\"page\" data-id=\"1421\">Cobym ci chcia\u0142a da\u0107?<\/a><br><a href=\"https:\/\/paryskiesalonyromantykow.pl\/index.php\/narcyza-zmichowska-do-moich-dziewczynek\/\" data-type=\"page\" data-id=\"1424\">Do moich dziewczynek<\/a><br><a href=\"https:\/\/paryskiesalonyromantykow.pl\/index.php\/narcyza-zmichowska-zniechecona\/\" data-type=\"page\" data-id=\"1427\">Zniech\u0119cona<\/a><br><a href=\"https:\/\/paryskiesalonyromantykow.pl\/index.php\/narcyza-zmichowska-czemu-mi-smutno\/\" data-type=\"page\" data-id=\"1430\">Czemu mi smutno?<\/a><br><a href=\"https:\/\/paryskiesalonyromantykow.pl\/index.php\/narcyza-zmichowska-dziwne-dziewcze\/\" data-type=\"page\" data-id=\"1433\">Dziwne dziewcz\u0119<\/a><br><a href=\"https:\/\/paryskiesalonyromantykow.pl\/index.php\/narcyza-zmichowska-mlodemu-artyscie-nieuzyteczna-przestroga\/\" data-type=\"page\" data-id=\"1436\">M\u0142odemu arty\u015bcie nieu\u017cyteczna przestroga<\/a><br><a href=\"https:\/\/paryskiesalonyromantykow.pl\/index.php\/narcyza-zmichowska-zaplakala-przezegnala\/\" data-type=\"page\" data-id=\"1439\">Zap\u0142aka\u0142a, prze\u017cegna\u0142a<\/a><br><a href=\"https:\/\/paryskiesalonyromantykow.pl\/index.php\/narcyza-zmichowska-pewnosc\/\" data-type=\"page\" data-id=\"1442\">Pewno\u015b\u0107<\/a><br><a href=\"https:\/\/paryskiesalonyromantykow.pl\/index.php\/narcyza-zmichowska-zaklecie\/\" data-type=\"page\" data-id=\"1445\">Zakl\u0119cie<\/a><\/p>\n\n\n\n<h2>George Byron<\/h2>\n\n\n\n<p><a href=\"https:\/\/paryskiesalonyromantykow.pl\/index.php\/george-byron-pozegnanie\/\" data-type=\"page\" data-id=\"1448\">Po\u017cegnanie<\/a><br><a href=\"https:\/\/paryskiesalonyromantykow.pl\/index.php\/george-byron-slonce-bezsennych\/\" data-type=\"page\" data-id=\"1451\">S\u0142o\u0144ce bezsennych<\/a><br><a href=\"https:\/\/paryskiesalonyromantykow.pl\/index.php\/george-byron-euthanasia\/\" data-type=\"page\" data-id=\"1454\">Euthanasia<\/a><br><a href=\"https:\/\/paryskiesalonyromantykow.pl\/index.php\/george-byron-do-siostry\/\" data-type=\"page\" data-id=\"1457\">Do siostry<\/a><br><a href=\"https:\/\/paryskiesalonyromantykow.pl\/index.php\/george-byron-o-ty-pieknosci-w-kwiecie-nam-porwana\/\" data-type=\"page\" data-id=\"1460\">O ty pi\u0119kno\u015bci! W kwiecie nam porwana<\/a><\/p>\n\n\n\n<h2>Percy Shelley<\/h2>\n\n\n\n<p><a href=\"https:\/\/paryskiesalonyromantykow.pl\/index.php\/percy-shelley-ozymandias\/\" data-type=\"page\" data-id=\"1463\">Ozymandias<\/a><br><a href=\"https:\/\/paryskiesalonyromantykow.pl\/index.php\/percy-shelley-chmura\/\" data-type=\"page\" data-id=\"1466\">Chmura<\/a><br><a href=\"https:\/\/paryskiesalonyromantykow.pl\/index.php\/percy-shelley-filozofia-milosci\/\" data-type=\"page\" data-id=\"1469\">Filozofia mi\u0142o\u015bci<\/a><br><a href=\"https:\/\/paryskiesalonyromantykow.pl\/index.php\/percy-shelley-magnetyzujaca-kobieta-do-swego-medyum\/\" data-type=\"page\" data-id=\"1472\">Magnetyzuj\u0105ca kobieta do swego medyum<\/a><br><a href=\"https:\/\/paryskiesalonyromantykow.pl\/index.php\/percy-shelley-anglia-w-roku-1819\/\" data-type=\"page\" data-id=\"1475\">Anglia w roku 1819<\/a><br><a href=\"https:\/\/paryskiesalonyromantykow.pl\/index.php\/percy-shelley-oda-do-wiatru-zachodniego\/\" data-type=\"page\" data-id=\"1478\">Oda do wiatru zachodniego<\/a><br><a href=\"https:\/\/paryskiesalonyromantykow.pl\/index.php\/percy-shelley-adonais\/\" data-type=\"page\" data-id=\"1552\">Adonais<\/a><\/p>\n\n\n\n<h2>John Keats<\/h2>\n\n\n\n<p><a href=\"https:\/\/paryskiesalonyromantykow.pl\/index.php\/john-keats-oda-do-melancholii\/\" data-type=\"page\" data-id=\"1481\">Oda do melancholii<\/a><br><a href=\"https:\/\/paryskiesalonyromantykow.pl\/index.php\/john-keats-do-samotnosci\/\" data-type=\"page\" data-id=\"1484\">Do samotno\u015bci<\/a><br><a href=\"https:\/\/paryskiesalonyromantykow.pl\/index.php\/john-keats-jasna-gwiazdo\/\" data-type=\"page\" data-id=\"1487\">Jasna gwiazdo<\/a><br><a href=\"https:\/\/paryskiesalonyromantykow.pl\/index.php\/john-keats-la-belle-dame-sans-merci\/\" data-type=\"page\" data-id=\"1490\">La Belle Dame Sans Merci<\/a><br><a href=\"https:\/\/paryskiesalonyromantykow.pl\/index.php\/john-keats-o-smierci\/\" data-type=\"page\" data-id=\"1493\">O \u015bmierci<\/a><\/p>\n","protected":false},"excerpt":{"rendered":"<p>Adam Mickiewicz Nad wod\u0105 wielk\u0105 i czyst\u0105\u2026WidzenieGdy tu m\u00f3j trup&#8230;Do Bohdana Zaleskiego (S\u0142owiczku m\u00f3j\u2026)Sk\u0142ad zasad Juliusz S\u0142owacki Pan TadeuszDziadyKonrad WallenrodWallenrodWalter StadionDo Ludwika NorwidaDo Ludwika Norwida w braterstwie idei \u015bwi\u0119tejDo pani Joanny BobrowejDo Ludwiki Bobr\u00f3wnyDziecina Lolka na rzymskich mogi\u0142ach\u2026W pami\u0119tniku Zofii Bobr\u00f3wnyDo Z. Krasi\u0144skiegoW albumie E. hr. Krasi\u0144skiejCh\u00f3r duch\u00f3w izraelskichMatecznikM\u00f3j AdamitoWielcy\u015bmy byli i \u015bmieszni\u015bmy byli\u2026Do pastereczki, [&hellip;]<\/p>\n","protected":false},"author":1,"featured_media":0,"parent":0,"menu_order":0,"comment_status":"closed","ping_status":"closed","template":"","meta":[],"_links":{"self":[{"href":"https:\/\/paryskiesalonyromantykow.pl\/index.php\/wp-json\/wp\/v2\/pages\/1314"}],"collection":[{"href":"https:\/\/paryskiesalonyromantykow.pl\/index.php\/wp-json\/wp\/v2\/pages"}],"about":[{"href":"https:\/\/paryskiesalonyromantykow.pl\/index.php\/wp-json\/wp\/v2\/types\/page"}],"author":[{"embeddable":true,"href":"https:\/\/paryskiesalonyromantykow.pl\/index.php\/wp-json\/wp\/v2\/users\/1"}],"replies":[{"embeddable":true,"href":"https:\/\/paryskiesalonyromantykow.pl\/index.php\/wp-json\/wp\/v2\/comments?post=1314"}],"version-history":[{"count":3,"href":"https:\/\/paryskiesalonyromantykow.pl\/index.php\/wp-json\/wp\/v2\/pages\/1314\/revisions"}],"predecessor-version":[{"id":1555,"href":"https:\/\/paryskiesalonyromantykow.pl\/index.php\/wp-json\/wp\/v2\/pages\/1314\/revisions\/1555"}],"wp:attachment":[{"href":"https:\/\/paryskiesalonyromantykow.pl\/index.php\/wp-json\/wp\/v2\/media?parent=1314"}],"curies":[{"name":"wp","href":"https:\/\/api.w.org\/{rel}","templated":true}]}}