{"id":1225,"date":"2021-01-17T10:49:20","date_gmt":"2021-01-17T09:49:20","guid":{"rendered":"http:\/\/paryskiesalonyromantykow.pl\/?page_id=1225"},"modified":"2021-01-17T10:56:21","modified_gmt":"2021-01-17T09:56:21","slug":"wladyslaw-wincenty-krasinski","status":"publish","type":"page","link":"https:\/\/paryskiesalonyromantykow.pl\/index.php\/wladyslaw-wincenty-krasinski\/","title":{"rendered":"W\u0142adys\u0142aw Wincenty Krasi\u0144ski"},"content":{"rendered":"\n<figure class=\"wp-block-table aligncenter is-style-stripes\"><table><tbody><tr><td class=\"has-text-align-left\" data-align=\"left\"><img loading=\"lazy\" width=\"1000\" height=\"1000\" class=\"wp-image-1226\" style=\"width: 200px;\" src=\"http:\/\/paryskiesalonyromantykow.pl\/wp-content\/uploads\/2021\/01\/pjimage-40.jpg\" alt=\"\" srcset=\"https:\/\/paryskiesalonyromantykow.pl\/wp-content\/uploads\/2021\/01\/pjimage-40.jpg 1000w, https:\/\/paryskiesalonyromantykow.pl\/wp-content\/uploads\/2021\/01\/pjimage-40-300x300.jpg 300w, https:\/\/paryskiesalonyromantykow.pl\/wp-content\/uploads\/2021\/01\/pjimage-40-150x150.jpg 150w, https:\/\/paryskiesalonyromantykow.pl\/wp-content\/uploads\/2021\/01\/pjimage-40-768x768.jpg 768w\" sizes=\"(max-width: 1000px) 100vw, 1000px\" \/><\/td><td>W\u0142adys\u0142aw Wincenty Adam Krasi\u0144ski<\/td><\/tr><tr><td class=\"has-text-align-left\" data-align=\"left\"><strong>Data i miejsce urodzenia<\/strong><\/td><td>27 wrze\u015bnia 1844 roku<br>Warszawa<\/td><\/tr><tr><td class=\"has-text-align-left\" data-align=\"left\"><strong>Data i miejsce \u015bmierci<\/strong><\/td><td>6 lutego 1873 roku<br>Mentona<\/td><\/tr><tr><td class=\"has-text-align-left\" data-align=\"left\"><strong>Rodzice<\/strong><\/td><td><a href=\"https:\/\/paryskiesalonyromantykow.pl\/index.php\/zygmunt-krasinski\/\">Zygmunt (1812-1859)<\/a><br><a href=\"http:\/\/paryskiesalonyromantykow.pl\/index.php\/eliza-krasinska\/\" data-type=\"page\" data-id=\"458\">Eliza z Branickich (1820-1876)<\/a><\/td><\/tr><tr><td class=\"has-text-align-left\" data-align=\"left\"><strong>Rodze\u0144stwo<\/strong><\/td><td>Zygmunt (1846-1867)<br><a href=\"http:\/\/paryskiesalonyromantykow.pl\/index.php\/maria-beatrix-krasinska\/\" data-type=\"page\" data-id=\"1229\">Maria Beatrix (1850-1884)<\/a><br>El\u017cbieta (1853-1857)<\/td><\/tr><tr><td class=\"has-text-align-left\" data-align=\"left\"><strong>\u017bona<\/strong><\/td><td>R\u00f3\u017ca z Potockich (1849-1937)<\/td><\/tr><tr><td class=\"has-text-align-left\" data-align=\"left\"><strong>Dzieci<\/strong><\/td><td>Adam (1870-1909)<br>El\u017cbieta (1871-1905)<br>Zofia (1873-1891)<\/td><\/tr><\/tbody><\/table><\/figure>\n\n\n\n<p>W\u0142adys\u0142aw Wincenty Krasi\u0144ski, prawnik, ekonomista i literat, by\u0142 najstarszym dzieckiem <a href=\"http:\/\/paryskiesalonyromantykow.pl\/index.php\/zygmunt-krasinski\/\" data-type=\"page\" data-id=\"494\">Zygmunta Krasi\u0144skiego<\/a>, ju\u017c wtedy s\u0142ynnego poety, i jego \u017cony <a href=\"http:\/\/paryskiesalonyromantykow.pl\/index.php\/eliza-krasinska\/\" data-type=\"page\" data-id=\"458\">Elizy z Branickich<\/a>. W\u0142adzio jednak nie nacieszy\u0142 si\u0119 obecno\u015bci\u0105 ojca &#8211; Zygmunt z rzadka bywa\u0142 w kraju, zaj\u0119ty podr\u00f3\u017cami dla poratowania zdrowia oraz sprawami politycznymi, a tak\u017ce rozpocz\u0119tym jeszcze przed \u015blubem romansem z <a href=\"http:\/\/paryskiesalonyromantykow.pl\/index.php\/delfina-potocka\/\" data-type=\"page\" data-id=\"489\">Delfin\u0105 Potock\u0105<\/a>. W dodatku dzieci chorowitego poety odziedziczy\u0142y po nim krucho\u015b\u0107 organizmu. W 1857 roku w wieku czterech zmar\u0142a najm\u0142odsza c\u00f3rka Zygmunta, nazwana na cze\u015b\u0107 matki Eliz\u0105. R\u00f3wnie\u017c dorastaj\u0105cy W\u0142adzio i jego brat Zygmunt Wincenty szybko zacz\u0119li wykazywa\u0107 pierwsze objawy gru\u017alicy.<\/p>\n\n\n\n<p>Gdy poeta zmar\u0142 w 1859 roku, jego \u017cona szybko wysz\u0142a za Ludwika Krasi\u0144skiego, kt\u00f3ry do kwestii wychowania swoich pasierb\u00f3w podszed\u0142 du\u017co powa\u017cniej ni\u017c ich rodzony ojciec. W\u0142adys\u0142aw zosta\u0142 wtedy III ordynatem Opinog\u00f3ry.<\/p>\n\n\n\n<p>Gdy wybuch\u0142o powstanie styczniowe, pracowa\u0142 w Pary\u017cu wsp\u00f3lnie z ksi\u0119ciem W\u0142adys\u0142awem Czartoryskim, po \u015bmierci ojca Adama Jerzego faktycznego przyw\u00f3dc\u0119 ugrupowania Hotelu Lambert, kt\u00f3ry zach\u0119ca\u0142 pa\u0144stwa zachodnie do wsp\u00f3\u0142pracy w sprawie polskiej.<\/p>\n\n\n\n<p>Po powrocie do kraju W\u0142adys\u0142aw Krasi\u0144ski postanowi\u0142 uporz\u0105dkowa\u0107 rodzinne ksi\u0119gozbiory, a nast\u0119pnie za\u0142o\u017cy\u0142 Bibliotek\u0119 ordynacji Krasi\u0144skich. Nied\u0142ugo p\u00f3\u017aniej wsp\u00f3lnie z W\u0142adys\u0142awem Chom\u0119towskim, bibliotekarzem rodziny Krasi\u0144skich, rozpocz\u0119li wydawnictwo Biblioteki ord. Krasi\u0144skich.<br>W tym samym czasie, w 1868 roku W\u0142adys\u0142aw Krasi\u0144ski po\u015blubi\u0142 R\u00f3\u017c\u0119 z Potockich, notabene swoj\u0105 kuzynk\u0119 pierwszego stopnia (Katarzyna, matka R\u00f3\u017cy, i Eliza Krasi\u0144ska by\u0142y siostrami). Mimo do\u015b\u0107 kr\u00f3tkiego sta\u017cu ma\u0142\u017conkowie doczekali si\u0119 trojga dzieci &#8211; Adama, El\u017cbiety i Zofii.<\/p>\n\n\n\n<p>W\u0142adys\u0142aw zmar\u0142 na gru\u017alic\u0119 w wieku zaledwie 28 lat. Po jego \u015bmierci ordynatem opinog\u00f3rskim zosta\u0142 jego dwuletni syn Adam, a R\u00f3\u017ca wysz\u0142a za wdowca po siostrze W\u0142adys\u0142awa, Marii Beatrix.<\/p>\n","protected":false},"excerpt":{"rendered":"<p>W\u0142adys\u0142aw Wincenty Adam Krasi\u0144ski Data i miejsce urodzenia 27 wrze\u015bnia 1844 rokuWarszawa Data i miejsce \u015bmierci 6 lutego 1873 rokuMentona Rodzice Zygmunt (1812-1859)Eliza z Branickich (1820-1876) Rodze\u0144stwo Zygmunt (1846-1867)Maria Beatrix (1850-1884)El\u017cbieta (1853-1857) \u017bona R\u00f3\u017ca z Potockich (1849-1937) Dzieci Adam (1870-1909)El\u017cbieta (1871-1905)Zofia (1873-1891) W\u0142adys\u0142aw Wincenty Krasi\u0144ski, prawnik, ekonomista i literat, by\u0142 najstarszym dzieckiem Zygmunta Krasi\u0144skiego, ju\u017c [&hellip;]<\/p>\n","protected":false},"author":1,"featured_media":0,"parent":0,"menu_order":0,"comment_status":"closed","ping_status":"closed","template":"","meta":[],"_links":{"self":[{"href":"https:\/\/paryskiesalonyromantykow.pl\/index.php\/wp-json\/wp\/v2\/pages\/1225"}],"collection":[{"href":"https:\/\/paryskiesalonyromantykow.pl\/index.php\/wp-json\/wp\/v2\/pages"}],"about":[{"href":"https:\/\/paryskiesalonyromantykow.pl\/index.php\/wp-json\/wp\/v2\/types\/page"}],"author":[{"embeddable":true,"href":"https:\/\/paryskiesalonyromantykow.pl\/index.php\/wp-json\/wp\/v2\/users\/1"}],"replies":[{"embeddable":true,"href":"https:\/\/paryskiesalonyromantykow.pl\/index.php\/wp-json\/wp\/v2\/comments?post=1225"}],"version-history":[{"count":2,"href":"https:\/\/paryskiesalonyromantykow.pl\/index.php\/wp-json\/wp\/v2\/pages\/1225\/revisions"}],"predecessor-version":[{"id":1234,"href":"https:\/\/paryskiesalonyromantykow.pl\/index.php\/wp-json\/wp\/v2\/pages\/1225\/revisions\/1234"}],"wp:attachment":[{"href":"https:\/\/paryskiesalonyromantykow.pl\/index.php\/wp-json\/wp\/v2\/media?parent=1225"}],"curies":[{"name":"wp","href":"https:\/\/api.w.org\/{rel}","templated":true}]}}